{"id":10377,"date":"2023-06-23T09:23:15","date_gmt":"2023-06-23T09:23:15","guid":{"rendered":"https:\/\/remar.ch\/participer\/"},"modified":"2025-08-11T14:03:04","modified_gmt":"2025-08-11T14:03:04","slug":"participer","status":"publish","type":"page","link":"https:\/\/remar.ch\/fr\/participer\/","title":{"rendered":"Participer"},"content":{"rendered":"\t\t<div data-elementor-type=\"wp-page\" data-elementor-id=\"10377\" class=\"elementor elementor-10377 elementor-2029\" data-elementor-post-type=\"page\">\n\t\t\t\t\t\t<section class=\"elementor-section elementor-top-section elementor-element elementor-element-1874b9ab elementor-section-boxed elementor-section-height-default elementor-section-height-default\" data-id=\"1874b9ab\" data-element_type=\"section\" data-e-type=\"section\">\n\t\t\t\t\t\t<div class=\"elementor-container elementor-column-gap-default\">\n\t\t\t\t\t<div class=\"elementor-column elementor-col-100 elementor-top-column elementor-element elementor-element-1a6e535f\" data-id=\"1a6e535f\" data-element_type=\"column\" data-e-type=\"column\">\n\t\t\t<div class=\"elementor-widget-wrap elementor-element-populated\">\n\t\t\t\t\t\t<div class=\"elementor-element elementor-element-3e0e2799 elementor-widget elementor-widget-heading\" data-id=\"3e0e2799\" data-element_type=\"widget\" data-e-type=\"widget\" data-widget_type=\"heading.default\">\n\t\t\t\t<div class=\"elementor-widget-container\">\n\t\t\t\t\t<h1 class=\"elementor-heading-title elementor-size-default\">Participer<\/h1>\t\t\t\t<\/div>\n\t\t\t\t<\/div>\n\t\t\t\t\t<\/div>\n\t\t<\/div>\n\t\t\t\t\t<\/div>\n\t\t<\/section>\n\t\t\t\t<section class=\"elementor-section elementor-top-section elementor-element elementor-element-1c5a7b60 elementor-section-full_width elementor-section-height-min-height elementor-section-height-default elementor-section-items-middle\" data-id=\"1c5a7b60\" data-element_type=\"section\" data-e-type=\"section\">\n\t\t\t\t\t\t<div class=\"elementor-container elementor-column-gap-default\">\n\t\t\t\t\t<div class=\"elementor-column elementor-col-100 elementor-top-column elementor-element elementor-element-17ae99ea\" data-id=\"17ae99ea\" data-element_type=\"column\" data-e-type=\"column\">\n\t\t\t<div class=\"elementor-widget-wrap elementor-element-populated\">\n\t\t\t\t\t\t<div class=\"elementor-element elementor-element-59953854 elementor--h-position-right elementor--v-position-bottom elementor-pagination-position-outside elementor-widget elementor-widget-slides\" data-id=\"59953854\" data-element_type=\"widget\" data-e-type=\"widget\" data-settings='{\"navigation\":\"dots\",\"autoplay_speed\":\"3500\",\"transition_speed\":1000,\"transition\":\"fade\",\"autoplay\":\"yes\",\"infinite\":\"yes\"}' data-widget_type=\"slides.default\">\n\t\t\t\t<div class=\"elementor-widget-container\">\n\t\t\t\t\t\t\t\t\t<div class=\"elementor-swiper\">\n\t\t\t\t\t<div class=\"elementor-slides-wrapper elementor-main-swiper swiper\" role=\"region\" aria-roledescription=\"carousel\" aria-label=\"Diapositives\" dir=\"ltr\" data-animation=\"fadeInUp\">\n\t\t\t\t<div class=\"swiper-wrapper elementor-slides\">\n\t\t\t\t\t\t\t\t\t\t<div class=\"elementor-repeater-item-348228a swiper-slide\" role=\"group\" aria-roledescription=\"slide\"><div class=\"swiper-slide-bg\" role=\"img\" aria-label=\"aktiv werden\"><\/div><a class=\"swiper-slide-inner\" href=\"https:\/\/remar.ch\/kontakt\/\"><div class=\"swiper-slide-contents\"><div class=\"elementor-button elementor-slide-button elementor-size-xl\">Prendre contact<\/div><\/div><\/a><\/div>\t\t\t\t<\/div>\n\t\t\t\t\t\t\t<\/div>\n\t\t\t\t<\/div>\n\t\t\t\t\t\t\t\t<\/div>\n\t\t\t\t<\/div>\n\t\t\t\t\t<\/div>\n\t\t<\/div>\n\t\t\t\t\t<\/div>\n\t\t<\/section>\n\t\t\t\t<section class=\"elementor-section elementor-top-section elementor-element elementor-element-34286d59 elementor-section-boxed elementor-section-height-default elementor-section-height-default\" data-id=\"34286d59\" data-element_type=\"section\" data-e-type=\"section\">\n\t\t\t\t\t\t<div class=\"elementor-container elementor-column-gap-default\">\n\t\t\t\t\t<div class=\"elementor-column elementor-col-100 elementor-top-column elementor-element elementor-element-3f0e7ec6\" data-id=\"3f0e7ec6\" data-element_type=\"column\" data-e-type=\"column\">\n\t\t\t<div class=\"elementor-widget-wrap elementor-element-populated\">\n\t\t\t\t\t\t<div class=\"elementor-element elementor-element-5a5e724a elementor-widget elementor-widget-text-editor\" data-id=\"5a5e724a\" data-element_type=\"widget\" data-e-type=\"widget\" data-widget_type=\"text-editor.default\">\n\t\t\t\t<div class=\"elementor-widget-container\">\n\t\t\t\t\t\t\t\t\t<p>Une question a &eacute;t&eacute; soulev&eacute;e ? Tu as une question ou une proposition d&rsquo;am&eacute;lioration ? Tu souhaites acheter des produits alimentaires ? Nous r&eacute;pondons volontiers &agrave; toutes les questions.   <\/p>\t\t\t\t\t\t\t\t<\/div>\n\t\t\t\t<\/div>\n\t\t\t\t<div class=\"elementor-element elementor-element-568a1a0f elementor-widget elementor-widget-heading\" data-id=\"568a1a0f\" data-element_type=\"widget\" data-e-type=\"widget\" data-widget_type=\"heading.default\">\n\t\t\t\t<div class=\"elementor-widget-container\">\n\t\t\t\t\t<h3 class=\"elementor-heading-title elementor-size-default\">Adresse<\/h3>\t\t\t\t<\/div>\n\t\t\t\t<\/div>\n\t\t\t\t<div class=\"elementor-element elementor-element-6be0e501 elementor-widget elementor-widget-text-editor\" data-id=\"6be0e501\" data-element_type=\"widget\" data-e-type=\"widget\" data-widget_type=\"text-editor.default\">\n\t\t\t\t<div class=\"elementor-widget-container\">\n\t\t\t\t\t\t\t\t\t<p>Bertschikerstrasse 2, CH-8620, Wetzikon<\/p>\t\t\t\t\t\t\t\t<\/div>\n\t\t\t\t<\/div>\n\t\t\t\t<div class=\"elementor-element elementor-element-f7fcb3b elementor-widget elementor-widget-heading\" data-id=\"f7fcb3b\" data-element_type=\"widget\" data-e-type=\"widget\" data-widget_type=\"heading.default\">\n\t\t\t\t<div class=\"elementor-widget-container\">\n\t\t\t\t\t<h3 class=\"elementor-heading-title elementor-size-default\">Appelle-nous<\/h3>\t\t\t\t<\/div>\n\t\t\t\t<\/div>\n\t\t\t\t<div class=\"elementor-element elementor-element-78a7557 elementor-widget elementor-widget-text-editor\" data-id=\"78a7557\" data-element_type=\"widget\" data-e-type=\"widget\" data-widget_type=\"text-editor.default\">\n\t\t\t\t<div class=\"elementor-widget-container\">\n\t\t\t\t\t\t\t\t\t<p>+41 58 255 55 80<\/p>\t\t\t\t\t\t\t\t<\/div>\n\t\t\t\t<\/div>\n\t\t\t\t<div class=\"elementor-element elementor-element-48943d4c elementor-align-left elementor-widget elementor-widget-button\" data-id=\"48943d4c\" data-element_type=\"widget\" data-e-type=\"widget\" data-widget_type=\"button.default\">\n\t\t\t\t<div class=\"elementor-widget-container\">\n\t\t\t\t\t\t\t\t\t<div class=\"elementor-button-wrapper\">\n\t\t\t\t\t<a class=\"elementor-button elementor-button-link elementor-size-sm\" href=\"https:\/\/remar.ch\/spenden\/\">\n\t\t\t\t\t\t<span class=\"elementor-button-content-wrapper\">\n\t\t\t\t\t\t\t\t\t<span class=\"elementor-button-text\">Faire un don maintenant<\/span>\n\t\t\t\t\t<\/span>\n\t\t\t\t\t<\/a>\n\t\t\t\t<\/div>\n\t\t\t\t\t\t\t\t<\/div>\n\t\t\t\t<\/div>\n\t\t\t\t\t<\/div>\n\t\t<\/div>\n\t\t\t\t\t<\/div>\n\t\t<\/section>\n\t\t\t\t<section class=\"elementor-section elementor-top-section elementor-element elementor-element-9d8c4de elementor-section-boxed elementor-section-height-default elementor-section-height-default\" data-id=\"9d8c4de\" data-element_type=\"section\" data-e-type=\"section\">\n\t\t\t\t\t\t<div class=\"elementor-container elementor-column-gap-default\">\n\t\t\t\t\t<div class=\"elementor-column elementor-col-100 elementor-top-column elementor-element elementor-element-51e92be1\" data-id=\"51e92be1\" data-element_type=\"column\" data-e-type=\"column\" data-settings='{\"background_background\":\"classic\"}'>\n\t\t\t<div class=\"elementor-widget-wrap elementor-element-populated\">\n\t\t\t\t\t\t<div class=\"elementor-element elementor-element-9ca7c15 elementor-widget-divider--view-line_text elementor-widget-divider--element-align-left elementor-widget elementor-widget-divider\" data-id=\"9ca7c15\" data-element_type=\"widget\" data-e-type=\"widget\" data-settings='{\"motion_fx_motion_fx_scrolling\":\"yes\",\"motion_fx_translateX_effect\":\"yes\",\"motion_fx_translateX_speed\":{\"unit\":\"px\",\"size\":\"1\",\"sizes\":[]},\"motion_fx_translateX_affectedRange\":{\"unit\":\"%\",\"size\":\"\",\"sizes\":{\"start\":\"0\",\"end\":\"50\"}},\"motion_fx_devices\":[\"desktop\",\"tablet\"]}' data-widget_type=\"divider.default\">\n\t\t\t\t<div class=\"elementor-widget-container\">\n\t\t\t\t\t\t\t<div class=\"elementor-divider\">\n\t\t\t<span class=\"elementor-divider-separator\">\n\t\t\t\t\t\t\t<span class=\"elementor-divider__text elementor-divider__element\">\n\t\t\t\t<b>Formulaire de contact<\/b> \t\t\t\t<\/span>\n\t\t\t\t\t\t<\/span>\n\t\t<\/div>\n\t\t\t\t\t\t<\/div>\n\t\t\t\t<\/div>\n\t\t\t\t\t<\/div>\n\t\t<\/div>\n\t\t\t\t\t<\/div>\n\t\t<\/section>\n\t\t\t\t<section class=\"elementor-section elementor-top-section elementor-element elementor-element-2d7f696e elementor-section-boxed elementor-section-height-default elementor-section-height-default\" data-id=\"2d7f696e\" data-element_type=\"section\" data-e-type=\"section\">\n\t\t\t\t\t\t<div class=\"elementor-container elementor-column-gap-default\">\n\t\t\t\t\t<div class=\"elementor-column elementor-col-100 elementor-top-column elementor-element elementor-element-58cb268e\" data-id=\"58cb268e\" data-element_type=\"column\" data-e-type=\"column\" data-settings='{\"background_background\":\"classic\"}'>\n\t\t\t<div class=\"elementor-widget-wrap elementor-element-populated\">\n\t\t\t\t\t\t<div class=\"elementor-element elementor-element-1a5f60a elementor-button-align-end elementor-widget elementor-widget-form\" data-id=\"1a5f60a\" data-element_type=\"widget\" data-e-type=\"widget\" data-settings='{\"step_next_label\":\"Suivant\",\"step_previous_label\":\"Previous\",\"button_width\":\"100\",\"step_type\":\"number_text\",\"step_icon_shape\":\"circle\"}' data-widget_type=\"form.default\">\n\t\t\t\t<div class=\"elementor-widget-container\">\n\t\t\t\t\t\t\t<form class=\"elementor-form\" method=\"post\" name=\"Nouvelle forme\" aria-label=\"Nouvelle forme\">\n\t\t\t<input type=\"hidden\" name=\"post_id\" value=\"10377\">\n\t\t\t<input type=\"hidden\" name=\"form_id\" value=\"1a5f60a\">\n\t\t\t<input type=\"hidden\" name=\"referer_title\" value=\"Remar Suisse - Voici comment vous pouvez contribuer &agrave; des projets sociaux\">\n\n\t\t\t\t\t\t\t<input type=\"hidden\" name=\"queried_id\" value=\"10377\">\n\t\t\t\n\t\t\t<div class=\"elementor-form-fields-wrapper elementor-labels-above\">\n\t\t\t\t\t\t\t\t<div class=\"elementor-field-type-text elementor-field-group elementor-column elementor-field-group-name elementor-col-50 elementor-field-required elementor-mark-required\">\n\t\t\t\t\t\t\t\t\t\t\t\t<label for=\"form-field-name\" class=\"elementor-field-label\">\n\t\t\t\t\t\t\t\tVotre nom\t\t\t\t\t\t\t<\/label>\n\t\t\t\t\t\t\t\t\t\t\t\t\t\t<input size=\"1\" type=\"text\" name=\"form_fields[name]\" id=\"form-field-name\" class=\"elementor-field elementor-size-sm  elementor-field-textual\" required=\"required\">\n\t\t\t\t\t\t\t\t\t\t\t<\/div>\n\t\t\t\t\t\t\t\t<div class=\"elementor-field-type-email elementor-field-group elementor-column elementor-field-group-email elementor-col-50 elementor-field-required elementor-mark-required\">\n\t\t\t\t\t\t\t\t\t\t\t\t<label for=\"form-field-email\" class=\"elementor-field-label\">\n\t\t\t\t\t\t\t\tEmail\t\t\t\t\t\t\t<\/label>\n\t\t\t\t\t\t\t\t\t\t\t\t\t\t<input size=\"1\" type=\"email\" name=\"form_fields[email]\" id=\"form-field-email\" class=\"elementor-field elementor-size-sm  elementor-field-textual\" required=\"required\">\n\t\t\t\t\t\t\t\t\t\t\t<\/div>\n\t\t\t\t\t\t\t\t<div class=\"elementor-field-type-tel elementor-field-group elementor-column elementor-field-group-field_084fc5e elementor-col-50\">\n\t\t\t\t\t\t\t\t\t\t\t\t<label for=\"form-field-field_084fc5e\" class=\"elementor-field-label\">\n\t\t\t\t\t\t\t\tNum&eacute;ro de t&eacute;l&eacute;phone\t\t\t\t\t\t\t<\/label>\n\t\t\t\t\t\t\t\t<input size=\"1\" type=\"tel\" name=\"form_fields[field_084fc5e]\" id=\"form-field-field_084fc5e\" class=\"elementor-field elementor-size-sm  elementor-field-textual\" pattern=\"[0-9()#&amp;+*-=.]+\" title=\"Seuls les caract&egrave;res de num&eacute;ros de t&eacute;l&eacute;phone (#, -, *, etc.) sont accept&eacute;s.\">\n\n\t\t\t\t\t\t<\/div>\n\t\t\t\t\t\t\t\t<div class=\"elementor-field-type-text elementor-field-group elementor-column elementor-field-group-field_dd8a265 elementor-col-50 elementor-field-required elementor-mark-required\">\n\t\t\t\t\t\t\t\t\t\t\t\t<label for=\"form-field-field_dd8a265\" class=\"elementor-field-label\">\n\t\t\t\t\t\t\t\tRue \/ num&eacute;ro de maison\t\t\t\t\t\t\t<\/label>\n\t\t\t\t\t\t\t\t\t\t\t\t\t\t<input size=\"1\" type=\"text\" name=\"form_fields[field_dd8a265]\" id=\"form-field-field_dd8a265\" class=\"elementor-field elementor-size-sm  elementor-field-textual\" required=\"required\">\n\t\t\t\t\t\t\t\t\t\t\t<\/div>\n\t\t\t\t\t\t\t\t<div class=\"elementor-field-type-text elementor-field-group elementor-column elementor-field-group-field_c2c91c2 elementor-col-50 elementor-field-required elementor-mark-required\">\n\t\t\t\t\t\t\t\t\t\t\t\t<label for=\"form-field-field_c2c91c2\" class=\"elementor-field-label\">\n\t\t\t\t\t\t\t\tNPA Lieu\t\t\t\t\t\t\t<\/label>\n\t\t\t\t\t\t\t\t\t\t\t\t\t\t<input size=\"1\" type=\"text\" name=\"form_fields[field_c2c91c2]\" id=\"form-field-field_c2c91c2\" class=\"elementor-field elementor-size-sm  elementor-field-textual\" required=\"required\">\n\t\t\t\t\t\t\t\t\t\t\t<\/div>\n\t\t\t\t\t\t\t\t<div class=\"elementor-field-type-upload elementor-field-group elementor-column elementor-field-group-field_65669cd elementor-col-50 elementor-field-required elementor-mark-required\">\n\t\t\t\t\t\t\t\t\t\t\t\t<label for=\"form-field-field_65669cd\" class=\"elementor-field-label\">\n\t\t\t\t\t\t\t\tTon CV (au format .pdf, .doc, .docx)  \t\t\t\t\t\t\t<\/label>\n\t\t\t\t\t\t\t\t<input type=\"file\" name=\"form_fields[field_65669cd]\" id=\"form-field-field_65669cd\" class=\"elementor-field elementor-size-sm  elementor-upload-field\" required=\"required\" data-maxsize=\"10\" data-maxsize-message=\"Ce fichier d&eacute;passe la taille maximale autoris&eacute;e.\">\n\n\t\t\t\t\t\t<\/div>\n\t\t\t\t\t\t\t\t<div class=\"elementor-field-type-textarea elementor-field-group elementor-column elementor-field-group-message elementor-col-100\">\n\t\t\t\t\t\t\t\t\t\t\t\t<label for=\"form-field-message\" class=\"elementor-field-label\">\n\t\t\t\t\t\t\t\tAs-tu quelque chose d'autre &agrave; nous dire ?  \t\t\t\t\t\t\t<\/label>\n\t\t\t\t\t\t<textarea class=\"elementor-field-textual elementor-field  elementor-size-sm\" name=\"form_fields[message]\" id=\"form-field-message\" rows=\"4\"><\/textarea>\t\t\t\t<\/div>\n\t\t\t\t\t\t\t\t<div class=\"elementor-field-type-acceptance elementor-field-group elementor-column elementor-field-group-field_8a1db52 elementor-col-100 elementor-field-required elementor-mark-required\">\n\t\t\t\t\t\t\t<div class=\"elementor-field-subgroup\">\n\t\t\t<span class=\"elementor-field-option\">\n\t\t\t\t<input type=\"checkbox\" name=\"form_fields[field_8a1db52]\" id=\"form-field-field_8a1db52\" class=\"elementor-field elementor-size-sm  elementor-acceptance-field\" required=\"required\">\n\t\t\t\t<label for=\"form-field-field_8a1db52\">En envoyant ce formulaire, vous acceptez que nous enregistrions les donn&eacute;es fournies afin que nous puissions vous contacter.<\/label>\t\t\t<\/span>\n\t\t<\/div>\n\t\t\t\t\t\t<\/div>\n\t\t\t\t\t\t\t\t<div class=\"elementor-field-group elementor-column elementor-field-type-submit elementor-col-100 e-form__buttons\">\n\t\t\t\t\t<button class=\"elementor-button elementor-size-sm\" type=\"submit\">\n\t\t\t\t\t\t<span class=\"elementor-button-content-wrapper\">\n\t\t\t\t\t\t\t\t\t\t\t\t\t\t\t\t\t\t\t\t\t\t<span class=\"elementor-button-text\">Envoyer<\/span>\n\t\t\t\t\t\t\t\t\t\t\t\t\t<\/span>\n\t\t\t\t\t<\/button>\n\t\t\t\t<\/div>\n\t\t\t<\/div>\n\t\t<\/form>\n\t\t\t\t\t\t<\/div>\n\t\t\t\t<\/div>\n\t\t\t\t\t<\/div>\n\t\t<\/div>\n\t\t\t\t\t<\/div>\n\t\t<\/section>\n\t\t\t\t<\/div>\n\t\t","protected":false},"excerpt":{"rendered":"<p>Participer Prendre contact Une question a \u00e9t\u00e9 soulev\u00e9e ? Tu as une question ou une proposition d&rsquo;am\u00e9lioration ? Tu souhaites acheter des produits alimentaires ? Nous r\u00e9pondons volontiers \u00e0 toutes les questions. Adresse Bertschikerstrasse 2, CH-8620, Wetzikon Appelle-nous +41 58 255 55 80 Faire un don maintenant Formulaire de contact<\/p>\n","protected":false},"author":1,"featured_media":0,"parent":0,"menu_order":0,"comment_status":"closed","ping_status":"closed","template":"","meta":{"_acf_changed":false,"footnotes":""},"class_list":["post-10377","page","type-page","status-publish","hentry"],"acf":[],"yoast_head":"<!-- This site is optimized with the Yoast SEO plugin v27.4 - https:\/\/yoast.com\/product\/yoast-seo-wordpress\/ -->\n<title>Remar Suisse - Voici comment vous pouvez contribuer \u00e0 des projets sociaux<\/title>\n<meta name=\"description\" content=\"Chez Remar Suisse, nous vous offrons la possibilit\u00e9 de participer \u00e0 divers projets sociaux - service civil \u2713 r\u00e9habilitation \u2713 missions \u00e0 l&#039;\u00e9tranger.\" \/>\n<meta name=\"robots\" content=\"index, follow, max-snippet:-1, max-image-preview:large, max-video-preview:-1\" \/>\n<link rel=\"canonical\" href=\"https:\/\/remar.ch\/fr\/participer\/\" \/>\n<meta property=\"og:locale\" content=\"fr_FR\" \/>\n<meta property=\"og:type\" content=\"article\" \/>\n<meta property=\"og:title\" content=\"Remar Suisse - Voici comment vous pouvez contribuer \u00e0 des projets sociaux\" \/>\n<meta property=\"og:description\" content=\"Chez Remar Suisse, nous vous offrons la possibilit\u00e9 de participer \u00e0 divers projets sociaux - service civil \u2713 r\u00e9habilitation \u2713 missions \u00e0 l&#039;\u00e9tranger.\" \/>\n<meta property=\"og:url\" content=\"https:\/\/remar.ch\/fr\/participer\/\" \/>\n<meta property=\"og:site_name\" content=\"Seit 30 Jahren helfen wir bed\u00fcrftigen Menschen in 70 L\u00e4ndern\" \/>\n<meta property=\"article:publisher\" content=\"https:\/\/www.facebook.com\/RemarSchweiz\/?locale=de_DE\" \/>\n<meta property=\"article:modified_time\" content=\"2025-08-11T14:03:04+00:00\" \/>\n<meta name=\"twitter:card\" content=\"summary_large_image\" \/>\n<meta name=\"twitter:site\" content=\"@remar_schweiz\" \/>\n<script type=\"application\/ld+json\" class=\"yoast-schema-graph\">{\"@context\":\"https:\\\/\\\/schema.org\",\"@graph\":[{\"@type\":\"WebPage\",\"@id\":\"https:\\\/\\\/remar.ch\\\/fr\\\/participer\\\/\",\"url\":\"https:\\\/\\\/remar.ch\\\/fr\\\/participer\\\/\",\"name\":\"Remar Suisse - Voici comment vous pouvez contribuer \u00e0 des projets sociaux\",\"isPartOf\":{\"@id\":\"https:\\\/\\\/remar.ch\\\/fr\\\/#website\"},\"datePublished\":\"2023-06-23T09:23:15+00:00\",\"dateModified\":\"2025-08-11T14:03:04+00:00\",\"description\":\"Chez Remar Suisse, nous vous offrons la possibilit\u00e9 de participer \u00e0 divers projets sociaux - service civil \u2713 r\u00e9habilitation \u2713 missions \u00e0 l'\u00e9tranger.\",\"breadcrumb\":{\"@id\":\"https:\\\/\\\/remar.ch\\\/fr\\\/participer\\\/#breadcrumb\"},\"inLanguage\":\"fr-FR\",\"potentialAction\":[{\"@type\":\"ReadAction\",\"target\":[\"https:\\\/\\\/remar.ch\\\/fr\\\/participer\\\/\"]}]},{\"@type\":\"BreadcrumbList\",\"@id\":\"https:\\\/\\\/remar.ch\\\/fr\\\/participer\\\/#breadcrumb\",\"itemListElement\":[{\"@type\":\"ListItem\",\"position\":1,\"name\":\"Startseite\",\"item\":\"https:\\\/\\\/remar.ch\\\/fr\\\/\"},{\"@type\":\"ListItem\",\"position\":2,\"name\":\"Participer\"}]},{\"@type\":\"WebSite\",\"@id\":\"https:\\\/\\\/remar.ch\\\/fr\\\/#website\",\"url\":\"https:\\\/\\\/remar.ch\\\/fr\\\/\",\"name\":\"Remar.ch\",\"description\":\"Jede Mithilfe und Spende z\u00e4hlt\",\"publisher\":{\"@id\":\"https:\\\/\\\/remar.ch\\\/fr\\\/#organization\"},\"potentialAction\":[{\"@type\":\"SearchAction\",\"target\":{\"@type\":\"EntryPoint\",\"urlTemplate\":\"https:\\\/\\\/remar.ch\\\/fr\\\/?s={search_term_string}\"},\"query-input\":{\"@type\":\"PropertyValueSpecification\",\"valueRequired\":true,\"valueName\":\"search_term_string\"}}],\"inLanguage\":\"fr-FR\"},{\"@type\":\"Organization\",\"@id\":\"https:\\\/\\\/remar.ch\\\/fr\\\/#organization\",\"name\":\"Remar\",\"url\":\"https:\\\/\\\/remar.ch\\\/fr\\\/\",\"logo\":{\"@type\":\"ImageObject\",\"inLanguage\":\"fr-FR\",\"@id\":\"https:\\\/\\\/remar.ch\\\/fr\\\/#\\\/schema\\\/logo\\\/image\\\/\",\"url\":\"https:\\\/\\\/remar.ch\\\/wp-content\\\/uploads\\\/2022\\\/09\\\/d606e17e-4db0-b635-dd38-928593ec0e41.png\",\"contentUrl\":\"https:\\\/\\\/remar.ch\\\/wp-content\\\/uploads\\\/2022\\\/09\\\/d606e17e-4db0-b635-dd38-928593ec0e41.png\",\"width\":4850,\"height\":3203,\"caption\":\"Remar\"},\"image\":{\"@id\":\"https:\\\/\\\/remar.ch\\\/fr\\\/#\\\/schema\\\/logo\\\/image\\\/\"},\"sameAs\":[\"https:\\\/\\\/www.facebook.com\\\/RemarSchweiz\\\/?locale=de_DE\",\"https:\\\/\\\/x.com\\\/remar_schweiz\"]}]}<\/script>\n<!-- \/ Yoast SEO plugin. -->","yoast_head_json":{"title":"Remar Suisse - Voici comment vous pouvez contribuer \u00e0 des projets sociaux","description":"Chez Remar Suisse, nous vous offrons la possibilit\u00e9 de participer \u00e0 divers projets sociaux - service civil \u2713 r\u00e9habilitation \u2713 missions \u00e0 l'\u00e9tranger.","robots":{"index":"index","follow":"follow","max-snippet":"max-snippet:-1","max-image-preview":"max-image-preview:large","max-video-preview":"max-video-preview:-1"},"canonical":"https:\/\/remar.ch\/fr\/participer\/","og_locale":"fr_FR","og_type":"article","og_title":"Remar Suisse - Voici comment vous pouvez contribuer \u00e0 des projets sociaux","og_description":"Chez Remar Suisse, nous vous offrons la possibilit\u00e9 de participer \u00e0 divers projets sociaux - service civil \u2713 r\u00e9habilitation \u2713 missions \u00e0 l'\u00e9tranger.","og_url":"https:\/\/remar.ch\/fr\/participer\/","og_site_name":"Seit 30 Jahren helfen wir bed\u00fcrftigen Menschen in 70 L\u00e4ndern","article_publisher":"https:\/\/www.facebook.com\/RemarSchweiz\/?locale=de_DE","article_modified_time":"2025-08-11T14:03:04+00:00","twitter_card":"summary_large_image","twitter_site":"@remar_schweiz","schema":{"@context":"https:\/\/schema.org","@graph":[{"@type":"WebPage","@id":"https:\/\/remar.ch\/fr\/participer\/","url":"https:\/\/remar.ch\/fr\/participer\/","name":"Remar Suisse - Voici comment vous pouvez contribuer \u00e0 des projets sociaux","isPartOf":{"@id":"https:\/\/remar.ch\/fr\/#website"},"datePublished":"2023-06-23T09:23:15+00:00","dateModified":"2025-08-11T14:03:04+00:00","description":"Chez Remar Suisse, nous vous offrons la possibilit\u00e9 de participer \u00e0 divers projets sociaux - service civil \u2713 r\u00e9habilitation \u2713 missions \u00e0 l'\u00e9tranger.","breadcrumb":{"@id":"https:\/\/remar.ch\/fr\/participer\/#breadcrumb"},"inLanguage":"fr-FR","potentialAction":[{"@type":"ReadAction","target":["https:\/\/remar.ch\/fr\/participer\/"]}]},{"@type":"BreadcrumbList","@id":"https:\/\/remar.ch\/fr\/participer\/#breadcrumb","itemListElement":[{"@type":"ListItem","position":1,"name":"Startseite","item":"https:\/\/remar.ch\/fr\/"},{"@type":"ListItem","position":2,"name":"Participer"}]},{"@type":"WebSite","@id":"https:\/\/remar.ch\/fr\/#website","url":"https:\/\/remar.ch\/fr\/","name":"Remar.ch","description":"Jede Mithilfe und Spende z\u00e4hlt","publisher":{"@id":"https:\/\/remar.ch\/fr\/#organization"},"potentialAction":[{"@type":"SearchAction","target":{"@type":"EntryPoint","urlTemplate":"https:\/\/remar.ch\/fr\/?s={search_term_string}"},"query-input":{"@type":"PropertyValueSpecification","valueRequired":true,"valueName":"search_term_string"}}],"inLanguage":"fr-FR"},{"@type":"Organization","@id":"https:\/\/remar.ch\/fr\/#organization","name":"Remar","url":"https:\/\/remar.ch\/fr\/","logo":{"@type":"ImageObject","inLanguage":"fr-FR","@id":"https:\/\/remar.ch\/fr\/#\/schema\/logo\/image\/","url":"https:\/\/remar.ch\/wp-content\/uploads\/2022\/09\/d606e17e-4db0-b635-dd38-928593ec0e41.png","contentUrl":"https:\/\/remar.ch\/wp-content\/uploads\/2022\/09\/d606e17e-4db0-b635-dd38-928593ec0e41.png","width":4850,"height":3203,"caption":"Remar"},"image":{"@id":"https:\/\/remar.ch\/fr\/#\/schema\/logo\/image\/"},"sameAs":["https:\/\/www.facebook.com\/RemarSchweiz\/?locale=de_DE","https:\/\/x.com\/remar_schweiz"]}]}},"_links":{"self":[{"href":"https:\/\/remar.ch\/fr\/wp-json\/wp\/v2\/pages\/10377","targetHints":{"allow":["GET"]}}],"collection":[{"href":"https:\/\/remar.ch\/fr\/wp-json\/wp\/v2\/pages"}],"about":[{"href":"https:\/\/remar.ch\/fr\/wp-json\/wp\/v2\/types\/page"}],"author":[{"embeddable":true,"href":"https:\/\/remar.ch\/fr\/wp-json\/wp\/v2\/users\/1"}],"replies":[{"embeddable":true,"href":"https:\/\/remar.ch\/fr\/wp-json\/wp\/v2\/comments?post=10377"}],"version-history":[{"count":1,"href":"https:\/\/remar.ch\/fr\/wp-json\/wp\/v2\/pages\/10377\/revisions"}],"predecessor-version":[{"id":10378,"href":"https:\/\/remar.ch\/fr\/wp-json\/wp\/v2\/pages\/10377\/revisions\/10378"}],"wp:attachment":[{"href":"https:\/\/remar.ch\/fr\/wp-json\/wp\/v2\/media?parent=10377"}],"curies":[{"name":"wp","href":"https:\/\/api.w.org\/{rel}","templated":true}]}}