{"id":10396,"date":"2022-10-07T08:40:14","date_gmt":"2022-10-07T08:40:14","guid":{"rendered":"https:\/\/remar.ch\/mentions-legales\/"},"modified":"2025-08-11T14:03:15","modified_gmt":"2025-08-11T14:03:15","slug":"mentions-legales","status":"publish","type":"page","link":"https:\/\/remar.ch\/fr\/mentions-legales\/","title":{"rendered":"Mentions l\u00e9gales"},"content":{"rendered":"\t\t<div data-elementor-type=\"wp-page\" data-elementor-id=\"10396\" class=\"elementor elementor-10396 elementor-981\" data-elementor-post-type=\"page\">\n\t\t\t\t\t\t<section class=\"elementor-section elementor-top-section elementor-element elementor-element-320e238 elementor-section-boxed elementor-section-height-default elementor-section-height-default\" data-id=\"320e238\" data-element_type=\"section\" data-e-type=\"section\">\n\t\t\t\t\t\t<div class=\"elementor-container elementor-column-gap-default\">\n\t\t\t\t\t<div class=\"elementor-column elementor-col-33 elementor-top-column elementor-element elementor-element-896cfe\" data-id=\"896cfe\" data-element_type=\"column\" data-e-type=\"column\" data-settings='{\"background_background\":\"gradient\"}'>\n\t\t\t<div class=\"elementor-widget-wrap\">\n\t\t\t\t\t\t\t<\/div>\n\t\t<\/div>\n\t\t\t\t<div class=\"elementor-column elementor-col-33 elementor-top-column elementor-element elementor-element-27f6131b\" data-id=\"27f6131b\" data-element_type=\"column\" data-e-type=\"column\">\n\t\t\t<div class=\"elementor-widget-wrap elementor-element-populated\">\n\t\t\t\t\t\t<div class=\"elementor-element elementor-element-42d22a53 elementor-widget elementor-widget-heading\" data-id=\"42d22a53\" data-element_type=\"widget\" data-e-type=\"widget\" data-widget_type=\"heading.default\">\n\t\t\t\t<div class=\"elementor-widget-container\">\n\t\t\t\t\t<h1 class=\"elementor-heading-title elementor-size-default\">Mentions l&eacute;gales<\/h1>\t\t\t\t<\/div>\n\t\t\t\t<\/div>\n\t\t\t\t\t<\/div>\n\t\t<\/div>\n\t\t\t\t<div class=\"elementor-column elementor-col-33 elementor-top-column elementor-element elementor-element-698ec92c\" data-id=\"698ec92c\" data-element_type=\"column\" data-e-type=\"column\" data-settings='{\"background_background\":\"gradient\"}'>\n\t\t\t<div class=\"elementor-widget-wrap\">\n\t\t\t\t\t\t\t<\/div>\n\t\t<\/div>\n\t\t\t\t\t<\/div>\n\t\t<\/section>\n\t\t\t\t<section class=\"elementor-section elementor-top-section elementor-element elementor-element-4427df26 elementor-section-boxed elementor-section-height-default elementor-section-height-default\" data-id=\"4427df26\" data-element_type=\"section\" data-e-type=\"section\">\n\t\t\t\t\t\t<div class=\"elementor-container elementor-column-gap-default\">\n\t\t\t\t\t<div class=\"elementor-column elementor-col-100 elementor-top-column elementor-element elementor-element-66708f38\" data-id=\"66708f38\" data-element_type=\"column\" data-e-type=\"column\">\n\t\t\t<div class=\"elementor-widget-wrap elementor-element-populated\">\n\t\t\t\t\t\t<div class=\"elementor-element elementor-element-136aea94 elementor-widget elementor-widget-text-editor\" data-id=\"136aea94\" data-element_type=\"widget\" data-e-type=\"widget\" data-widget_type=\"text-editor.default\">\n\t\t\t\t<div class=\"elementor-widget-container\">\n\t\t\t\t\t\t\t\t\t<p><strong>Remar (Suisse)<\/strong><\/p><p><strong>Directeur g&eacute;n&eacute;ral<br><\/strong>Paulo Oliveira<\/p><p>Bertschikerstrasse 2<br>8620 Wetzikon<\/p><p>T&eacute;l&eacute;phone : (CH) +41 58 255 55 80<\/p><p>Courrier &eacute;lectronique : info@remar.ch<\/p><p><strong>Inscription au registre :<br><\/strong>Registre du commerce n&deg; CHE-106.100.066<\/p>\t\t\t\t\t\t\t\t<\/div>\n\t\t\t\t<\/div>\n\t\t\t\t\t<\/div>\n\t\t<\/div>\n\t\t\t\t\t<\/div>\n\t\t<\/section>\n\t\t\t\t<section class=\"elementor-section elementor-top-section elementor-element elementor-element-1fe3be0a elementor-section-boxed elementor-section-height-default elementor-section-height-default\" data-id=\"1fe3be0a\" data-element_type=\"section\" data-e-type=\"section\" data-settings='{\"background_background\":\"classic\"}'>\n\t\t\t\t\t\t<div class=\"elementor-container elementor-column-gap-default\">\n\t\t\t\t\t<div class=\"elementor-column elementor-col-100 elementor-top-column elementor-element elementor-element-55074755\" data-id=\"55074755\" data-element_type=\"column\" data-e-type=\"column\">\n\t\t\t<div class=\"elementor-widget-wrap\">\n\t\t\t\t\t\t\t<\/div>\n\t\t<\/div>\n\t\t\t\t\t<\/div>\n\t\t<\/section>\n\t\t\t\t<\/div>\n\t\t","protected":false},"excerpt":{"rendered":"<p>Mentions l\u00e9gales Remar (Suisse) Directeur g\u00e9n\u00e9ralPaulo Oliveira Bertschikerstrasse 28620 Wetzikon T\u00e9l\u00e9phone : (CH) +41 58 255 55 80 Courrier \u00e9lectronique : info@remar.ch Inscription au registre :Registre du commerce n\u00b0 CHE-106.100.066<\/p>\n","protected":false},"author":1,"featured_media":0,"parent":0,"menu_order":0,"comment_status":"closed","ping_status":"closed","template":"","meta":{"_acf_changed":false,"footnotes":""},"class_list":["post-10396","page","type-page","status-publish","hentry"],"acf":[],"yoast_head":"<!-- This site is optimized with the Yoast SEO plugin v27.4 - https:\/\/yoast.com\/product\/yoast-seo-wordpress\/ -->\n<title>Mentions l\u00e9gales - Seit 30 Jahren helfen wir bed\u00fcrftigen Menschen in 70 L\u00e4ndern<\/title>\n<meta name=\"robots\" content=\"noindex, follow\" \/>\n<meta property=\"og:locale\" content=\"fr_FR\" \/>\n<meta property=\"og:type\" content=\"article\" \/>\n<meta property=\"og:title\" content=\"Mentions l\u00e9gales - Seit 30 Jahren helfen wir bed\u00fcrftigen Menschen in 70 L\u00e4ndern\" \/>\n<meta property=\"og:description\" content=\"Mentions l\u00e9gales Remar (Suisse) Directeur g\u00e9n\u00e9ralPaulo Oliveira Bertschikerstrasse 28620 Wetzikon T\u00e9l\u00e9phone : (CH) +41 58 255 55 80 Courrier \u00e9lectronique : info@remar.ch Inscription au registre :Registre du commerce n\u00b0 CHE-106.100.066\" \/>\n<meta property=\"og:url\" content=\"https:\/\/remar.ch\/fr\/mentions-legales\/\" \/>\n<meta property=\"og:site_name\" content=\"Seit 30 Jahren helfen wir bed\u00fcrftigen Menschen in 70 L\u00e4ndern\" \/>\n<meta property=\"article:publisher\" content=\"https:\/\/www.facebook.com\/RemarSchweiz\/?locale=de_DE\" \/>\n<meta property=\"article:modified_time\" content=\"2025-08-11T14:03:15+00:00\" \/>\n<meta name=\"twitter:card\" content=\"summary_large_image\" \/>\n<meta name=\"twitter:site\" content=\"@remar_schweiz\" \/>\n<script type=\"application\/ld+json\" class=\"yoast-schema-graph\">{\"@context\":\"https:\\\/\\\/schema.org\",\"@graph\":[{\"@type\":\"WebPage\",\"@id\":\"https:\\\/\\\/remar.ch\\\/fr\\\/mentions-legales\\\/\",\"url\":\"https:\\\/\\\/remar.ch\\\/fr\\\/mentions-legales\\\/\",\"name\":\"Mentions l\u00e9gales - Seit 30 Jahren helfen wir bed\u00fcrftigen Menschen in 70 L\u00e4ndern\",\"isPartOf\":{\"@id\":\"https:\\\/\\\/remar.ch\\\/fr\\\/#website\"},\"datePublished\":\"2022-10-07T08:40:14+00:00\",\"dateModified\":\"2025-08-11T14:03:15+00:00\",\"breadcrumb\":{\"@id\":\"https:\\\/\\\/remar.ch\\\/fr\\\/mentions-legales\\\/#breadcrumb\"},\"inLanguage\":\"fr-FR\",\"potentialAction\":[{\"@type\":\"ReadAction\",\"target\":[\"https:\\\/\\\/remar.ch\\\/fr\\\/mentions-legales\\\/\"]}]},{\"@type\":\"BreadcrumbList\",\"@id\":\"https:\\\/\\\/remar.ch\\\/fr\\\/mentions-legales\\\/#breadcrumb\",\"itemListElement\":[{\"@type\":\"ListItem\",\"position\":1,\"name\":\"Startseite\",\"item\":\"https:\\\/\\\/remar.ch\\\/fr\\\/\"},{\"@type\":\"ListItem\",\"position\":2,\"name\":\"Mentions l\u00e9gales\"}]},{\"@type\":\"WebSite\",\"@id\":\"https:\\\/\\\/remar.ch\\\/fr\\\/#website\",\"url\":\"https:\\\/\\\/remar.ch\\\/fr\\\/\",\"name\":\"Remar.ch\",\"description\":\"Jede Mithilfe und Spende z\u00e4hlt\",\"publisher\":{\"@id\":\"https:\\\/\\\/remar.ch\\\/fr\\\/#organization\"},\"potentialAction\":[{\"@type\":\"SearchAction\",\"target\":{\"@type\":\"EntryPoint\",\"urlTemplate\":\"https:\\\/\\\/remar.ch\\\/fr\\\/?s={search_term_string}\"},\"query-input\":{\"@type\":\"PropertyValueSpecification\",\"valueRequired\":true,\"valueName\":\"search_term_string\"}}],\"inLanguage\":\"fr-FR\"},{\"@type\":\"Organization\",\"@id\":\"https:\\\/\\\/remar.ch\\\/fr\\\/#organization\",\"name\":\"Remar\",\"url\":\"https:\\\/\\\/remar.ch\\\/fr\\\/\",\"logo\":{\"@type\":\"ImageObject\",\"inLanguage\":\"fr-FR\",\"@id\":\"https:\\\/\\\/remar.ch\\\/fr\\\/#\\\/schema\\\/logo\\\/image\\\/\",\"url\":\"https:\\\/\\\/remar.ch\\\/wp-content\\\/uploads\\\/2022\\\/09\\\/d606e17e-4db0-b635-dd38-928593ec0e41.png\",\"contentUrl\":\"https:\\\/\\\/remar.ch\\\/wp-content\\\/uploads\\\/2022\\\/09\\\/d606e17e-4db0-b635-dd38-928593ec0e41.png\",\"width\":4850,\"height\":3203,\"caption\":\"Remar\"},\"image\":{\"@id\":\"https:\\\/\\\/remar.ch\\\/fr\\\/#\\\/schema\\\/logo\\\/image\\\/\"},\"sameAs\":[\"https:\\\/\\\/www.facebook.com\\\/RemarSchweiz\\\/?locale=de_DE\",\"https:\\\/\\\/x.com\\\/remar_schweiz\"]}]}<\/script>\n<!-- \/ Yoast SEO plugin. -->","yoast_head_json":{"title":"Mentions l\u00e9gales - Seit 30 Jahren helfen wir bed\u00fcrftigen Menschen in 70 L\u00e4ndern","robots":{"index":"noindex","follow":"follow"},"og_locale":"fr_FR","og_type":"article","og_title":"Mentions l\u00e9gales - Seit 30 Jahren helfen wir bed\u00fcrftigen Menschen in 70 L\u00e4ndern","og_description":"Mentions l\u00e9gales Remar (Suisse) Directeur g\u00e9n\u00e9ralPaulo Oliveira Bertschikerstrasse 28620 Wetzikon T\u00e9l\u00e9phone : (CH) +41 58 255 55 80 Courrier \u00e9lectronique : info@remar.ch Inscription au registre :Registre du commerce n\u00b0 CHE-106.100.066","og_url":"https:\/\/remar.ch\/fr\/mentions-legales\/","og_site_name":"Seit 30 Jahren helfen wir bed\u00fcrftigen Menschen in 70 L\u00e4ndern","article_publisher":"https:\/\/www.facebook.com\/RemarSchweiz\/?locale=de_DE","article_modified_time":"2025-08-11T14:03:15+00:00","twitter_card":"summary_large_image","twitter_site":"@remar_schweiz","schema":{"@context":"https:\/\/schema.org","@graph":[{"@type":"WebPage","@id":"https:\/\/remar.ch\/fr\/mentions-legales\/","url":"https:\/\/remar.ch\/fr\/mentions-legales\/","name":"Mentions l\u00e9gales - Seit 30 Jahren helfen wir bed\u00fcrftigen Menschen in 70 L\u00e4ndern","isPartOf":{"@id":"https:\/\/remar.ch\/fr\/#website"},"datePublished":"2022-10-07T08:40:14+00:00","dateModified":"2025-08-11T14:03:15+00:00","breadcrumb":{"@id":"https:\/\/remar.ch\/fr\/mentions-legales\/#breadcrumb"},"inLanguage":"fr-FR","potentialAction":[{"@type":"ReadAction","target":["https:\/\/remar.ch\/fr\/mentions-legales\/"]}]},{"@type":"BreadcrumbList","@id":"https:\/\/remar.ch\/fr\/mentions-legales\/#breadcrumb","itemListElement":[{"@type":"ListItem","position":1,"name":"Startseite","item":"https:\/\/remar.ch\/fr\/"},{"@type":"ListItem","position":2,"name":"Mentions l\u00e9gales"}]},{"@type":"WebSite","@id":"https:\/\/remar.ch\/fr\/#website","url":"https:\/\/remar.ch\/fr\/","name":"Remar.ch","description":"Jede Mithilfe und Spende z\u00e4hlt","publisher":{"@id":"https:\/\/remar.ch\/fr\/#organization"},"potentialAction":[{"@type":"SearchAction","target":{"@type":"EntryPoint","urlTemplate":"https:\/\/remar.ch\/fr\/?s={search_term_string}"},"query-input":{"@type":"PropertyValueSpecification","valueRequired":true,"valueName":"search_term_string"}}],"inLanguage":"fr-FR"},{"@type":"Organization","@id":"https:\/\/remar.ch\/fr\/#organization","name":"Remar","url":"https:\/\/remar.ch\/fr\/","logo":{"@type":"ImageObject","inLanguage":"fr-FR","@id":"https:\/\/remar.ch\/fr\/#\/schema\/logo\/image\/","url":"https:\/\/remar.ch\/wp-content\/uploads\/2022\/09\/d606e17e-4db0-b635-dd38-928593ec0e41.png","contentUrl":"https:\/\/remar.ch\/wp-content\/uploads\/2022\/09\/d606e17e-4db0-b635-dd38-928593ec0e41.png","width":4850,"height":3203,"caption":"Remar"},"image":{"@id":"https:\/\/remar.ch\/fr\/#\/schema\/logo\/image\/"},"sameAs":["https:\/\/www.facebook.com\/RemarSchweiz\/?locale=de_DE","https:\/\/x.com\/remar_schweiz"]}]}},"_links":{"self":[{"href":"https:\/\/remar.ch\/fr\/wp-json\/wp\/v2\/pages\/10396","targetHints":{"allow":["GET"]}}],"collection":[{"href":"https:\/\/remar.ch\/fr\/wp-json\/wp\/v2\/pages"}],"about":[{"href":"https:\/\/remar.ch\/fr\/wp-json\/wp\/v2\/types\/page"}],"author":[{"embeddable":true,"href":"https:\/\/remar.ch\/fr\/wp-json\/wp\/v2\/users\/1"}],"replies":[{"embeddable":true,"href":"https:\/\/remar.ch\/fr\/wp-json\/wp\/v2\/comments?post=10396"}],"version-history":[{"count":1,"href":"https:\/\/remar.ch\/fr\/wp-json\/wp\/v2\/pages\/10396\/revisions"}],"predecessor-version":[{"id":10398,"href":"https:\/\/remar.ch\/fr\/wp-json\/wp\/v2\/pages\/10396\/revisions\/10398"}],"wp:attachment":[{"href":"https:\/\/remar.ch\/fr\/wp-json\/wp\/v2\/media?parent=10396"}],"curies":[{"name":"wp","href":"https:\/\/api.w.org\/{rel}","templated":true}]}}