{"id":10475,"date":"2022-09-30T08:52:34","date_gmt":"2022-09-30T08:52:34","guid":{"rendered":"https:\/\/remar.ch\/missions-a-letranger\/"},"modified":"2025-08-11T14:03:57","modified_gmt":"2025-08-11T14:03:57","slug":"missions-a-letranger","status":"publish","type":"page","link":"https:\/\/remar.ch\/fr\/missions-a-letranger\/","title":{"rendered":"Missions \u00e0 l&rsquo;\u00e9tranger"},"content":{"rendered":"\t\t<div data-elementor-type=\"wp-page\" data-elementor-id=\"10475\" class=\"elementor elementor-10475 elementor-120\" data-elementor-post-type=\"page\">\n\t\t\t\t\t\t<section class=\"elementor-section elementor-top-section elementor-element elementor-element-44390a93 elementor-section-boxed elementor-section-height-default elementor-section-height-default\" data-id=\"44390a93\" data-element_type=\"section\" data-e-type=\"section\">\n\t\t\t\t\t\t<div class=\"elementor-container elementor-column-gap-default\">\n\t\t\t\t\t<div class=\"elementor-column elementor-col-100 elementor-top-column elementor-element elementor-element-46e9fdaa\" data-id=\"46e9fdaa\" data-element_type=\"column\" data-e-type=\"column\">\n\t\t\t<div class=\"elementor-widget-wrap elementor-element-populated\">\n\t\t\t\t\t\t<div class=\"elementor-element elementor-element-5e5dc123 elementor-widget elementor-widget-heading\" data-id=\"5e5dc123\" data-element_type=\"widget\" data-e-type=\"widget\" data-widget_type=\"heading.default\">\n\t\t\t\t<div class=\"elementor-widget-container\">\n\t\t\t\t\t<h1 class=\"elementor-heading-title elementor-size-default\">Missions &agrave; l'&eacute;tranger<\/h1>\t\t\t\t<\/div>\n\t\t\t\t<\/div>\n\t\t\t\t\t<\/div>\n\t\t<\/div>\n\t\t\t\t\t<\/div>\n\t\t<\/section>\n\t\t\t\t<section class=\"elementor-section elementor-top-section elementor-element elementor-element-20c4bedc elementor-section-full_width elementor-section-height-min-height elementor-section-height-default elementor-section-items-middle\" data-id=\"20c4bedc\" data-element_type=\"section\" data-e-type=\"section\">\n\t\t\t\t\t\t<div class=\"elementor-container elementor-column-gap-default\">\n\t\t\t\t\t<div class=\"elementor-column elementor-col-100 elementor-top-column elementor-element elementor-element-35e47314\" data-id=\"35e47314\" data-element_type=\"column\" data-e-type=\"column\">\n\t\t\t<div class=\"elementor-widget-wrap elementor-element-populated\">\n\t\t\t\t\t\t<div class=\"elementor-element elementor-element-46ff737a elementor--h-position-right elementor--v-position-bottom elementor-pagination-position-outside elementor-widget elementor-widget-slides\" data-id=\"46ff737a\" data-element_type=\"widget\" data-e-type=\"widget\" data-settings='{\"navigation\":\"dots\",\"autoplay_speed\":\"3500\",\"transition_speed\":1000,\"transition\":\"fade\",\"autoplay\":\"yes\",\"infinite\":\"yes\"}' data-widget_type=\"slides.default\">\n\t\t\t\t<div class=\"elementor-widget-container\">\n\t\t\t\t\t\t\t\t\t<div class=\"elementor-swiper\">\n\t\t\t\t\t<div class=\"elementor-slides-wrapper elementor-main-swiper swiper\" role=\"region\" aria-roledescription=\"carousel\" aria-label=\"Diapositives\" dir=\"ltr\" data-animation=\"fadeInUp\">\n\t\t\t\t<div class=\"swiper-wrapper elementor-slides\">\n\t\t\t\t\t\t\t\t\t\t<div class=\"elementor-repeater-item-348228a swiper-slide\" role=\"group\" aria-roledescription=\"slide\"><div class=\"swiper-slide-bg\" role=\"img\" aria-label=\"auslandseinsatz\"><\/div><a class=\"swiper-slide-inner\" href=\"https:\/\/remar.ch\/fr\/contact\/\"><div class=\"swiper-slide-contents\"><div class=\"elementor-button elementor-slide-button elementor-size-xl\">Prendre contact<\/div><\/div><\/a><\/div>\t\t\t\t<\/div>\n\t\t\t\t\t\t\t<\/div>\n\t\t\t\t<\/div>\n\t\t\t\t\t\t\t\t<\/div>\n\t\t\t\t<\/div>\n\t\t\t\t\t<\/div>\n\t\t<\/div>\n\t\t\t\t\t<\/div>\n\t\t<\/section>\n\t\t\t\t<section class=\"elementor-section elementor-top-section elementor-element elementor-element-757cc886 elementor-section-boxed elementor-section-height-default elementor-section-height-default\" data-id=\"757cc886\" data-element_type=\"section\" data-e-type=\"section\">\n\t\t\t\t\t\t<div class=\"elementor-container elementor-column-gap-default\">\n\t\t\t\t\t<div class=\"elementor-column elementor-col-100 elementor-top-column elementor-element elementor-element-7e990f3f\" data-id=\"7e990f3f\" data-element_type=\"column\" data-e-type=\"column\">\n\t\t\t<div class=\"elementor-widget-wrap elementor-element-populated\">\n\t\t\t\t\t\t<div class=\"elementor-element elementor-element-7678c041 elementor-widget elementor-widget-heading\" data-id=\"7678c041\" data-element_type=\"widget\" data-e-type=\"widget\" data-widget_type=\"heading.default\">\n\t\t\t\t<div class=\"elementor-widget-container\">\n\t\t\t\t\t<h3 class=\"elementor-heading-title elementor-size-default\">Une &agrave; deux fois par an, des missions de courte dur&eacute;e sont organis&eacute;es en <b>Afrique de l'Ouest et en Am&eacute;rique du Sud (notamment au Burkina Faso) <\/b>.  <\/h3>\t\t\t\t<\/div>\n\t\t\t\t<\/div>\n\t\t\t\t<div class=\"elementor-element elementor-element-28d57028 elementor-widget elementor-widget-text-editor\" data-id=\"28d57028\" data-element_type=\"widget\" data-e-type=\"widget\" data-widget_type=\"text-editor.default\">\n\t\t\t\t<div class=\"elementor-widget-container\">\n\t\t\t\t\t\t\t\t\t<p>Les participants peuvent y respirer le vrai air REMAR, voir les projets sur place et mettre la main &agrave; la p&acirc;te.<\/p>\n<p>Un engagement &agrave; court terme dure environ 7 &agrave; 8 jours et comprend les points forts suivants :<br>&ndash; Visite des projets sur place<br>&ndash; Excursions communes (sightseeing)<br>&ndash; Visite de prisons avec distribution de nourriture \/ contact avec les d&eacute;tenus<br>&ndash; Entretien de relations avec les autorit&eacute;s et les responsables (entre autres les chefs de tribu) &ndash; Visite d&rsquo;un centre d&rsquo;accueil et d&rsquo;un centre de formation pour les jeunes. entre autres chefs de tribu)<br>&ndash; Services religieux<br>&ndash; Jouer avec les enfants<br>&ndash; Ex&eacute;cuter des travaux pratiques (p. ex. transformation et construction de b&acirc;timents)<br>&ndash; D&eacute;veloppement et am&eacute;lioration de projets nouveaux et existants, etc.<\/p>\n<h4 data-fontsize=\"18\" data-lineheight=\"27\"><span style=\"color: #579500;\">Qui peut venir ?<\/span><\/h4>\n<p>En principe, toute personne souhaitant d&eacute;couvrir (et soutenir) le travail de REMAR. Il faut &ecirc;tre en bonne sant&eacute; et &ecirc;tre pr&ecirc;t &agrave; travailler en &eacute;quipe et &agrave; vivre des choses passionnantes ensemble. Lors de la pr&eacute;paration, il faut organiser les visas et se renseigner sur les vaccinations et la malaria.  <\/p>\n<h4 data-fontsize=\"18\" data-lineheight=\"27\"><span style=\"color: #579500;\">Que dois-je savoir ?<\/span><\/h4>\n<p>L&rsquo;Afrique de l&rsquo;Ouest et l&rsquo;Am&eacute;rique du Sud sont des pays en d&eacute;veloppement. Il faut s&rsquo;attendre &agrave; rencontrer une mis&egrave;re humaine &agrave; laquelle l&rsquo;Europ&eacute;en occidental n&rsquo;est pas habitu&eacute;. Tout travail de d&eacute;veloppement a ses faiblesses, donc tout ne sera pas parfait non plus dans les projets REMAR. Les excursions dans les prisons ou les h&ocirc;pitaux peuvent &ecirc;tre tr&egrave;s &eacute;prouvantes sur le plan &eacute;motionnel. Mais au sein de l&rsquo;&eacute;quipe, on arrive &agrave; bien g&eacute;rer ces moments.<br>Outre les difficult&eacute;s, les aspects positifs l&rsquo;emportent. Des visages joyeux chez les enfants, de la danse, des jeux et de la musique, de superbes rencontres, des impressions fortes, la d&eacute;couverte de cultures &eacute;trang&egrave;res, etc.<br>De plus, nous sommes chaleureusement accueillis par nos h&ocirc;tes qui nous g&acirc;tent, par exemple, avec beaucoup de fruits frais.     <\/p>\t\t\t\t\t\t\t\t<\/div>\n\t\t\t\t<\/div>\n\t\t\t\t\t<\/div>\n\t\t<\/div>\n\t\t\t\t\t<\/div>\n\t\t<\/section>\n\t\t\t\t<section class=\"elementor-section elementor-top-section elementor-element elementor-element-28598dc9 elementor-section-boxed elementor-section-height-default elementor-section-height-default\" data-id=\"28598dc9\" data-element_type=\"section\" data-e-type=\"section\">\n\t\t\t\t\t\t<div class=\"elementor-container elementor-column-gap-default\">\n\t\t\t\t\t<div class=\"elementor-column elementor-col-100 elementor-top-column elementor-element elementor-element-2acdc922\" data-id=\"2acdc922\" data-element_type=\"column\" data-e-type=\"column\" data-settings='{\"background_background\":\"classic\"}'>\n\t\t\t<div class=\"elementor-widget-wrap elementor-element-populated\">\n\t\t\t\t\t\t<div class=\"elementor-element elementor-element-68cccc9a elementor-widget-divider--view-line_text elementor-widget-divider--element-align-left elementor-widget elementor-widget-divider\" data-id=\"68cccc9a\" data-element_type=\"widget\" data-e-type=\"widget\" data-settings='{\"motion_fx_motion_fx_scrolling\":\"yes\",\"motion_fx_translateX_effect\":\"yes\",\"motion_fx_translateX_speed\":{\"unit\":\"px\",\"size\":\"1\",\"sizes\":[]},\"motion_fx_translateX_affectedRange\":{\"unit\":\"%\",\"size\":\"\",\"sizes\":{\"start\":\"0\",\"end\":\"50\"}},\"motion_fx_devices\":[\"desktop\",\"tablet\"]}' data-widget_type=\"divider.default\">\n\t\t\t\t<div class=\"elementor-widget-container\">\n\t\t\t\t\t\t\t<div class=\"elementor-divider\">\n\t\t\t<span class=\"elementor-divider-separator\">\n\t\t\t\t\t\t\t<span class=\"elementor-divider__text elementor-divider__element\">\n\t\t\t\t<b>Formulaire de contact<\/b> \t\t\t\t<\/span>\n\t\t\t\t\t\t<\/span>\n\t\t<\/div>\n\t\t\t\t\t\t<\/div>\n\t\t\t\t<\/div>\n\t\t\t\t\t<\/div>\n\t\t<\/div>\n\t\t\t\t\t<\/div>\n\t\t<\/section>\n\t\t\t\t<section class=\"elementor-section elementor-top-section elementor-element elementor-element-5ca37f62 elementor-section-boxed elementor-section-height-default elementor-section-height-default\" data-id=\"5ca37f62\" data-element_type=\"section\" data-e-type=\"section\">\n\t\t\t\t\t\t<div class=\"elementor-container elementor-column-gap-default\">\n\t\t\t\t\t<div class=\"elementor-column elementor-col-100 elementor-top-column elementor-element elementor-element-773859a\" data-id=\"773859a\" data-element_type=\"column\" data-e-type=\"column\" data-settings='{\"background_background\":\"classic\"}'>\n\t\t\t<div class=\"elementor-widget-wrap elementor-element-populated\">\n\t\t\t\t\t\t<div class=\"elementor-element elementor-element-32f757ce elementor-button-align-end elementor-widget elementor-widget-form\" data-id=\"32f757ce\" data-element_type=\"widget\" data-e-type=\"widget\" data-settings='{\"step_next_label\":\"Suivant\",\"step_previous_label\":\"Previous\",\"button_width\":\"100\",\"step_type\":\"number_text\",\"step_icon_shape\":\"circle\"}' data-widget_type=\"form.default\">\n\t\t\t\t<div class=\"elementor-widget-container\">\n\t\t\t\t\t\t\t<form class=\"elementor-form\" method=\"post\" name=\"Nouvelle forme\" aria-label=\"Nouvelle forme\">\n\t\t\t<input type=\"hidden\" name=\"post_id\" value=\"10475\">\n\t\t\t<input type=\"hidden\" name=\"form_id\" value=\"32f757ce\">\n\t\t\t<input type=\"hidden\" name=\"referer_title\" value=\"Remar - Mission &agrave; l'&eacute;tranger en Afrique de l'Ouest et en Am&eacute;rique du Sud\">\n\n\t\t\t\t\t\t\t<input type=\"hidden\" name=\"queried_id\" value=\"10475\">\n\t\t\t\n\t\t\t<div class=\"elementor-form-fields-wrapper elementor-labels-above\">\n\t\t\t\t\t\t\t\t<div class=\"elementor-field-type-text elementor-field-group elementor-column elementor-field-group-name elementor-col-100 elementor-field-required elementor-mark-required\">\n\t\t\t\t\t\t\t\t\t\t\t\t<label for=\"form-field-name\" class=\"elementor-field-label\">\n\t\t\t\t\t\t\t\tVotre nom\t\t\t\t\t\t\t<\/label>\n\t\t\t\t\t\t\t\t\t\t\t\t\t\t<input size=\"1\" type=\"text\" name=\"form_fields[name]\" id=\"form-field-name\" class=\"elementor-field elementor-size-sm  elementor-field-textual\" required=\"required\">\n\t\t\t\t\t\t\t\t\t\t\t<\/div>\n\t\t\t\t\t\t\t\t<div class=\"elementor-field-type-email elementor-field-group elementor-column elementor-field-group-email elementor-col-50 elementor-field-required elementor-mark-required\">\n\t\t\t\t\t\t\t\t\t\t\t\t<label for=\"form-field-email\" class=\"elementor-field-label\">\n\t\t\t\t\t\t\t\tEmail\t\t\t\t\t\t\t<\/label>\n\t\t\t\t\t\t\t\t\t\t\t\t\t\t<input size=\"1\" type=\"email\" name=\"form_fields[email]\" id=\"form-field-email\" class=\"elementor-field elementor-size-sm  elementor-field-textual\" required=\"required\">\n\t\t\t\t\t\t\t\t\t\t\t<\/div>\n\t\t\t\t\t\t\t\t<div class=\"elementor-field-type-tel elementor-field-group elementor-column elementor-field-group-field_084fc5e elementor-col-50\">\n\t\t\t\t\t\t\t\t\t\t\t\t<label for=\"form-field-field_084fc5e\" class=\"elementor-field-label\">\n\t\t\t\t\t\t\t\tNum&eacute;ro de t&eacute;l&eacute;phone\t\t\t\t\t\t\t<\/label>\n\t\t\t\t\t\t\t\t<input size=\"1\" type=\"tel\" name=\"form_fields[field_084fc5e]\" id=\"form-field-field_084fc5e\" class=\"elementor-field elementor-size-sm  elementor-field-textual\" pattern=\"[0-9()#&amp;+*-=.]+\" title=\"Seuls les caract&egrave;res de num&eacute;ros de t&eacute;l&eacute;phone (#, -, *, etc.) sont accept&eacute;s.\">\n\n\t\t\t\t\t\t<\/div>\n\t\t\t\t\t\t\t\t<div class=\"elementor-field-type-text elementor-field-group elementor-column elementor-field-group-field_dd8a265 elementor-col-50 elementor-field-required elementor-mark-required\">\n\t\t\t\t\t\t\t\t\t\t\t\t<label for=\"form-field-field_dd8a265\" class=\"elementor-field-label\">\n\t\t\t\t\t\t\t\tRue \/ num&eacute;ro de maison\t\t\t\t\t\t\t<\/label>\n\t\t\t\t\t\t\t\t\t\t\t\t\t\t<input size=\"1\" type=\"text\" name=\"form_fields[field_dd8a265]\" id=\"form-field-field_dd8a265\" class=\"elementor-field elementor-size-sm  elementor-field-textual\" required=\"required\">\n\t\t\t\t\t\t\t\t\t\t\t<\/div>\n\t\t\t\t\t\t\t\t<div class=\"elementor-field-type-text elementor-field-group elementor-column elementor-field-group-field_c2c91c2 elementor-col-50 elementor-field-required elementor-mark-required\">\n\t\t\t\t\t\t\t\t\t\t\t\t<label for=\"form-field-field_c2c91c2\" class=\"elementor-field-label\">\n\t\t\t\t\t\t\t\tNPA Lieu\t\t\t\t\t\t\t<\/label>\n\t\t\t\t\t\t\t\t\t\t\t\t\t\t<input size=\"1\" type=\"text\" name=\"form_fields[field_c2c91c2]\" id=\"form-field-field_c2c91c2\" class=\"elementor-field elementor-size-sm  elementor-field-textual\" required=\"required\">\n\t\t\t\t\t\t\t\t\t\t\t<\/div>\n\t\t\t\t\t\t\t\t<div class=\"elementor-field-type-textarea elementor-field-group elementor-column elementor-field-group-field_ccfcba5 elementor-col-100\">\n\t\t\t\t\t\t\t\t\t\t\t\t<label for=\"form-field-field_ccfcba5\" class=\"elementor-field-label\">\n\t\t\t\t\t\t\t\tVotre message\t\t\t\t\t\t\t<\/label>\n\t\t\t\t\t\t<textarea class=\"elementor-field-textual elementor-field  elementor-size-sm\" name=\"form_fields[field_ccfcba5]\" id=\"form-field-field_ccfcba5\" rows=\"3\"><\/textarea>\t\t\t\t<\/div>\n\t\t\t\t\t\t\t\t<div class=\"elementor-field-type-acceptance elementor-field-group elementor-column elementor-field-group-field_8a1db52 elementor-col-100 elementor-field-required elementor-mark-required\">\n\t\t\t\t\t\t\t\t\t\t\t\t<label for=\"form-field-field_8a1db52\" class=\"elementor-field-label\">\n\t\t\t\t\t\t\t\tProtection des donn&eacute;es  \t\t\t\t\t\t\t<\/label>\n\t\t\t\t\t\t\t\t<div class=\"elementor-field-subgroup\">\n\t\t\t<span class=\"elementor-field-option\">\n\t\t\t\t<input type=\"checkbox\" name=\"form_fields[field_8a1db52]\" id=\"form-field-field_8a1db52\" class=\"elementor-field elementor-size-sm  elementor-acceptance-field\" required=\"required\">\n\t\t\t\t<label for=\"form-field-field_8a1db52\">En envoyant ce formulaire, vous acceptez que nous enregistrions les donn&eacute;es fournies afin que nous puissions vous contacter.<\/label>\t\t\t<\/span>\n\t\t<\/div>\n\t\t\t\t\t\t<\/div>\n\t\t\t\t\t\t\t\t<div class=\"elementor-field-group elementor-column elementor-field-type-submit elementor-col-100 e-form__buttons\">\n\t\t\t\t\t<button class=\"elementor-button elementor-size-sm\" type=\"submit\">\n\t\t\t\t\t\t<span class=\"elementor-button-content-wrapper\">\n\t\t\t\t\t\t\t\t\t\t\t\t\t\t\t\t\t\t\t\t\t\t<span class=\"elementor-button-text\">Envoyer<\/span>\n\t\t\t\t\t\t\t\t\t\t\t\t\t<\/span>\n\t\t\t\t\t<\/button>\n\t\t\t\t<\/div>\n\t\t\t<\/div>\n\t\t<\/form>\n\t\t\t\t\t\t<\/div>\n\t\t\t\t<\/div>\n\t\t\t\t\t<\/div>\n\t\t<\/div>\n\t\t\t\t\t<\/div>\n\t\t<\/section>\n\t\t\t\t<\/div>\n\t\t","protected":false},"excerpt":{"rendered":"<p>Missions \u00e0 l&rsquo;\u00e9tranger Prendre contact Une \u00e0 deux fois par an, des missions de courte dur\u00e9e sont organis\u00e9es en Afrique de l&rsquo;Ouest et en Am\u00e9rique du Sud (notamment au Burkina Faso) . Les participants peuvent y respirer le vrai air REMAR, voir les projets sur place et mettre la main \u00e0 la p\u00e2te. Un engagement [&hellip;]<\/p>\n","protected":false},"author":1,"featured_media":0,"parent":0,"menu_order":0,"comment_status":"closed","ping_status":"closed","template":"","meta":{"_acf_changed":false,"footnotes":""},"class_list":["post-10475","page","type-page","status-publish","hentry"],"acf":[],"yoast_head":"<!-- This site is optimized with the Yoast SEO plugin v27.4 - https:\/\/yoast.com\/product\/yoast-seo-wordpress\/ -->\n<title>Remar - Mission \u00e0 l&#039;\u00e9tranger en Afrique de l&#039;Ouest et en Am\u00e9rique du Sud<\/title>\n<meta name=\"description\" content=\"Remar Suisse organise des missions \u00e0 l&#039;\u00e9tranger en Afrique de l&#039;Ouest &amp; Am\u00e9rique du Sud \u2713 Dur\u00e9e environ 7-8 jours \u2713 Lutter contre la pauvret\u00e9 \u2713 Aider les enfants \u2713 Participe !\" \/>\n<meta name=\"robots\" content=\"index, follow, max-snippet:-1, max-image-preview:large, max-video-preview:-1\" \/>\n<link rel=\"canonical\" href=\"https:\/\/remar.ch\/fr\/missions-a-letranger\/\" \/>\n<meta property=\"og:locale\" content=\"fr_FR\" \/>\n<meta property=\"og:type\" content=\"article\" \/>\n<meta property=\"og:title\" content=\"Remar - Mission \u00e0 l&#039;\u00e9tranger en Afrique de l&#039;Ouest et en Am\u00e9rique du Sud\" \/>\n<meta property=\"og:description\" content=\"Remar Suisse organise des missions \u00e0 l&#039;\u00e9tranger en Afrique de l&#039;Ouest &amp; Am\u00e9rique du Sud \u2713 Dur\u00e9e environ 7-8 jours \u2713 Lutter contre la pauvret\u00e9 \u2713 Aider les enfants \u2713 Participe !\" \/>\n<meta property=\"og:url\" content=\"https:\/\/remar.ch\/fr\/missions-a-letranger\/\" \/>\n<meta property=\"og:site_name\" content=\"Seit 30 Jahren helfen wir bed\u00fcrftigen Menschen in 70 L\u00e4ndern\" \/>\n<meta property=\"article:publisher\" content=\"https:\/\/www.facebook.com\/RemarSchweiz\/?locale=de_DE\" \/>\n<meta property=\"article:modified_time\" content=\"2025-08-11T14:03:57+00:00\" \/>\n<meta name=\"twitter:card\" content=\"summary_large_image\" \/>\n<meta name=\"twitter:site\" content=\"@remar_schweiz\" \/>\n<meta name=\"twitter:label1\" content=\"Dur\u00e9e de lecture estim\u00e9e\" \/>\n\t<meta name=\"twitter:data1\" content=\"2 minutes\" \/>\n<script type=\"application\/ld+json\" class=\"yoast-schema-graph\">{\"@context\":\"https:\\\/\\\/schema.org\",\"@graph\":[{\"@type\":\"WebPage\",\"@id\":\"https:\\\/\\\/remar.ch\\\/fr\\\/missions-a-letranger\\\/\",\"url\":\"https:\\\/\\\/remar.ch\\\/fr\\\/missions-a-letranger\\\/\",\"name\":\"Remar - Mission \u00e0 l'\u00e9tranger en Afrique de l'Ouest et en Am\u00e9rique du Sud\",\"isPartOf\":{\"@id\":\"https:\\\/\\\/remar.ch\\\/fr\\\/#website\"},\"datePublished\":\"2022-09-30T08:52:34+00:00\",\"dateModified\":\"2025-08-11T14:03:57+00:00\",\"description\":\"Remar Suisse organise des missions \u00e0 l'\u00e9tranger en Afrique de l'Ouest & Am\u00e9rique du Sud \u2713 Dur\u00e9e environ 7-8 jours \u2713 Lutter contre la pauvret\u00e9 \u2713 Aider les enfants \u2713 Participe !\",\"breadcrumb\":{\"@id\":\"https:\\\/\\\/remar.ch\\\/fr\\\/missions-a-letranger\\\/#breadcrumb\"},\"inLanguage\":\"fr-FR\",\"potentialAction\":[{\"@type\":\"ReadAction\",\"target\":[\"https:\\\/\\\/remar.ch\\\/fr\\\/missions-a-letranger\\\/\"]}]},{\"@type\":\"BreadcrumbList\",\"@id\":\"https:\\\/\\\/remar.ch\\\/fr\\\/missions-a-letranger\\\/#breadcrumb\",\"itemListElement\":[{\"@type\":\"ListItem\",\"position\":1,\"name\":\"Startseite\",\"item\":\"https:\\\/\\\/remar.ch\\\/fr\\\/\"},{\"@type\":\"ListItem\",\"position\":2,\"name\":\"Missions \u00e0 l&#8217;\u00e9tranger\"}]},{\"@type\":\"WebSite\",\"@id\":\"https:\\\/\\\/remar.ch\\\/fr\\\/#website\",\"url\":\"https:\\\/\\\/remar.ch\\\/fr\\\/\",\"name\":\"Remar.ch\",\"description\":\"Jede Mithilfe und Spende z\u00e4hlt\",\"publisher\":{\"@id\":\"https:\\\/\\\/remar.ch\\\/fr\\\/#organization\"},\"potentialAction\":[{\"@type\":\"SearchAction\",\"target\":{\"@type\":\"EntryPoint\",\"urlTemplate\":\"https:\\\/\\\/remar.ch\\\/fr\\\/?s={search_term_string}\"},\"query-input\":{\"@type\":\"PropertyValueSpecification\",\"valueRequired\":true,\"valueName\":\"search_term_string\"}}],\"inLanguage\":\"fr-FR\"},{\"@type\":\"Organization\",\"@id\":\"https:\\\/\\\/remar.ch\\\/fr\\\/#organization\",\"name\":\"Remar\",\"url\":\"https:\\\/\\\/remar.ch\\\/fr\\\/\",\"logo\":{\"@type\":\"ImageObject\",\"inLanguage\":\"fr-FR\",\"@id\":\"https:\\\/\\\/remar.ch\\\/fr\\\/#\\\/schema\\\/logo\\\/image\\\/\",\"url\":\"https:\\\/\\\/remar.ch\\\/wp-content\\\/uploads\\\/2022\\\/09\\\/d606e17e-4db0-b635-dd38-928593ec0e41.png\",\"contentUrl\":\"https:\\\/\\\/remar.ch\\\/wp-content\\\/uploads\\\/2022\\\/09\\\/d606e17e-4db0-b635-dd38-928593ec0e41.png\",\"width\":4850,\"height\":3203,\"caption\":\"Remar\"},\"image\":{\"@id\":\"https:\\\/\\\/remar.ch\\\/fr\\\/#\\\/schema\\\/logo\\\/image\\\/\"},\"sameAs\":[\"https:\\\/\\\/www.facebook.com\\\/RemarSchweiz\\\/?locale=de_DE\",\"https:\\\/\\\/x.com\\\/remar_schweiz\"]}]}<\/script>\n<!-- \/ Yoast SEO plugin. -->","yoast_head_json":{"title":"Remar - Mission \u00e0 l'\u00e9tranger en Afrique de l'Ouest et en Am\u00e9rique du Sud","description":"Remar Suisse organise des missions \u00e0 l'\u00e9tranger en Afrique de l'Ouest & Am\u00e9rique du Sud \u2713 Dur\u00e9e environ 7-8 jours \u2713 Lutter contre la pauvret\u00e9 \u2713 Aider les enfants \u2713 Participe !","robots":{"index":"index","follow":"follow","max-snippet":"max-snippet:-1","max-image-preview":"max-image-preview:large","max-video-preview":"max-video-preview:-1"},"canonical":"https:\/\/remar.ch\/fr\/missions-a-letranger\/","og_locale":"fr_FR","og_type":"article","og_title":"Remar - Mission \u00e0 l'\u00e9tranger en Afrique de l'Ouest et en Am\u00e9rique du Sud","og_description":"Remar Suisse organise des missions \u00e0 l'\u00e9tranger en Afrique de l'Ouest & Am\u00e9rique du Sud \u2713 Dur\u00e9e environ 7-8 jours \u2713 Lutter contre la pauvret\u00e9 \u2713 Aider les enfants \u2713 Participe !","og_url":"https:\/\/remar.ch\/fr\/missions-a-letranger\/","og_site_name":"Seit 30 Jahren helfen wir bed\u00fcrftigen Menschen in 70 L\u00e4ndern","article_publisher":"https:\/\/www.facebook.com\/RemarSchweiz\/?locale=de_DE","article_modified_time":"2025-08-11T14:03:57+00:00","twitter_card":"summary_large_image","twitter_site":"@remar_schweiz","twitter_misc":{"Dur\u00e9e de lecture estim\u00e9e":"2 minutes"},"schema":{"@context":"https:\/\/schema.org","@graph":[{"@type":"WebPage","@id":"https:\/\/remar.ch\/fr\/missions-a-letranger\/","url":"https:\/\/remar.ch\/fr\/missions-a-letranger\/","name":"Remar - Mission \u00e0 l'\u00e9tranger en Afrique de l'Ouest et en Am\u00e9rique du Sud","isPartOf":{"@id":"https:\/\/remar.ch\/fr\/#website"},"datePublished":"2022-09-30T08:52:34+00:00","dateModified":"2025-08-11T14:03:57+00:00","description":"Remar Suisse organise des missions \u00e0 l'\u00e9tranger en Afrique de l'Ouest & Am\u00e9rique du Sud \u2713 Dur\u00e9e environ 7-8 jours \u2713 Lutter contre la pauvret\u00e9 \u2713 Aider les enfants \u2713 Participe !","breadcrumb":{"@id":"https:\/\/remar.ch\/fr\/missions-a-letranger\/#breadcrumb"},"inLanguage":"fr-FR","potentialAction":[{"@type":"ReadAction","target":["https:\/\/remar.ch\/fr\/missions-a-letranger\/"]}]},{"@type":"BreadcrumbList","@id":"https:\/\/remar.ch\/fr\/missions-a-letranger\/#breadcrumb","itemListElement":[{"@type":"ListItem","position":1,"name":"Startseite","item":"https:\/\/remar.ch\/fr\/"},{"@type":"ListItem","position":2,"name":"Missions \u00e0 l&#8217;\u00e9tranger"}]},{"@type":"WebSite","@id":"https:\/\/remar.ch\/fr\/#website","url":"https:\/\/remar.ch\/fr\/","name":"Remar.ch","description":"Jede Mithilfe und Spende z\u00e4hlt","publisher":{"@id":"https:\/\/remar.ch\/fr\/#organization"},"potentialAction":[{"@type":"SearchAction","target":{"@type":"EntryPoint","urlTemplate":"https:\/\/remar.ch\/fr\/?s={search_term_string}"},"query-input":{"@type":"PropertyValueSpecification","valueRequired":true,"valueName":"search_term_string"}}],"inLanguage":"fr-FR"},{"@type":"Organization","@id":"https:\/\/remar.ch\/fr\/#organization","name":"Remar","url":"https:\/\/remar.ch\/fr\/","logo":{"@type":"ImageObject","inLanguage":"fr-FR","@id":"https:\/\/remar.ch\/fr\/#\/schema\/logo\/image\/","url":"https:\/\/remar.ch\/wp-content\/uploads\/2022\/09\/d606e17e-4db0-b635-dd38-928593ec0e41.png","contentUrl":"https:\/\/remar.ch\/wp-content\/uploads\/2022\/09\/d606e17e-4db0-b635-dd38-928593ec0e41.png","width":4850,"height":3203,"caption":"Remar"},"image":{"@id":"https:\/\/remar.ch\/fr\/#\/schema\/logo\/image\/"},"sameAs":["https:\/\/www.facebook.com\/RemarSchweiz\/?locale=de_DE","https:\/\/x.com\/remar_schweiz"]}]}},"_links":{"self":[{"href":"https:\/\/remar.ch\/fr\/wp-json\/wp\/v2\/pages\/10475","targetHints":{"allow":["GET"]}}],"collection":[{"href":"https:\/\/remar.ch\/fr\/wp-json\/wp\/v2\/pages"}],"about":[{"href":"https:\/\/remar.ch\/fr\/wp-json\/wp\/v2\/types\/page"}],"author":[{"embeddable":true,"href":"https:\/\/remar.ch\/fr\/wp-json\/wp\/v2\/users\/1"}],"replies":[{"embeddable":true,"href":"https:\/\/remar.ch\/fr\/wp-json\/wp\/v2\/comments?post=10475"}],"version-history":[{"count":1,"href":"https:\/\/remar.ch\/fr\/wp-json\/wp\/v2\/pages\/10475\/revisions"}],"predecessor-version":[{"id":10478,"href":"https:\/\/remar.ch\/fr\/wp-json\/wp\/v2\/pages\/10475\/revisions\/10478"}],"wp:attachment":[{"href":"https:\/\/remar.ch\/fr\/wp-json\/wp\/v2\/media?parent=10475"}],"curies":[{"name":"wp","href":"https:\/\/api.w.org\/{rel}","templated":true}]}}