{"id":10486,"date":"2022-09-30T08:44:57","date_gmt":"2022-09-30T08:44:57","guid":{"rendered":"https:\/\/remar.ch\/bale\/"},"modified":"2025-08-11T14:04:07","modified_gmt":"2025-08-11T14:04:07","slug":"bale","status":"publish","type":"page","link":"https:\/\/remar.ch\/fr\/bale\/","title":{"rendered":"B\u00e2le"},"content":{"rendered":"\t\t<div data-elementor-type=\"wp-page\" data-elementor-id=\"10486\" class=\"elementor elementor-10486 elementor-97\" data-elementor-post-type=\"page\">\n\t\t\t\t\t\t<section class=\"elementor-section elementor-top-section elementor-element elementor-element-61fb3e1d elementor-section-boxed elementor-section-height-default elementor-section-height-default\" data-id=\"61fb3e1d\" data-element_type=\"section\" data-e-type=\"section\">\n\t\t\t\t\t\t<div class=\"elementor-container elementor-column-gap-default\">\n\t\t\t\t\t<div class=\"elementor-column elementor-col-100 elementor-top-column elementor-element elementor-element-7ae81a41\" data-id=\"7ae81a41\" data-element_type=\"column\" data-e-type=\"column\">\n\t\t\t<div class=\"elementor-widget-wrap elementor-element-populated\">\n\t\t\t\t\t\t<div class=\"elementor-element elementor-element-483bfa41 elementor-widget elementor-widget-heading\" data-id=\"483bfa41\" data-element_type=\"widget\" data-e-type=\"widget\" data-widget_type=\"heading.default\">\n\t\t\t\t<div class=\"elementor-widget-container\">\n\t\t\t\t\t<h1 class=\"elementor-heading-title elementor-size-default\">Brocante de B&acirc;le<\/h1>\t\t\t\t<\/div>\n\t\t\t\t<\/div>\n\t\t\t\t\t<\/div>\n\t\t<\/div>\n\t\t\t\t\t<\/div>\n\t\t<\/section>\n\t\t\t\t<section class=\"elementor-section elementor-top-section elementor-element elementor-element-6732815d elementor-section-full_width elementor-section-height-min-height elementor-section-height-default elementor-section-items-middle\" data-id=\"6732815d\" data-element_type=\"section\" data-e-type=\"section\">\n\t\t\t\t\t\t<div class=\"elementor-container elementor-column-gap-default\">\n\t\t\t\t\t<div class=\"elementor-column elementor-col-100 elementor-top-column elementor-element elementor-element-d46281a\" data-id=\"d46281a\" data-element_type=\"column\" data-e-type=\"column\">\n\t\t\t<div class=\"elementor-widget-wrap elementor-element-populated\">\n\t\t\t\t\t\t<div class=\"elementor-element elementor-element-2f628ab5 elementor--h-position-right elementor--v-position-bottom elementor-pagination-position-outside elementor-widget elementor-widget-slides\" data-id=\"2f628ab5\" data-element_type=\"widget\" data-e-type=\"widget\" data-settings='{\"navigation\":\"dots\",\"autoplay_speed\":\"3500\",\"transition_speed\":1000,\"transition\":\"fade\",\"autoplay\":\"yes\",\"infinite\":\"yes\"}' data-widget_type=\"slides.default\">\n\t\t\t\t<div class=\"elementor-widget-container\">\n\t\t\t\t\t\t\t\t\t<div class=\"elementor-swiper\">\n\t\t\t\t\t<div class=\"elementor-slides-wrapper elementor-main-swiper swiper\" role=\"region\" aria-roledescription=\"carousel\" aria-label=\"Diapositives\" dir=\"ltr\" data-animation=\"fadeInUp\">\n\t\t\t\t<div class=\"swiper-wrapper elementor-slides\">\n\t\t\t\t\t\t\t\t\t\t<div class=\"elementor-repeater-item-348228a swiper-slide\" role=\"group\" aria-roledescription=\"slide\"><div class=\"swiper-slide-bg\" role=\"img\" aria-label=\"Secondhand-Shop Augsburg\"><\/div><a class=\"swiper-slide-inner\" href=\"https:\/\/remar.ch\/fr\/contact\/\"><div class=\"swiper-slide-contents\"><div class=\"elementor-button elementor-slide-button elementor-size-xl\">Prendre contact<\/div><\/div><\/a><\/div>\t\t\t\t<\/div>\n\t\t\t\t\t\t\t<\/div>\n\t\t\t\t<\/div>\n\t\t\t\t\t\t\t\t<\/div>\n\t\t\t\t<\/div>\n\t\t\t\t\t<\/div>\n\t\t<\/div>\n\t\t\t\t\t<\/div>\n\t\t<\/section>\n\t\t\t\t<section class=\"elementor-section elementor-top-section elementor-element elementor-element-23b043 elementor-section-boxed elementor-section-height-default elementor-section-height-default\" data-id=\"23b043\" data-element_type=\"section\" data-e-type=\"section\">\n\t\t\t\t\t\t<div class=\"elementor-container elementor-column-gap-default\">\n\t\t\t\t\t<div class=\"elementor-column elementor-col-100 elementor-top-column elementor-element elementor-element-5204b4f1\" data-id=\"5204b4f1\" data-element_type=\"column\" data-e-type=\"column\">\n\t\t\t<div class=\"elementor-widget-wrap elementor-element-populated\">\n\t\t\t\t\t\t<div class=\"elementor-element elementor-element-588cccf2 elementor-widget elementor-widget-heading\" data-id=\"588cccf2\" data-element_type=\"widget\" data-e-type=\"widget\" data-widget_type=\"heading.default\">\n\t\t\t\t<div class=\"elementor-widget-container\">\n\t\t\t\t\t<h3 class=\"elementor-heading-title elementor-size-default\">Horaires d'ouverture :<\/h3>\t\t\t\t<\/div>\n\t\t\t\t<\/div>\n\t\t\t\t<div class=\"elementor-element elementor-element-7845d685 elementor-widget elementor-widget-text-editor\" data-id=\"7845d685\" data-element_type=\"widget\" data-e-type=\"widget\" data-widget_type=\"text-editor.default\">\n\t\t\t\t<div class=\"elementor-widget-container\">\n\t\t\t\t\t\t\t\t\t<p>Lundi &ndash; vendredi : 10:00 sans interruption jusqu&rsquo;&agrave; 18:00<br>Samedi : 10:00 jusqu&rsquo;&agrave; 17:00<\/p>\t\t\t\t\t\t\t\t<\/div>\n\t\t\t\t<\/div>\n\t\t\t\t<div class=\"elementor-element elementor-element-68f01e5e elementor-widget elementor-widget-heading\" data-id=\"68f01e5e\" data-element_type=\"widget\" data-e-type=\"widget\" data-widget_type=\"heading.default\">\n\t\t\t\t<div class=\"elementor-widget-container\">\n\t\t\t\t\t<h3 class=\"elementor-heading-title elementor-size-default\">Emplacement :<\/h3>\t\t\t\t<\/div>\n\t\t\t\t<\/div>\n\t\t\t\t<div class=\"elementor-element elementor-element-552c551e elementor-widget elementor-widget-text-editor\" data-id=\"552c551e\" data-element_type=\"widget\" data-e-type=\"widget\" data-widget_type=\"text-editor.default\">\n\t\t\t\t<div class=\"elementor-widget-container\">\n\t\t\t\t\t\t\t\t\t<p>Bruderholzstrasse 14, 4053 B&acirc;le<\/p>\t\t\t\t\t\t\t\t<\/div>\n\t\t\t\t<\/div>\n\t\t\t\t<div class=\"elementor-element elementor-element-26b1ef2c elementor-widget elementor-widget-google_maps\" data-id=\"26b1ef2c\" data-element_type=\"widget\" data-e-type=\"widget\" data-widget_type=\"google_maps.default\">\n\t\t\t\t<div class=\"elementor-widget-container\">\n\t\t\t\t\t\t\t<div class=\"elementor-custom-embed\">\n\t\t\t<iframe loading=\"lazy\" src=\"https:\/\/maps.google.com\/maps?q=Bruderholzstrasse%2014%2C%204053%20Basel&amp;t=m&amp;z=10&amp;output=embed&amp;iwloc=near\" title=\"Bruderholzstrasse 14, 4053 Basel\" aria-label=\"Bruderholzstrasse 14, 4053 Basel\"><\/iframe>\n\t\t<\/div>\n\t\t\t\t\t\t<\/div>\n\t\t\t\t<\/div>\n\t\t\t\t\t<\/div>\n\t\t<\/div>\n\t\t\t\t\t<\/div>\n\t\t<\/section>\n\t\t\t\t<section class=\"elementor-section elementor-top-section elementor-element elementor-element-6108c684 elementor-section-full_width elementor-section-height-default elementor-section-height-default\" data-id=\"6108c684\" data-element_type=\"section\" data-e-type=\"section\">\n\t\t\t\t\t\t<div class=\"elementor-container elementor-column-gap-default\">\n\t\t\t\t\t<div class=\"elementor-column elementor-col-100 elementor-top-column elementor-element elementor-element-70a7cbe5\" data-id=\"70a7cbe5\" data-element_type=\"column\" data-e-type=\"column\">\n\t\t\t<div class=\"elementor-widget-wrap elementor-element-populated\">\n\t\t\t\t\t\t<div class=\"elementor-element elementor-element-3da7b6f4 elementor-widget-divider--view-line_text elementor-widget-divider--element-align-left elementor-widget elementor-widget-divider\" data-id=\"3da7b6f4\" data-element_type=\"widget\" data-e-type=\"widget\" data-settings='{\"motion_fx_motion_fx_scrolling\":\"yes\",\"motion_fx_translateX_effect\":\"yes\",\"motion_fx_translateX_speed\":{\"unit\":\"px\",\"size\":\"1\",\"sizes\":[]},\"motion_fx_translateX_affectedRange\":{\"unit\":\"%\",\"size\":\"\",\"sizes\":{\"start\":\"0\",\"end\":\"50\"}},\"motion_fx_devices\":[\"desktop\",\"tablet\"]}' data-widget_type=\"divider.default\">\n\t\t\t\t<div class=\"elementor-widget-container\">\n\t\t\t\t\t\t\t<div class=\"elementor-divider\">\n\t\t\t<span class=\"elementor-divider-separator\">\n\t\t\t\t\t\t\t<span class=\"elementor-divider__text elementor-divider__element\">\n\t\t\t\tD&eacute;couvrir de nouvelles choses &agrave; la Brockenhaus <b> de B&acirc;le ! <\/b> \t\t\t\t<\/span>\n\t\t\t\t\t\t<\/span>\n\t\t<\/div>\n\t\t\t\t\t\t<\/div>\n\t\t\t\t<\/div>\n\t\t\t\t\t<\/div>\n\t\t<\/div>\n\t\t\t\t\t<\/div>\n\t\t<\/section>\n\t\t\t\t<section class=\"elementor-section elementor-top-section elementor-element elementor-element-3a62d5f elementor-section-boxed elementor-section-height-default elementor-section-height-default\" data-id=\"3a62d5f\" data-element_type=\"section\" data-e-type=\"section\">\n\t\t\t\t\t\t<div class=\"elementor-container elementor-column-gap-default\">\n\t\t\t\t\t<div class=\"elementor-column elementor-col-50 elementor-top-column elementor-element elementor-element-cee305b\" data-id=\"cee305b\" data-element_type=\"column\" data-e-type=\"column\">\n\t\t\t<div class=\"elementor-widget-wrap elementor-element-populated\">\n\t\t\t\t\t\t<div class=\"elementor-element elementor-element-794413d elementor-widget elementor-widget-text-editor\" data-id=\"794413d\" data-element_type=\"widget\" data-e-type=\"widget\" data-widget_type=\"text-editor.default\">\n\t\t\t\t<div class=\"elementor-widget-container\">\n\t\t\t\t\t\t\t\t\t<p>Soyez les bienvenus ! Sentez-vous comme chez vous dans la brocante de Remar &ndash; il y a beaucoup &agrave; d&eacute;couvrir : Des meubles, des v&ecirc;tements, des objets du quotidien et bien plus encore. Trouvez les meilleures marchandises de seconde main et faites l&rsquo;exp&eacute;rience d&rsquo;une qualit&eacute; &eacute;lev&eacute;e &agrave; un prix &eacute;quitable.<\/p>\t\t\t\t\t\t\t\t<\/div>\n\t\t\t\t<\/div>\n\t\t\t\t\t<\/div>\n\t\t<\/div>\n\t\t\t\t<div class=\"elementor-column elementor-col-50 elementor-top-column elementor-element elementor-element-85dab21\" data-id=\"85dab21\" data-element_type=\"column\" data-e-type=\"column\">\n\t\t\t<div class=\"elementor-widget-wrap\">\n\t\t\t\t\t\t\t<\/div>\n\t\t<\/div>\n\t\t\t\t\t<\/div>\n\t\t<\/section>\n\t\t\t\t<section class=\"elementor-section elementor-top-section elementor-element elementor-element-0c9c79d elementor-section-full_width elementor-section-height-default elementor-section-height-default\" data-id=\"0c9c79d\" data-element_type=\"section\" data-e-type=\"section\">\n\t\t\t\t\t\t<div class=\"elementor-container elementor-column-gap-default\">\n\t\t\t\t\t<div class=\"elementor-column elementor-col-100 elementor-top-column elementor-element elementor-element-5c0484e\" data-id=\"5c0484e\" data-element_type=\"column\" data-e-type=\"column\">\n\t\t\t<div class=\"elementor-widget-wrap elementor-element-populated\">\n\t\t\t\t\t\t<div class=\"elementor-element elementor-element-21f378e elementor-widget-divider--view-line_text elementor-widget-divider--element-align-left elementor-widget elementor-widget-divider\" data-id=\"21f378e\" data-element_type=\"widget\" data-e-type=\"widget\" data-settings='{\"motion_fx_motion_fx_scrolling\":\"yes\",\"motion_fx_translateX_effect\":\"yes\",\"motion_fx_translateX_speed\":{\"unit\":\"px\",\"size\":\"1\",\"sizes\":[]},\"motion_fx_translateX_affectedRange\":{\"unit\":\"%\",\"size\":\"\",\"sizes\":{\"start\":\"0\",\"end\":\"50\"}},\"motion_fx_devices\":[\"desktop\",\"tablet\"]}' data-widget_type=\"divider.default\">\n\t\t\t\t<div class=\"elementor-widget-container\">\n\t\t\t\t\t\t\t<div class=\"elementor-divider\">\n\t\t\t<span class=\"elementor-divider-separator\">\n\t\t\t\t\t\t\t<span class=\"elementor-divider__text elementor-divider__element\">\n\t\t\t\tVous souhaitez <b> faire un cadeau ou donner <\/b> quelque chose <b>? <\/b> \t\t\t\t<\/span>\n\t\t\t\t\t\t<\/span>\n\t\t<\/div>\n\t\t\t\t\t\t<\/div>\n\t\t\t\t<\/div>\n\t\t\t\t\t<\/div>\n\t\t<\/div>\n\t\t\t\t\t<\/div>\n\t\t<\/section>\n\t\t\t\t<section class=\"elementor-section elementor-top-section elementor-element elementor-element-1c7b4ed elementor-section-boxed elementor-section-height-default elementor-section-height-default\" data-id=\"1c7b4ed\" data-element_type=\"section\" data-e-type=\"section\">\n\t\t\t\t\t\t<div class=\"elementor-container elementor-column-gap-default\">\n\t\t\t\t\t<div class=\"elementor-column elementor-col-50 elementor-top-column elementor-element elementor-element-9f4814d\" data-id=\"9f4814d\" data-element_type=\"column\" data-e-type=\"column\">\n\t\t\t<div class=\"elementor-widget-wrap elementor-element-populated\">\n\t\t\t\t\t\t<div class=\"elementor-element elementor-element-817baa0 elementor-widget elementor-widget-text-editor\" data-id=\"817baa0\" data-element_type=\"widget\" data-e-type=\"widget\" data-widget_type=\"text-editor.default\">\n\t\t\t\t<div class=\"elementor-widget-container\">\n\t\t\t\t\t\t\t\t\t<p>Qui ne conna&icirc;t pas les objets qui remplissent inutilement la cave chez soi et qui ne trouvent plus d&rsquo;utilit&eacute; ? Remar Suisse se r&eacute;jouit de chaque don en nature &ndash; car il offre de la joie &agrave; une autre personne.<\/p>\t\t\t\t\t\t\t\t<\/div>\n\t\t\t\t<\/div>\n\t\t\t\t\t<\/div>\n\t\t<\/div>\n\t\t\t\t<div class=\"elementor-column elementor-col-50 elementor-top-column elementor-element elementor-element-b7f9a15\" data-id=\"b7f9a15\" data-element_type=\"column\" data-e-type=\"column\">\n\t\t\t<div class=\"elementor-widget-wrap\">\n\t\t\t\t\t\t\t<\/div>\n\t\t<\/div>\n\t\t\t\t\t<\/div>\n\t\t<\/section>\n\t\t\t\t<section class=\"elementor-section elementor-top-section elementor-element elementor-element-60ada074 elementor-section-boxed elementor-section-height-default elementor-section-height-default\" data-id=\"60ada074\" data-element_type=\"section\" data-e-type=\"section\">\n\t\t\t\t\t\t<div class=\"elementor-container elementor-column-gap-default\">\n\t\t\t\t\t<div class=\"elementor-column elementor-col-100 elementor-top-column elementor-element elementor-element-5b10eaf4\" data-id=\"5b10eaf4\" data-element_type=\"column\" data-e-type=\"column\" data-settings='{\"background_background\":\"classic\"}'>\n\t\t\t<div class=\"elementor-widget-wrap elementor-element-populated\">\n\t\t\t\t\t\t<div class=\"elementor-element elementor-element-6c7314bd elementor-widget-divider--view-line_text elementor-widget-divider--element-align-left elementor-widget elementor-widget-divider\" data-id=\"6c7314bd\" data-element_type=\"widget\" data-e-type=\"widget\" data-settings='{\"motion_fx_motion_fx_scrolling\":\"yes\",\"motion_fx_translateX_effect\":\"yes\",\"motion_fx_translateX_speed\":{\"unit\":\"px\",\"size\":\"1\",\"sizes\":[]},\"motion_fx_translateX_affectedRange\":{\"unit\":\"%\",\"size\":\"\",\"sizes\":{\"start\":\"0\",\"end\":\"50\"}},\"motion_fx_devices\":[\"desktop\",\"tablet\"]}' data-widget_type=\"divider.default\">\n\t\t\t\t<div class=\"elementor-widget-container\">\n\t\t\t\t\t\t\t<div class=\"elementor-divider\">\n\t\t\t<span class=\"elementor-divider-separator\">\n\t\t\t\t\t\t\t<span class=\"elementor-divider__text elementor-divider__element\">\n\t\t\t\tN'h&eacute;sitez pas &agrave; nous contacter si vous avez des questions<b>:<\/b> <br><b> +41<b> 58 255 55 80<\/b><\/b>\t\t\t\t<\/span>\n\t\t\t\t\t\t<\/span>\n\t\t<\/div>\n\t\t\t\t\t\t<\/div>\n\t\t\t\t<\/div>\n\t\t\t\t\t<\/div>\n\t\t<\/div>\n\t\t\t\t\t<\/div>\n\t\t<\/section>\n\t\t\t\t<section class=\"elementor-section elementor-top-section elementor-element elementor-element-759b6082 elementor-section-boxed elementor-section-height-default elementor-section-height-default\" data-id=\"759b6082\" data-element_type=\"section\" data-e-type=\"section\">\n\t\t\t\t\t\t<div class=\"elementor-container elementor-column-gap-default\">\n\t\t\t\t\t<div class=\"elementor-column elementor-col-100 elementor-top-column elementor-element elementor-element-507a0659\" data-id=\"507a0659\" data-element_type=\"column\" data-e-type=\"column\">\n\t\t\t<div class=\"elementor-widget-wrap elementor-element-populated\">\n\t\t\t\t\t\t<div class=\"elementor-element elementor-element-67ad779c elementor-align-right elementor-widget elementor-widget-button\" data-id=\"67ad779c\" data-element_type=\"widget\" data-e-type=\"widget\" data-widget_type=\"button.default\">\n\t\t\t\t<div class=\"elementor-widget-container\">\n\t\t\t\t\t\t\t\t\t<div class=\"elementor-button-wrapper\">\n\t\t\t\t\t<a class=\"elementor-button elementor-button-link elementor-size-sm\" href=\"tel:+41%2058%20255%2055%2080\">\n\t\t\t\t\t\t<span class=\"elementor-button-content-wrapper\">\n\t\t\t\t\t\t\t\t\t<span class=\"elementor-button-text\">Appeler maintenant<\/span>\n\t\t\t\t\t<\/span>\n\t\t\t\t\t<\/a>\n\t\t\t\t<\/div>\n\t\t\t\t\t\t\t\t<\/div>\n\t\t\t\t<\/div>\n\t\t\t\t\t<\/div>\n\t\t<\/div>\n\t\t\t\t\t<\/div>\n\t\t<\/section>\n\t\t\t\t<\/div>\n\t\t","protected":false},"excerpt":{"rendered":"<p>Brocante de B\u00e2le Prendre contact Horaires d&rsquo;ouverture : Lundi &#8211; vendredi : 10:00 sans interruption jusqu&rsquo;\u00e0 18:00Samedi : 10:00 jusqu&rsquo;\u00e0 17:00 Emplacement : Bruderholzstrasse 14, 4053 B\u00e2le Mit dem Laden der Karte akzeptieren Sie die Datenschutzerkl\u00e4rung von Google.Mehr erfahren Karte laden Google Maps immer entsperren D\u00e9couvrir de nouvelles choses \u00e0 la Brockenhaus de B\u00e2le ! [&hellip;]<\/p>\n","protected":false},"author":1,"featured_media":0,"parent":0,"menu_order":0,"comment_status":"closed","ping_status":"closed","template":"","meta":{"_acf_changed":false,"footnotes":""},"class_list":["post-10486","page","type-page","status-publish","hentry"],"acf":[],"yoast_head":"<!-- This site is optimized with the Yoast SEO plugin v27.4 - https:\/\/yoast.com\/product\/yoast-seo-wordpress\/ -->\n<title>La brocante de Remar \u00e0 B\u00e2le - tout pour votre m\u00e9nage<\/title>\n<meta name=\"description\" content=\"Dans notre brocante \u00e0 B\u00e2le, vous trouverez : v\u00eatements \u2713 vaisselle \u2713 disques \u2713 montres \u2713 v\u00e9los \u2713 machines \u00e0 laver \u2713 meubles \u2713 appareils \u2713 v\u00e9hicules\" \/>\n<meta name=\"robots\" content=\"index, follow, max-snippet:-1, max-image-preview:large, max-video-preview:-1\" \/>\n<link rel=\"canonical\" href=\"https:\/\/remar.ch\/fr\/bale\/\" \/>\n<meta property=\"og:locale\" content=\"fr_FR\" \/>\n<meta property=\"og:type\" content=\"article\" \/>\n<meta property=\"og:title\" content=\"La brocante de Remar \u00e0 B\u00e2le - tout pour votre m\u00e9nage\" \/>\n<meta property=\"og:description\" content=\"Dans notre brocante \u00e0 B\u00e2le, vous trouverez : v\u00eatements \u2713 vaisselle \u2713 disques \u2713 montres \u2713 v\u00e9los \u2713 machines \u00e0 laver \u2713 meubles \u2713 appareils \u2713 v\u00e9hicules\" \/>\n<meta property=\"og:url\" content=\"https:\/\/remar.ch\/fr\/bale\/\" \/>\n<meta property=\"og:site_name\" content=\"Seit 30 Jahren helfen wir bed\u00fcrftigen Menschen in 70 L\u00e4ndern\" \/>\n<meta property=\"article:publisher\" content=\"https:\/\/www.facebook.com\/RemarSchweiz\/?locale=de_DE\" \/>\n<meta property=\"article:modified_time\" content=\"2025-08-11T14:04:07+00:00\" \/>\n<meta property=\"og:image\" content=\"https:\/\/remar.ch\/wp-content\/plugins\/borlabs-cookie\/assets\/images\/cb-maps.png\" \/>\n<meta name=\"twitter:card\" content=\"summary_large_image\" \/>\n<meta name=\"twitter:site\" content=\"@remar_schweiz\" \/>\n<meta name=\"twitter:label1\" content=\"Dur\u00e9e de lecture estim\u00e9e\" \/>\n\t<meta name=\"twitter:data1\" content=\"1 minute\" \/>\n<script type=\"application\/ld+json\" class=\"yoast-schema-graph\">{\"@context\":\"https:\\\/\\\/schema.org\",\"@graph\":[{\"@type\":\"WebPage\",\"@id\":\"https:\\\/\\\/remar.ch\\\/fr\\\/bale\\\/\",\"url\":\"https:\\\/\\\/remar.ch\\\/fr\\\/bale\\\/\",\"name\":\"La brocante de Remar \u00e0 B\u00e2le - tout pour votre m\u00e9nage\",\"isPartOf\":{\"@id\":\"https:\\\/\\\/remar.ch\\\/fr\\\/#website\"},\"primaryImageOfPage\":{\"@id\":\"https:\\\/\\\/remar.ch\\\/fr\\\/bale\\\/#primaryimage\"},\"image\":{\"@id\":\"https:\\\/\\\/remar.ch\\\/fr\\\/bale\\\/#primaryimage\"},\"thumbnailUrl\":\"https:\\\/\\\/remar.ch\\\/wp-content\\\/plugins\\\/borlabs-cookie\\\/assets\\\/images\\\/cb-maps.png\",\"datePublished\":\"2022-09-30T08:44:57+00:00\",\"dateModified\":\"2025-08-11T14:04:07+00:00\",\"description\":\"Dans notre brocante \u00e0 B\u00e2le, vous trouverez : v\u00eatements \u2713 vaisselle \u2713 disques \u2713 montres \u2713 v\u00e9los \u2713 machines \u00e0 laver \u2713 meubles \u2713 appareils \u2713 v\u00e9hicules\",\"breadcrumb\":{\"@id\":\"https:\\\/\\\/remar.ch\\\/fr\\\/bale\\\/#breadcrumb\"},\"inLanguage\":\"fr-FR\",\"potentialAction\":[{\"@type\":\"ReadAction\",\"target\":[\"https:\\\/\\\/remar.ch\\\/fr\\\/bale\\\/\"]}]},{\"@type\":\"ImageObject\",\"inLanguage\":\"fr-FR\",\"@id\":\"https:\\\/\\\/remar.ch\\\/fr\\\/bale\\\/#primaryimage\",\"url\":\"https:\\\/\\\/remar.ch\\\/wp-content\\\/plugins\\\/borlabs-cookie\\\/assets\\\/images\\\/cb-maps.png\",\"contentUrl\":\"https:\\\/\\\/remar.ch\\\/wp-content\\\/plugins\\\/borlabs-cookie\\\/assets\\\/images\\\/cb-maps.png\"},{\"@type\":\"BreadcrumbList\",\"@id\":\"https:\\\/\\\/remar.ch\\\/fr\\\/bale\\\/#breadcrumb\",\"itemListElement\":[{\"@type\":\"ListItem\",\"position\":1,\"name\":\"Startseite\",\"item\":\"https:\\\/\\\/remar.ch\\\/fr\\\/\"},{\"@type\":\"ListItem\",\"position\":2,\"name\":\"B\u00e2le\"}]},{\"@type\":\"WebSite\",\"@id\":\"https:\\\/\\\/remar.ch\\\/fr\\\/#website\",\"url\":\"https:\\\/\\\/remar.ch\\\/fr\\\/\",\"name\":\"Remar.ch\",\"description\":\"Jede Mithilfe und Spende z\u00e4hlt\",\"publisher\":{\"@id\":\"https:\\\/\\\/remar.ch\\\/fr\\\/#organization\"},\"potentialAction\":[{\"@type\":\"SearchAction\",\"target\":{\"@type\":\"EntryPoint\",\"urlTemplate\":\"https:\\\/\\\/remar.ch\\\/fr\\\/?s={search_term_string}\"},\"query-input\":{\"@type\":\"PropertyValueSpecification\",\"valueRequired\":true,\"valueName\":\"search_term_string\"}}],\"inLanguage\":\"fr-FR\"},{\"@type\":\"Organization\",\"@id\":\"https:\\\/\\\/remar.ch\\\/fr\\\/#organization\",\"name\":\"Remar\",\"url\":\"https:\\\/\\\/remar.ch\\\/fr\\\/\",\"logo\":{\"@type\":\"ImageObject\",\"inLanguage\":\"fr-FR\",\"@id\":\"https:\\\/\\\/remar.ch\\\/fr\\\/#\\\/schema\\\/logo\\\/image\\\/\",\"url\":\"https:\\\/\\\/remar.ch\\\/wp-content\\\/uploads\\\/2022\\\/09\\\/d606e17e-4db0-b635-dd38-928593ec0e41.png\",\"contentUrl\":\"https:\\\/\\\/remar.ch\\\/wp-content\\\/uploads\\\/2022\\\/09\\\/d606e17e-4db0-b635-dd38-928593ec0e41.png\",\"width\":4850,\"height\":3203,\"caption\":\"Remar\"},\"image\":{\"@id\":\"https:\\\/\\\/remar.ch\\\/fr\\\/#\\\/schema\\\/logo\\\/image\\\/\"},\"sameAs\":[\"https:\\\/\\\/www.facebook.com\\\/RemarSchweiz\\\/?locale=de_DE\",\"https:\\\/\\\/x.com\\\/remar_schweiz\"]}]}<\/script>\n<!-- \/ Yoast SEO plugin. -->","yoast_head_json":{"title":"La brocante de Remar \u00e0 B\u00e2le - tout pour votre m\u00e9nage","description":"Dans notre brocante \u00e0 B\u00e2le, vous trouverez : v\u00eatements \u2713 vaisselle \u2713 disques \u2713 montres \u2713 v\u00e9los \u2713 machines \u00e0 laver \u2713 meubles \u2713 appareils \u2713 v\u00e9hicules","robots":{"index":"index","follow":"follow","max-snippet":"max-snippet:-1","max-image-preview":"max-image-preview:large","max-video-preview":"max-video-preview:-1"},"canonical":"https:\/\/remar.ch\/fr\/bale\/","og_locale":"fr_FR","og_type":"article","og_title":"La brocante de Remar \u00e0 B\u00e2le - tout pour votre m\u00e9nage","og_description":"Dans notre brocante \u00e0 B\u00e2le, vous trouverez : v\u00eatements \u2713 vaisselle \u2713 disques \u2713 montres \u2713 v\u00e9los \u2713 machines \u00e0 laver \u2713 meubles \u2713 appareils \u2713 v\u00e9hicules","og_url":"https:\/\/remar.ch\/fr\/bale\/","og_site_name":"Seit 30 Jahren helfen wir bed\u00fcrftigen Menschen in 70 L\u00e4ndern","article_publisher":"https:\/\/www.facebook.com\/RemarSchweiz\/?locale=de_DE","article_modified_time":"2025-08-11T14:04:07+00:00","og_image":[{"url":"https:\/\/remar.ch\/wp-content\/plugins\/borlabs-cookie\/assets\/images\/cb-maps.png","type":"","width":"","height":""}],"twitter_card":"summary_large_image","twitter_site":"@remar_schweiz","twitter_misc":{"Dur\u00e9e de lecture estim\u00e9e":"1 minute"},"schema":{"@context":"https:\/\/schema.org","@graph":[{"@type":"WebPage","@id":"https:\/\/remar.ch\/fr\/bale\/","url":"https:\/\/remar.ch\/fr\/bale\/","name":"La brocante de Remar \u00e0 B\u00e2le - tout pour votre m\u00e9nage","isPartOf":{"@id":"https:\/\/remar.ch\/fr\/#website"},"primaryImageOfPage":{"@id":"https:\/\/remar.ch\/fr\/bale\/#primaryimage"},"image":{"@id":"https:\/\/remar.ch\/fr\/bale\/#primaryimage"},"thumbnailUrl":"https:\/\/remar.ch\/wp-content\/plugins\/borlabs-cookie\/assets\/images\/cb-maps.png","datePublished":"2022-09-30T08:44:57+00:00","dateModified":"2025-08-11T14:04:07+00:00","description":"Dans notre brocante \u00e0 B\u00e2le, vous trouverez : v\u00eatements \u2713 vaisselle \u2713 disques \u2713 montres \u2713 v\u00e9los \u2713 machines \u00e0 laver \u2713 meubles \u2713 appareils \u2713 v\u00e9hicules","breadcrumb":{"@id":"https:\/\/remar.ch\/fr\/bale\/#breadcrumb"},"inLanguage":"fr-FR","potentialAction":[{"@type":"ReadAction","target":["https:\/\/remar.ch\/fr\/bale\/"]}]},{"@type":"ImageObject","inLanguage":"fr-FR","@id":"https:\/\/remar.ch\/fr\/bale\/#primaryimage","url":"https:\/\/remar.ch\/wp-content\/plugins\/borlabs-cookie\/assets\/images\/cb-maps.png","contentUrl":"https:\/\/remar.ch\/wp-content\/plugins\/borlabs-cookie\/assets\/images\/cb-maps.png"},{"@type":"BreadcrumbList","@id":"https:\/\/remar.ch\/fr\/bale\/#breadcrumb","itemListElement":[{"@type":"ListItem","position":1,"name":"Startseite","item":"https:\/\/remar.ch\/fr\/"},{"@type":"ListItem","position":2,"name":"B\u00e2le"}]},{"@type":"WebSite","@id":"https:\/\/remar.ch\/fr\/#website","url":"https:\/\/remar.ch\/fr\/","name":"Remar.ch","description":"Jede Mithilfe und Spende z\u00e4hlt","publisher":{"@id":"https:\/\/remar.ch\/fr\/#organization"},"potentialAction":[{"@type":"SearchAction","target":{"@type":"EntryPoint","urlTemplate":"https:\/\/remar.ch\/fr\/?s={search_term_string}"},"query-input":{"@type":"PropertyValueSpecification","valueRequired":true,"valueName":"search_term_string"}}],"inLanguage":"fr-FR"},{"@type":"Organization","@id":"https:\/\/remar.ch\/fr\/#organization","name":"Remar","url":"https:\/\/remar.ch\/fr\/","logo":{"@type":"ImageObject","inLanguage":"fr-FR","@id":"https:\/\/remar.ch\/fr\/#\/schema\/logo\/image\/","url":"https:\/\/remar.ch\/wp-content\/uploads\/2022\/09\/d606e17e-4db0-b635-dd38-928593ec0e41.png","contentUrl":"https:\/\/remar.ch\/wp-content\/uploads\/2022\/09\/d606e17e-4db0-b635-dd38-928593ec0e41.png","width":4850,"height":3203,"caption":"Remar"},"image":{"@id":"https:\/\/remar.ch\/fr\/#\/schema\/logo\/image\/"},"sameAs":["https:\/\/www.facebook.com\/RemarSchweiz\/?locale=de_DE","https:\/\/x.com\/remar_schweiz"]}]}},"_links":{"self":[{"href":"https:\/\/remar.ch\/fr\/wp-json\/wp\/v2\/pages\/10486","targetHints":{"allow":["GET"]}}],"collection":[{"href":"https:\/\/remar.ch\/fr\/wp-json\/wp\/v2\/pages"}],"about":[{"href":"https:\/\/remar.ch\/fr\/wp-json\/wp\/v2\/types\/page"}],"author":[{"embeddable":true,"href":"https:\/\/remar.ch\/fr\/wp-json\/wp\/v2\/users\/1"}],"replies":[{"embeddable":true,"href":"https:\/\/remar.ch\/fr\/wp-json\/wp\/v2\/comments?post=10486"}],"version-history":[{"count":1,"href":"https:\/\/remar.ch\/fr\/wp-json\/wp\/v2\/pages\/10486\/revisions"}],"predecessor-version":[{"id":10489,"href":"https:\/\/remar.ch\/fr\/wp-json\/wp\/v2\/pages\/10486\/revisions\/10489"}],"wp:attachment":[{"href":"https:\/\/remar.ch\/fr\/wp-json\/wp\/v2\/media?parent=10486"}],"curies":[{"name":"wp","href":"https:\/\/api.w.org\/{rel}","templated":true}]}}