{"id":10524,"date":"2022-09-30T06:33:48","date_gmt":"2022-09-30T06:33:48","guid":{"rendered":"https:\/\/remar.ch\/ce-que-nous-offrons\/"},"modified":"2025-08-11T14:04:28","modified_gmt":"2025-08-11T14:04:28","slug":"ce-que-nous-offrons","status":"publish","type":"page","link":"https:\/\/remar.ch\/fr\/ce-que-nous-offrons\/","title":{"rendered":"Ce que nous offrons"},"content":{"rendered":"\t\t<div data-elementor-type=\"wp-page\" data-elementor-id=\"10524\" class=\"elementor elementor-10524 elementor-12\" data-elementor-post-type=\"page\">\n\t\t\t\t\t\t<section class=\"elementor-section elementor-top-section elementor-element elementor-element-4df4a7c3 elementor-section-boxed elementor-section-height-default elementor-section-height-default\" data-id=\"4df4a7c3\" data-element_type=\"section\" data-e-type=\"section\">\n\t\t\t\t\t\t<div class=\"elementor-container elementor-column-gap-default\">\n\t\t\t\t\t<div class=\"elementor-column elementor-col-100 elementor-top-column elementor-element elementor-element-5af7cb70\" data-id=\"5af7cb70\" data-element_type=\"column\" data-e-type=\"column\">\n\t\t\t<div class=\"elementor-widget-wrap elementor-element-populated\">\n\t\t\t\t\t\t<div class=\"elementor-element elementor-element-41e7c34a elementor-widget elementor-widget-heading\" data-id=\"41e7c34a\" data-element_type=\"widget\" data-e-type=\"widget\" data-widget_type=\"heading.default\">\n\t\t\t\t<div class=\"elementor-widget-container\">\n\t\t\t\t\t<h1 class=\"elementor-heading-title elementor-size-default\">Ce que nous offrons<\/h1>\t\t\t\t<\/div>\n\t\t\t\t<\/div>\n\t\t\t\t<div class=\"elementor-element elementor-element-73dd2da0 elementor-widget elementor-widget-heading\" data-id=\"73dd2da0\" data-element_type=\"widget\" data-e-type=\"widget\" data-widget_type=\"heading.default\">\n\t\t\t\t<div class=\"elementor-widget-container\">\n\t\t\t\t\t<h2 class=\"elementor-heading-title elementor-size-default\"><b>D&eacute;m&eacute;nagements, nettoyages, enl&egrave;vements, &eacute;vacuations, transports<\/b><\/h2>\t\t\t\t<\/div>\n\t\t\t\t<\/div>\n\t\t\t\t\t<\/div>\n\t\t<\/div>\n\t\t\t\t\t<\/div>\n\t\t<\/section>\n\t\t\t\t<section class=\"elementor-section elementor-top-section elementor-element elementor-element-3c230f85 elementor-section-full_width elementor-section-height-min-height elementor-section-height-default elementor-section-items-middle\" data-id=\"3c230f85\" data-element_type=\"section\" data-e-type=\"section\">\n\t\t\t\t\t\t<div class=\"elementor-container elementor-column-gap-default\">\n\t\t\t\t\t<div class=\"elementor-column elementor-col-100 elementor-top-column elementor-element elementor-element-38f6bb79\" data-id=\"38f6bb79\" data-element_type=\"column\" data-e-type=\"column\">\n\t\t\t<div class=\"elementor-widget-wrap elementor-element-populated\">\n\t\t\t\t\t\t<div class=\"elementor-element elementor-element-627139ec elementor--h-position-right elementor--v-position-bottom elementor-pagination-position-outside elementor-widget elementor-widget-slides\" data-id=\"627139ec\" data-element_type=\"widget\" data-e-type=\"widget\" data-settings='{\"navigation\":\"dots\",\"autoplay_speed\":\"3500\",\"transition_speed\":1000,\"transition\":\"fade\",\"autoplay\":\"yes\",\"infinite\":\"yes\"}' data-widget_type=\"slides.default\">\n\t\t\t\t<div class=\"elementor-widget-container\">\n\t\t\t\t\t\t\t\t\t<div class=\"elementor-swiper\">\n\t\t\t\t\t<div class=\"elementor-slides-wrapper elementor-main-swiper swiper\" role=\"region\" aria-roledescription=\"carousel\" aria-label=\"Diapositives\" dir=\"ltr\" data-animation=\"fadeInUp\">\n\t\t\t\t<div class=\"swiper-wrapper elementor-slides\">\n\t\t\t\t\t\t\t\t\t\t<div class=\"elementor-repeater-item-348228a swiper-slide\" role=\"group\" aria-roledescription=\"slide\"><div class=\"swiper-slide-bg\" role=\"img\" aria-label=\"Umz&uuml;ge, Reinigungen, Abholdienst, R&auml;umungen\"><\/div><a class=\"swiper-slide-inner\" href=\"https:\/\/remar.ch\/fr\/contact\/\"><div class=\"swiper-slide-contents\"><div class=\"elementor-button elementor-slide-button elementor-size-xl\">Prendre contact<\/div><\/div><\/a><\/div>\t\t\t\t<\/div>\n\t\t\t\t\t\t\t<\/div>\n\t\t\t\t<\/div>\n\t\t\t\t\t\t\t\t<\/div>\n\t\t\t\t<\/div>\n\t\t\t\t\t<\/div>\n\t\t<\/div>\n\t\t\t\t\t<\/div>\n\t\t<\/section>\n\t\t\t\t<section class=\"elementor-section elementor-top-section elementor-element elementor-element-1708c754 elementor-section-boxed elementor-section-height-default elementor-section-height-default\" data-id=\"1708c754\" data-element_type=\"section\" data-e-type=\"section\">\n\t\t\t\t\t\t<div class=\"elementor-container elementor-column-gap-default\">\n\t\t\t\t\t<div class=\"elementor-column elementor-col-100 elementor-top-column elementor-element elementor-element-44f52eb\" data-id=\"44f52eb\" data-element_type=\"column\" data-e-type=\"column\">\n\t\t\t<div class=\"elementor-widget-wrap elementor-element-populated\">\n\t\t\t\t\t\t<div class=\"elementor-element elementor-element-aecb84c elementor-widget elementor-widget-heading\" data-id=\"aecb84c\" data-element_type=\"widget\" data-e-type=\"widget\" data-widget_type=\"heading.default\">\n\t\t\t\t<div class=\"elementor-widget-container\">\n\t\t\t\t\t<h2 class=\"elementor-heading-title elementor-size-default\">Services<\/h2>\t\t\t\t<\/div>\n\t\t\t\t<\/div>\n\t\t\t\t<div class=\"elementor-element elementor-element-a72474f elementor-widget elementor-widget-text-editor\" data-id=\"a72474f\" data-element_type=\"widget\" data-e-type=\"widget\" data-widget_type=\"text-editor.default\">\n\t\t\t\t<div class=\"elementor-widget-container\">\n\t\t\t\t\t\t\t\t\t<p>REMAR effectue des d&eacute;m&eacute;nagements, des nettoyages finaux, des d&eacute;barras, des tran<a href=\"https:\/\/remar.ch\/fr\/encyclopedia\/sport\/\" target=\"_self\" title=\"Sport REMAR SportREMAR Sport ist eine Initiative von REMAR, die sich darauf konzentriert, Kinder aus benachteiligten L&auml;ndern durch Sportprojekte zu f&ouml;rdern. Dieses Programm nutzt die universelle Sprache des Sports, um Kindern wichtige Lebenskompetenzen zu vermitteln, ihre gesundheitliche Entwicklung zu unterst&uuml;tzen und ihnen ein Gef&uuml;hl der Gemeinschaft und des Selbstwertgef&uuml;hls zu geben.Ziele und Bedeutung von REMAR&hellip;\" class=\"encyclopedia\">sport<\/a>s et des services d&rsquo;enl&egrave;vement. Si n&eacute;cessaire, nous mettons &eacute;galement des travailleurs auxiliaires &agrave; votre disposition. Ceux-ci aident au d&eacute;montage et au remontage des meubles, aux travaux de peinture et &agrave; d&rsquo;autres travaux auxiliaires.  <\/p><p>Tous les services servent de mesure d&rsquo;int&eacute;gration et de r&eacute;insertion pour les personnes qui se trouvent en r&eacute;habilitation pour toxicomanes chez REMAR. Tous les revenus sont utilis&eacute;s pour soutenir l&rsquo;association. <\/p>\t\t\t\t\t\t\t\t<\/div>\n\t\t\t\t<\/div>\n\t\t\t\t<div class=\"elementor-element elementor-element-276cef8d elementor-align-left elementor-widget elementor-widget-button\" data-id=\"276cef8d\" data-element_type=\"widget\" data-e-type=\"widget\" data-widget_type=\"button.default\">\n\t\t\t\t<div class=\"elementor-widget-container\">\n\t\t\t\t\t\t\t\t\t<div class=\"elementor-button-wrapper\">\n\t\t\t\t\t<a class=\"elementor-button elementor-button-link elementor-size-sm\" href=\"https:\/\/remar.ch\/fr\/conditions-generales-de-vente\/\">\n\t\t\t\t\t\t<span class=\"elementor-button-content-wrapper\">\n\t\t\t\t\t\t\t\t\t<span class=\"elementor-button-text\">CONDITIONS G&Eacute;N&Eacute;RALES DE VENTE<\/span>\n\t\t\t\t\t<\/span>\n\t\t\t\t\t<\/a>\n\t\t\t\t<\/div>\n\t\t\t\t\t\t\t\t<\/div>\n\t\t\t\t<\/div>\n\t\t\t\t\t<\/div>\n\t\t<\/div>\n\t\t\t\t\t<\/div>\n\t\t<\/section>\n\t\t\t\t<section class=\"elementor-section elementor-top-section elementor-element elementor-element-344aaf6d elementor-section-boxed elementor-section-height-default elementor-section-height-default\" data-id=\"344aaf6d\" data-element_type=\"section\" data-e-type=\"section\">\n\t\t\t\t\t\t<div class=\"elementor-container elementor-column-gap-default\">\n\t\t\t\t\t<div class=\"elementor-column elementor-col-100 elementor-top-column elementor-element elementor-element-338be959\" data-id=\"338be959\" data-element_type=\"column\" data-e-type=\"column\">\n\t\t\t<div class=\"elementor-widget-wrap elementor-element-populated\">\n\t\t\t\t\t\t<section class=\"elementor-section elementor-inner-section elementor-element elementor-element-1403a2e4 elementor-section-full_width elementor-section-height-default elementor-section-height-default\" data-id=\"1403a2e4\" data-element_type=\"section\" data-e-type=\"section\">\n\t\t\t\t\t\t<div class=\"elementor-container elementor-column-gap-default\">\n\t\t\t\t\t<div class=\"elementor-column elementor-col-25 elementor-inner-column elementor-element elementor-element-950462b\" data-id=\"950462b\" data-element_type=\"column\" data-e-type=\"column\">\n\t\t\t<div class=\"elementor-widget-wrap elementor-element-populated\">\n\t\t\t\t\t\t<div class=\"elementor-element elementor-element-4cf51595 elementor-cta--valign-middle elementor-cta--skin-classic elementor-animated-content elementor-bg-transform elementor-bg-transform-zoom-in elementor-widget elementor-widget-call-to-action\" data-id=\"4cf51595\" data-element_type=\"widget\" data-e-type=\"widget\" data-widget_type=\"call-to-action.default\">\n\t\t\t\t<div class=\"elementor-widget-container\">\n\t\t\t\t\t\t\t<div class=\"elementor-cta\">\n\t\t\t\t\t<div class=\"elementor-cta__bg-wrapper\">\n\t\t\t\t<div class=\"elementor-cta__bg elementor-bg\" style=\"background-image: url(https:\/\/remar.ch\/wp-content\/uploads\/2023\/04\/Raeumungen-1024x683.jpeg);\" role=\"img\" aria-label=\"Raeumungen\"><\/div>\n\t\t\t\t<div class=\"elementor-cta__bg-overlay\"><\/div>\n\t\t\t<\/div>\n\t\t\t\t\t\t\t<div class=\"elementor-cta__content\">\n\t\t\t\t\n\t\t\t\t\t\t\t\t\t<h2 class=\"elementor-cta__title elementor-cta__content-item elementor-content-item\">\n\t\t\t\t\t\tD&eacute;barras\t\t\t\t\t<\/h2>\n\t\t\t\t\n\t\t\t\t\t\t\t\t\t<div class=\"elementor-cta__description elementor-cta__content-item elementor-content-item\">\n\t\t\t\t\t\tD&eacute;barras r&eacute;alis&eacute;s par des professionnels.\t\t\t\t\t<\/div>\n\t\t\t\t\n\t\t\t\t\t\t\t\t\t<div class=\"elementor-cta__button-wrapper elementor-cta__content-item elementor-content-item \">\n\t\t\t\t\t<a class=\"elementor-cta__button elementor-button elementor-size-\" href=\"https:\/\/remar.ch\/fr\/debarras\/\">\n\t\t\t\t\t\tEn savoir plus\t\t\t\t\t<\/a>\n\t\t\t\t\t<\/div>\n\t\t\t\t\t\t\t<\/div>\n\t\t\t\t\t\t<\/div>\n\t\t\t\t\t\t<\/div>\n\t\t\t\t<\/div>\n\t\t\t\t\t<\/div>\n\t\t<\/div>\n\t\t\t\t<div class=\"elementor-column elementor-col-25 elementor-inner-column elementor-element elementor-element-6134a0d5\" data-id=\"6134a0d5\" data-element_type=\"column\" data-e-type=\"column\">\n\t\t\t<div class=\"elementor-widget-wrap elementor-element-populated\">\n\t\t\t\t\t\t<div class=\"elementor-element elementor-element-8fe8162 elementor-cta--valign-middle elementor-cta--skin-classic elementor-animated-content elementor-bg-transform elementor-bg-transform-zoom-in elementor-widget elementor-widget-call-to-action\" data-id=\"8fe8162\" data-element_type=\"widget\" data-e-type=\"widget\" data-widget_type=\"call-to-action.default\">\n\t\t\t\t<div class=\"elementor-widget-container\">\n\t\t\t\t\t\t\t<div class=\"elementor-cta\">\n\t\t\t\t\t<div class=\"elementor-cta__bg-wrapper\">\n\t\t\t\t<div class=\"elementor-cta__bg elementor-bg\" style=\"background-image: url(https:\/\/remar.ch\/wp-content\/uploads\/2023\/04\/Unzug-1024x683.jpg);\" role=\"img\" aria-label=\"Umzug\"><\/div>\n\t\t\t\t<div class=\"elementor-cta__bg-overlay\"><\/div>\n\t\t\t<\/div>\n\t\t\t\t\t\t\t<div class=\"elementor-cta__content\">\n\t\t\t\t\n\t\t\t\t\t\t\t\t\t<h2 class=\"elementor-cta__title elementor-cta__content-item elementor-content-item\">\n\t\t\t\t\t\tD&eacute;m&eacute;nagements\t\t\t\t\t<\/h2>\n\t\t\t\t\n\t\t\t\t\t\t\t\t\t<div class=\"elementor-cta__description elementor-cta__content-item elementor-content-item\">\n\t\t\t\t\t\tD&eacute;m&eacute;nager<br>&agrave; moindre co&ucirc;t<br>et sans stress.\t\t\t\t\t<\/div>\n\t\t\t\t\n\t\t\t\t\t\t\t\t\t<div class=\"elementor-cta__button-wrapper elementor-cta__content-item elementor-content-item \">\n\t\t\t\t\t<a class=\"elementor-cta__button elementor-button elementor-size-\" href=\"https:\/\/remar.ch\/fr\/demenagements\/\">\n\t\t\t\t\t\tEn savoir plus\t\t\t\t\t<\/a>\n\t\t\t\t\t<\/div>\n\t\t\t\t\t\t\t<\/div>\n\t\t\t\t\t\t<\/div>\n\t\t\t\t\t\t<\/div>\n\t\t\t\t<\/div>\n\t\t\t\t\t<\/div>\n\t\t<\/div>\n\t\t\t\t<div class=\"elementor-column elementor-col-25 elementor-inner-column elementor-element elementor-element-2f71acf2\" data-id=\"2f71acf2\" data-element_type=\"column\" data-e-type=\"column\">\n\t\t\t<div class=\"elementor-widget-wrap elementor-element-populated\">\n\t\t\t\t\t\t<div class=\"elementor-element elementor-element-4a170613 elementor-cta--valign-middle elementor-cta--skin-classic elementor-animated-content elementor-bg-transform elementor-bg-transform-zoom-in elementor-widget elementor-widget-call-to-action\" data-id=\"4a170613\" data-element_type=\"widget\" data-e-type=\"widget\" data-widget_type=\"call-to-action.default\">\n\t\t\t\t<div class=\"elementor-widget-container\">\n\t\t\t\t\t\t\t<div class=\"elementor-cta\">\n\t\t\t\t\t<div class=\"elementor-cta__bg-wrapper\">\n\t\t\t\t<div class=\"elementor-cta__bg elementor-bg\" style=\"background-image: url(https:\/\/remar.ch\/wp-content\/uploads\/2023\/04\/Reinigungen-1024x586.jpg);\" role=\"img\" aria-label=\"Reinigungen\"><\/div>\n\t\t\t\t<div class=\"elementor-cta__bg-overlay\"><\/div>\n\t\t\t<\/div>\n\t\t\t\t\t\t\t<div class=\"elementor-cta__content\">\n\t\t\t\t\n\t\t\t\t\t\t\t\t\t<h2 class=\"elementor-cta__title elementor-cta__content-item elementor-content-item\">\n\t\t\t\t\t\tNettoyages\t\t\t\t\t<\/h2>\n\t\t\t\t\n\t\t\t\t\t\t\t\t\t<div class=\"elementor-cta__description elementor-cta__content-item elementor-content-item\">\n\t\t\t\t\t\tSyst&eacute;matique,<br>rapide<br>et propre.\t\t\t\t\t<\/div>\n\t\t\t\t\n\t\t\t\t\t\t\t\t\t<div class=\"elementor-cta__button-wrapper elementor-cta__content-item elementor-content-item \">\n\t\t\t\t\t<a class=\"elementor-cta__button elementor-button elementor-size-\" href=\"https:\/\/remar.ch\/fr\/nettoyages\/\">\n\t\t\t\t\t\tEn savoir plus\t\t\t\t\t<\/a>\n\t\t\t\t\t<\/div>\n\t\t\t\t\t\t\t<\/div>\n\t\t\t\t\t\t<\/div>\n\t\t\t\t\t\t<\/div>\n\t\t\t\t<\/div>\n\t\t\t\t\t<\/div>\n\t\t<\/div>\n\t\t\t\t<div class=\"elementor-column elementor-col-25 elementor-inner-column elementor-element elementor-element-6f6fde71\" data-id=\"6f6fde71\" data-element_type=\"column\" data-e-type=\"column\">\n\t\t\t<div class=\"elementor-widget-wrap elementor-element-populated\">\n\t\t\t\t\t\t<div class=\"elementor-element elementor-element-14bcb3be elementor-cta--valign-middle elementor-cta--skin-classic elementor-animated-content elementor-bg-transform elementor-bg-transform-zoom-in elementor-widget elementor-widget-call-to-action\" data-id=\"14bcb3be\" data-element_type=\"widget\" data-e-type=\"widget\" data-widget_type=\"call-to-action.default\">\n\t\t\t\t<div class=\"elementor-widget-container\">\n\t\t\t\t\t\t\t<div class=\"elementor-cta\">\n\t\t\t\t\t<div class=\"elementor-cta__bg-wrapper\">\n\t\t\t\t<div class=\"elementor-cta__bg elementor-bg\" style=\"background-image: url(https:\/\/remar.ch\/wp-content\/uploads\/2023\/04\/Abholdienst-1024x683.jpg);\" role=\"img\" aria-label=\"Abholdienst\"><\/div>\n\t\t\t\t<div class=\"elementor-cta__bg-overlay\"><\/div>\n\t\t\t<\/div>\n\t\t\t\t\t\t\t<div class=\"elementor-cta__content\">\n\t\t\t\t\n\t\t\t\t\t\t\t\t\t<h2 class=\"elementor-cta__title elementor-cta__content-item elementor-content-item\">\n\t\t\t\t\t\tService d'enl&egrave;vement\t\t\t\t\t<\/h2>\n\t\t\t\t\n\t\t\t\t\t\t\t\t\t<div class=\"elementor-cta__description elementor-cta__content-item elementor-content-item\">\n\t\t\t\t\t\tPour les petits,<br>mais aussi<br>les grands biens.\t\t\t\t\t<\/div>\n\t\t\t\t\n\t\t\t\t\t\t\t\t\t<div class=\"elementor-cta__button-wrapper elementor-cta__content-item elementor-content-item \">\n\t\t\t\t\t<a class=\"elementor-cta__button elementor-button elementor-size-\" href=\"https:\/\/remar.ch\/fr\/service-denlevement\/\">\n\t\t\t\t\t\tEn savoir plus\t\t\t\t\t<\/a>\n\t\t\t\t\t<\/div>\n\t\t\t\t\t\t\t<\/div>\n\t\t\t\t\t\t<\/div>\n\t\t\t\t\t\t<\/div>\n\t\t\t\t<\/div>\n\t\t\t\t\t<\/div>\n\t\t<\/div>\n\t\t\t\t\t<\/div>\n\t\t<\/section>\n\t\t\t\t\t<\/div>\n\t\t<\/div>\n\t\t\t\t\t<\/div>\n\t\t<\/section>\n\t\t\t\t<\/div>\n\t\t","protected":false},"excerpt":{"rendered":"<p>Ce que nous offrons D\u00e9m\u00e9nagements, nettoyages, enl\u00e8vements, \u00e9vacuations, transports Prendre contact Services REMAR effectue des d\u00e9m\u00e9nagements, des nettoyages finaux, des d\u00e9barras, des transports et des services d&rsquo;enl\u00e8vement. Si n\u00e9cessaire, nous mettons \u00e9galement des travailleurs auxiliaires \u00e0 votre disposition. Ceux-ci aident au d\u00e9montage et au remontage des meubles, aux travaux de peinture et \u00e0 d&rsquo;autres travaux [&hellip;]<\/p>\n","protected":false},"author":1,"featured_media":0,"parent":0,"menu_order":0,"comment_status":"closed","ping_status":"closed","template":"","meta":{"_acf_changed":false,"footnotes":""},"class_list":["post-10524","page","type-page","status-publish","hentry"],"acf":[],"yoast_head":"<!-- This site is optimized with the Yoast SEO plugin v27.4 - https:\/\/yoast.com\/product\/yoast-seo-wordpress\/ -->\n<title>Nous proposons des services de d\u00e9m\u00e9nagement, de nettoyage, d&#039;enl\u00e8vement et de d\u00e9barras.<\/title>\n<meta name=\"description\" content=\"Nous sommes Remar Suisse et finan\u00e7ons nos projets sociaux par le biais de services tels que les d\u00e9m\u00e9nagements \u2713 nettoyages \u2713 services de ramassage \u2713 d\u00e9barras\" \/>\n<meta name=\"robots\" content=\"index, follow, max-snippet:-1, max-image-preview:large, max-video-preview:-1\" \/>\n<link rel=\"canonical\" href=\"https:\/\/remar.ch\/fr\/ce-que-nous-offrons\/\" \/>\n<meta property=\"og:locale\" content=\"fr_FR\" \/>\n<meta property=\"og:type\" content=\"article\" \/>\n<meta property=\"og:title\" content=\"Nous proposons des services de d\u00e9m\u00e9nagement, de nettoyage, d&#039;enl\u00e8vement et de d\u00e9barras.\" \/>\n<meta property=\"og:description\" content=\"Nous sommes Remar Suisse et finan\u00e7ons nos projets sociaux par le biais de services tels que les d\u00e9m\u00e9nagements \u2713 nettoyages \u2713 services de ramassage \u2713 d\u00e9barras\" \/>\n<meta property=\"og:url\" content=\"https:\/\/remar.ch\/fr\/ce-que-nous-offrons\/\" \/>\n<meta property=\"og:site_name\" content=\"Seit 30 Jahren helfen wir bed\u00fcrftigen Menschen in 70 L\u00e4ndern\" \/>\n<meta property=\"article:publisher\" content=\"https:\/\/www.facebook.com\/RemarSchweiz\/?locale=de_DE\" \/>\n<meta property=\"article:modified_time\" content=\"2025-08-11T14:04:28+00:00\" \/>\n<meta name=\"twitter:card\" content=\"summary_large_image\" \/>\n<meta name=\"twitter:site\" content=\"@remar_schweiz\" \/>\n<meta name=\"twitter:label1\" content=\"Dur\u00e9e de lecture estim\u00e9e\" \/>\n\t<meta name=\"twitter:data1\" content=\"1 minute\" \/>\n<script type=\"application\/ld+json\" class=\"yoast-schema-graph\">{\"@context\":\"https:\\\/\\\/schema.org\",\"@graph\":[{\"@type\":\"WebPage\",\"@id\":\"https:\\\/\\\/remar.ch\\\/fr\\\/ce-que-nous-offrons\\\/\",\"url\":\"https:\\\/\\\/remar.ch\\\/fr\\\/ce-que-nous-offrons\\\/\",\"name\":\"Nous proposons des services de d\u00e9m\u00e9nagement, de nettoyage, d'enl\u00e8vement et de d\u00e9barras.\",\"isPartOf\":{\"@id\":\"https:\\\/\\\/remar.ch\\\/fr\\\/#website\"},\"datePublished\":\"2022-09-30T06:33:48+00:00\",\"dateModified\":\"2025-08-11T14:04:28+00:00\",\"description\":\"Nous sommes Remar Suisse et finan\u00e7ons nos projets sociaux par le biais de services tels que les d\u00e9m\u00e9nagements \u2713 nettoyages \u2713 services de ramassage \u2713 d\u00e9barras\",\"breadcrumb\":{\"@id\":\"https:\\\/\\\/remar.ch\\\/fr\\\/ce-que-nous-offrons\\\/#breadcrumb\"},\"inLanguage\":\"fr-FR\",\"potentialAction\":[{\"@type\":\"ReadAction\",\"target\":[\"https:\\\/\\\/remar.ch\\\/fr\\\/ce-que-nous-offrons\\\/\"]}]},{\"@type\":\"BreadcrumbList\",\"@id\":\"https:\\\/\\\/remar.ch\\\/fr\\\/ce-que-nous-offrons\\\/#breadcrumb\",\"itemListElement\":[{\"@type\":\"ListItem\",\"position\":1,\"name\":\"Startseite\",\"item\":\"https:\\\/\\\/remar.ch\\\/fr\\\/\"},{\"@type\":\"ListItem\",\"position\":2,\"name\":\"Ce que nous offrons\"}]},{\"@type\":\"WebSite\",\"@id\":\"https:\\\/\\\/remar.ch\\\/fr\\\/#website\",\"url\":\"https:\\\/\\\/remar.ch\\\/fr\\\/\",\"name\":\"Remar.ch\",\"description\":\"Jede Mithilfe und Spende z\u00e4hlt\",\"publisher\":{\"@id\":\"https:\\\/\\\/remar.ch\\\/fr\\\/#organization\"},\"potentialAction\":[{\"@type\":\"SearchAction\",\"target\":{\"@type\":\"EntryPoint\",\"urlTemplate\":\"https:\\\/\\\/remar.ch\\\/fr\\\/?s={search_term_string}\"},\"query-input\":{\"@type\":\"PropertyValueSpecification\",\"valueRequired\":true,\"valueName\":\"search_term_string\"}}],\"inLanguage\":\"fr-FR\"},{\"@type\":\"Organization\",\"@id\":\"https:\\\/\\\/remar.ch\\\/fr\\\/#organization\",\"name\":\"Remar\",\"url\":\"https:\\\/\\\/remar.ch\\\/fr\\\/\",\"logo\":{\"@type\":\"ImageObject\",\"inLanguage\":\"fr-FR\",\"@id\":\"https:\\\/\\\/remar.ch\\\/fr\\\/#\\\/schema\\\/logo\\\/image\\\/\",\"url\":\"https:\\\/\\\/remar.ch\\\/wp-content\\\/uploads\\\/2022\\\/09\\\/d606e17e-4db0-b635-dd38-928593ec0e41.png\",\"contentUrl\":\"https:\\\/\\\/remar.ch\\\/wp-content\\\/uploads\\\/2022\\\/09\\\/d606e17e-4db0-b635-dd38-928593ec0e41.png\",\"width\":4850,\"height\":3203,\"caption\":\"Remar\"},\"image\":{\"@id\":\"https:\\\/\\\/remar.ch\\\/fr\\\/#\\\/schema\\\/logo\\\/image\\\/\"},\"sameAs\":[\"https:\\\/\\\/www.facebook.com\\\/RemarSchweiz\\\/?locale=de_DE\",\"https:\\\/\\\/x.com\\\/remar_schweiz\"]}]}<\/script>\n<!-- \/ Yoast SEO plugin. -->","yoast_head_json":{"title":"Nous proposons des services de d\u00e9m\u00e9nagement, de nettoyage, d'enl\u00e8vement et de d\u00e9barras.","description":"Nous sommes Remar Suisse et finan\u00e7ons nos projets sociaux par le biais de services tels que les d\u00e9m\u00e9nagements \u2713 nettoyages \u2713 services de ramassage \u2713 d\u00e9barras","robots":{"index":"index","follow":"follow","max-snippet":"max-snippet:-1","max-image-preview":"max-image-preview:large","max-video-preview":"max-video-preview:-1"},"canonical":"https:\/\/remar.ch\/fr\/ce-que-nous-offrons\/","og_locale":"fr_FR","og_type":"article","og_title":"Nous proposons des services de d\u00e9m\u00e9nagement, de nettoyage, d'enl\u00e8vement et de d\u00e9barras.","og_description":"Nous sommes Remar Suisse et finan\u00e7ons nos projets sociaux par le biais de services tels que les d\u00e9m\u00e9nagements \u2713 nettoyages \u2713 services de ramassage \u2713 d\u00e9barras","og_url":"https:\/\/remar.ch\/fr\/ce-que-nous-offrons\/","og_site_name":"Seit 30 Jahren helfen wir bed\u00fcrftigen Menschen in 70 L\u00e4ndern","article_publisher":"https:\/\/www.facebook.com\/RemarSchweiz\/?locale=de_DE","article_modified_time":"2025-08-11T14:04:28+00:00","twitter_card":"summary_large_image","twitter_site":"@remar_schweiz","twitter_misc":{"Dur\u00e9e de lecture estim\u00e9e":"1 minute"},"schema":{"@context":"https:\/\/schema.org","@graph":[{"@type":"WebPage","@id":"https:\/\/remar.ch\/fr\/ce-que-nous-offrons\/","url":"https:\/\/remar.ch\/fr\/ce-que-nous-offrons\/","name":"Nous proposons des services de d\u00e9m\u00e9nagement, de nettoyage, d'enl\u00e8vement et de d\u00e9barras.","isPartOf":{"@id":"https:\/\/remar.ch\/fr\/#website"},"datePublished":"2022-09-30T06:33:48+00:00","dateModified":"2025-08-11T14:04:28+00:00","description":"Nous sommes Remar Suisse et finan\u00e7ons nos projets sociaux par le biais de services tels que les d\u00e9m\u00e9nagements \u2713 nettoyages \u2713 services de ramassage \u2713 d\u00e9barras","breadcrumb":{"@id":"https:\/\/remar.ch\/fr\/ce-que-nous-offrons\/#breadcrumb"},"inLanguage":"fr-FR","potentialAction":[{"@type":"ReadAction","target":["https:\/\/remar.ch\/fr\/ce-que-nous-offrons\/"]}]},{"@type":"BreadcrumbList","@id":"https:\/\/remar.ch\/fr\/ce-que-nous-offrons\/#breadcrumb","itemListElement":[{"@type":"ListItem","position":1,"name":"Startseite","item":"https:\/\/remar.ch\/fr\/"},{"@type":"ListItem","position":2,"name":"Ce que nous offrons"}]},{"@type":"WebSite","@id":"https:\/\/remar.ch\/fr\/#website","url":"https:\/\/remar.ch\/fr\/","name":"Remar.ch","description":"Jede Mithilfe und Spende z\u00e4hlt","publisher":{"@id":"https:\/\/remar.ch\/fr\/#organization"},"potentialAction":[{"@type":"SearchAction","target":{"@type":"EntryPoint","urlTemplate":"https:\/\/remar.ch\/fr\/?s={search_term_string}"},"query-input":{"@type":"PropertyValueSpecification","valueRequired":true,"valueName":"search_term_string"}}],"inLanguage":"fr-FR"},{"@type":"Organization","@id":"https:\/\/remar.ch\/fr\/#organization","name":"Remar","url":"https:\/\/remar.ch\/fr\/","logo":{"@type":"ImageObject","inLanguage":"fr-FR","@id":"https:\/\/remar.ch\/fr\/#\/schema\/logo\/image\/","url":"https:\/\/remar.ch\/wp-content\/uploads\/2022\/09\/d606e17e-4db0-b635-dd38-928593ec0e41.png","contentUrl":"https:\/\/remar.ch\/wp-content\/uploads\/2022\/09\/d606e17e-4db0-b635-dd38-928593ec0e41.png","width":4850,"height":3203,"caption":"Remar"},"image":{"@id":"https:\/\/remar.ch\/fr\/#\/schema\/logo\/image\/"},"sameAs":["https:\/\/www.facebook.com\/RemarSchweiz\/?locale=de_DE","https:\/\/x.com\/remar_schweiz"]}]}},"_links":{"self":[{"href":"https:\/\/remar.ch\/fr\/wp-json\/wp\/v2\/pages\/10524","targetHints":{"allow":["GET"]}}],"collection":[{"href":"https:\/\/remar.ch\/fr\/wp-json\/wp\/v2\/pages"}],"about":[{"href":"https:\/\/remar.ch\/fr\/wp-json\/wp\/v2\/types\/page"}],"author":[{"embeddable":true,"href":"https:\/\/remar.ch\/fr\/wp-json\/wp\/v2\/users\/1"}],"replies":[{"embeddable":true,"href":"https:\/\/remar.ch\/fr\/wp-json\/wp\/v2\/comments?post=10524"}],"version-history":[{"count":1,"href":"https:\/\/remar.ch\/fr\/wp-json\/wp\/v2\/pages\/10524\/revisions"}],"predecessor-version":[{"id":10525,"href":"https:\/\/remar.ch\/fr\/wp-json\/wp\/v2\/pages\/10524\/revisions\/10525"}],"wp:attachment":[{"href":"https:\/\/remar.ch\/fr\/wp-json\/wp\/v2\/media?parent=10524"}],"curies":[{"name":"wp","href":"https:\/\/api.w.org\/{rel}","templated":true}]}}