{"id":10793,"date":"2023-10-16T11:54:57","date_gmt":"2023-10-16T11:54:57","guid":{"rendered":"https:\/\/remar.ch\/demenagements\/reserver-un-demenagement-a-zurich\/"},"modified":"2025-08-25T10:35:15","modified_gmt":"2025-08-25T10:35:15","slug":"reserver-un-demenagement-a-zurich","status":"publish","type":"page","link":"https:\/\/remar.ch\/fr\/demenagements\/reserver-un-demenagement-a-zurich\/","title":{"rendered":"R\u00e9server un d\u00e9m\u00e9nagement \u00e0 Zurich"},"content":{"rendered":"\t\t<div data-elementor-type=\"wp-page\" data-elementor-id=\"10793\" class=\"elementor elementor-10793 elementor-3974\" data-elementor-post-type=\"page\">\n\t\t\t\t\t\t<section class=\"elementor-section elementor-top-section elementor-element elementor-element-9d8c4de elementor-section-boxed elementor-section-height-default elementor-section-height-default\" data-id=\"9d8c4de\" data-element_type=\"section\" data-e-type=\"section\">\n\t\t\t\t\t\t<div class=\"elementor-container elementor-column-gap-default\">\n\t\t\t\t\t<div class=\"elementor-column elementor-col-100 elementor-top-column elementor-element elementor-element-51e92be1\" data-id=\"51e92be1\" data-element_type=\"column\" data-e-type=\"column\" data-settings='{\"background_background\":\"classic\"}'>\n\t\t\t<div class=\"elementor-widget-wrap elementor-element-populated\">\n\t\t\t\t\t\t<div class=\"elementor-element elementor-element-9ca7c15 elementor-widget-divider--view-line_text elementor-widget-divider--element-align-center elementor-widget elementor-widget-divider\" data-id=\"9ca7c15\" data-element_type=\"widget\" data-e-type=\"widget\" data-settings='{\"motion_fx_motion_fx_scrolling\":\"yes\",\"motion_fx_translateX_effect\":\"yes\",\"motion_fx_translateX_speed\":{\"unit\":\"px\",\"size\":\"1\",\"sizes\":[]},\"motion_fx_translateX_affectedRange\":{\"unit\":\"%\",\"size\":\"\",\"sizes\":{\"start\":\"0\",\"end\":\"50\"}},\"motion_fx_devices\":[\"desktop\",\"tablet\"]}' data-widget_type=\"divider.default\">\n\t\t\t\t<div class=\"elementor-widget-container\">\n\t\t\t\t\t\t\t<div class=\"elementor-divider\">\n\t\t\t<span class=\"elementor-divider-separator\">\n\t\t\t\t\t\t\t<span class=\"elementor-divider__text elementor-divider__element\">\n\t\t\t\t<span style=\"font-weight: 700;\">Fixer une date de visite pour le d&eacute;m&eacute;nagement &agrave; Zurich<\/span>\t\t\t\t<\/span>\n\t\t\t\t\t\t<\/span>\n\t\t<\/div>\n\t\t\t\t\t\t<\/div>\n\t\t\t\t<\/div>\n\t\t\t\t\t<\/div>\n\t\t<\/div>\n\t\t\t\t\t<\/div>\n\t\t<\/section>\n\t\t\t\t<section class=\"elementor-section elementor-top-section elementor-element elementor-element-e4b7f24 elementor-section-boxed elementor-section-height-default elementor-section-height-default\" data-id=\"e4b7f24\" data-element_type=\"section\" data-e-type=\"section\">\n\t\t\t\t\t\t<div class=\"elementor-container elementor-column-gap-default\">\n\t\t\t\t\t<div class=\"elementor-column elementor-col-100 elementor-top-column elementor-element elementor-element-5227916\" data-id=\"5227916\" data-element_type=\"column\" data-e-type=\"column\">\n\t\t\t<div class=\"elementor-widget-wrap elementor-element-populated\">\n\t\t\t\t\t\t<div class=\"elementor-element elementor-element-13dee75 elementor-widget elementor-widget-html\" data-id=\"13dee75\" data-element_type=\"widget\" data-e-type=\"widget\" data-widget_type=\"html.default\">\n\t\t\t\t<div class=\"elementor-widget-container\">\n\t\t\t\t\t<iframe loading=\"lazy\" src=\"https:\/\/outlook.office365.com\/owa\/calendar\/REMARSchweiz@remar.ch\/bookings\/s\/H4oU-KDBSUSlub51X8YebA2\" width=\"100%\" height=\"2400\" scrolling=\"yes\" style=\"border:0\"><\/iframe>\t\t\t\t<\/div>\n\t\t\t\t<\/div>\n\t\t\t\t\t<\/div>\n\t\t<\/div>\n\t\t\t\t\t<\/div>\n\t\t<\/section>\n\t\t\t\t<section class=\"elementor-section elementor-top-section elementor-element elementor-element-34286d59 elementor-section-boxed elementor-section-height-default elementor-section-height-default\" data-id=\"34286d59\" data-element_type=\"section\" data-e-type=\"section\">\n\t\t\t\t\t\t<div class=\"elementor-container elementor-column-gap-default\">\n\t\t\t\t\t<div class=\"elementor-column elementor-col-100 elementor-top-column elementor-element elementor-element-3f0e7ec6\" data-id=\"3f0e7ec6\" data-element_type=\"column\" data-e-type=\"column\">\n\t\t\t<div class=\"elementor-widget-wrap elementor-element-populated\">\n\t\t\t\t\t\t<div class=\"elementor-element elementor-element-5a5e724a elementor-widget elementor-widget-text-editor\" data-id=\"5a5e724a\" data-element_type=\"widget\" data-e-type=\"widget\" data-widget_type=\"text-editor.default\">\n\t\t\t\t<div class=\"elementor-widget-container\">\n\t\t\t\t\t\t\t\t\t<p>Une question a &eacute;t&eacute; soulev&eacute;e ? Tu as une question ou une proposition d&rsquo;am&eacute;lioration ? Tu souhaites acheter des produits alimentaires ? Nous r&eacute;pondons volontiers &agrave; toutes les questions.   <\/p>\t\t\t\t\t\t\t\t<\/div>\n\t\t\t\t<\/div>\n\t\t\t\t<div class=\"elementor-element elementor-element-568a1a0f elementor-widget elementor-widget-heading\" data-id=\"568a1a0f\" data-element_type=\"widget\" data-e-type=\"widget\" data-widget_type=\"heading.default\">\n\t\t\t\t<div class=\"elementor-widget-container\">\n\t\t\t\t\t<h3 class=\"elementor-heading-title elementor-size-default\">Adresse<\/h3>\t\t\t\t<\/div>\n\t\t\t\t<\/div>\n\t\t\t\t<div class=\"elementor-element elementor-element-6be0e501 elementor-widget elementor-widget-text-editor\" data-id=\"6be0e501\" data-element_type=\"widget\" data-e-type=\"widget\" data-widget_type=\"text-editor.default\">\n\t\t\t\t<div class=\"elementor-widget-container\">\n\t\t\t\t\t\t\t\t\t<p>Bertschikerstrasse 2, CH-8620, Wetzikon<\/p>\t\t\t\t\t\t\t\t<\/div>\n\t\t\t\t<\/div>\n\t\t\t\t<div class=\"elementor-element elementor-element-f7fcb3b elementor-widget elementor-widget-heading\" data-id=\"f7fcb3b\" data-element_type=\"widget\" data-e-type=\"widget\" data-widget_type=\"heading.default\">\n\t\t\t\t<div class=\"elementor-widget-container\">\n\t\t\t\t\t<h3 class=\"elementor-heading-title elementor-size-default\">Appelle-nous<\/h3>\t\t\t\t<\/div>\n\t\t\t\t<\/div>\n\t\t\t\t<div class=\"elementor-element elementor-element-78a7557 elementor-widget elementor-widget-text-editor\" data-id=\"78a7557\" data-element_type=\"widget\" data-e-type=\"widget\" data-widget_type=\"text-editor.default\">\n\t\t\t\t<div class=\"elementor-widget-container\">\n\t\t\t\t\t\t\t\t\t<p>+41 58 255 55 80<\/p>\t\t\t\t\t\t\t\t<\/div>\n\t\t\t\t<\/div>\n\t\t\t\t<div class=\"elementor-element elementor-element-48943d4c elementor-align-left elementor-widget elementor-widget-button\" data-id=\"48943d4c\" data-element_type=\"widget\" data-e-type=\"widget\" data-widget_type=\"button.default\">\n\t\t\t\t<div class=\"elementor-widget-container\">\n\t\t\t\t\t\t\t\t\t<div class=\"elementor-button-wrapper\">\n\t\t\t\t\t<a class=\"elementor-button elementor-button-link elementor-size-sm\" href=\"https:\/\/remar.ch\/spenden\/\">\n\t\t\t\t\t\t<span class=\"elementor-button-content-wrapper\">\n\t\t\t\t\t\t\t\t\t<span class=\"elementor-button-text\">Faire un don maintenant<\/span>\n\t\t\t\t\t<\/span>\n\t\t\t\t\t<\/a>\n\t\t\t\t<\/div>\n\t\t\t\t\t\t\t\t<\/div>\n\t\t\t\t<\/div>\n\t\t\t\t\t<\/div>\n\t\t<\/div>\n\t\t\t\t\t<\/div>\n\t\t<\/section>\n\t\t\t\t<section class=\"elementor-section elementor-top-section elementor-element elementor-element-f2f947d elementor-section-boxed elementor-section-height-default elementor-section-height-default\" data-id=\"f2f947d\" data-element_type=\"section\" data-e-type=\"section\">\n\t\t\t\t\t\t<div class=\"elementor-container elementor-column-gap-default\">\n\t\t\t\t\t<div class=\"elementor-column elementor-col-100 elementor-top-column elementor-element elementor-element-538cfd7\" data-id=\"538cfd7\" data-element_type=\"column\" data-e-type=\"column\">\n\t\t\t<div class=\"elementor-widget-wrap elementor-element-populated\">\n\t\t\t\t\t\t\t<\/div>\n\t\t<\/div>\n\t\t\t\t\t<\/div>\n\t\t<\/section>\n\t\t\t\t<\/div>\n\t\t","protected":false},"excerpt":{"rendered":"<p>Fixer une date de visite pour le d\u00e9m\u00e9nagement \u00e0 Zurich Une question a \u00e9t\u00e9 soulev\u00e9e ? Tu as une question ou une proposition d&rsquo;am\u00e9lioration ? Tu souhaites acheter des produits alimentaires ? Nous r\u00e9pondons volontiers \u00e0 toutes les questions. Adresse Bertschikerstrasse 2, CH-8620, Wetzikon Appelle-nous +41 58 255 55 80 Faire un don maintenant<\/p>\n","protected":false},"author":1,"featured_media":0,"parent":10459,"menu_order":0,"comment_status":"closed","ping_status":"closed","template":"","meta":{"_acf_changed":false,"footnotes":""},"class_list":["post-10793","page","type-page","status-publish","hentry"],"acf":[],"yoast_head":"<!-- This site is optimized with the Yoast SEO plugin v27.3 - https:\/\/yoast.com\/product\/yoast-seo-wordpress\/ -->\n<title>R\u00e9server un d\u00e9m\u00e9nagement \u00e0 Zurich - Seit 30 Jahren helfen wir bed\u00fcrftigen Menschen in 70 L\u00e4ndern<\/title>\n<meta name=\"robots\" content=\"noindex, follow\" \/>\n<meta property=\"og:locale\" content=\"fr_FR\" \/>\n<meta property=\"og:type\" content=\"article\" \/>\n<meta property=\"og:title\" content=\"R\u00e9server un d\u00e9m\u00e9nagement \u00e0 Zurich - Seit 30 Jahren helfen wir bed\u00fcrftigen Menschen in 70 L\u00e4ndern\" \/>\n<meta property=\"og:description\" content=\"Fixer une date de visite pour le d\u00e9m\u00e9nagement \u00e0 Zurich Une question a \u00e9t\u00e9 soulev\u00e9e ? Tu as une question ou une proposition d&rsquo;am\u00e9lioration ? Tu souhaites acheter des produits alimentaires ? Nous r\u00e9pondons volontiers \u00e0 toutes les questions. Adresse Bertschikerstrasse 2, CH-8620, Wetzikon Appelle-nous +41 58 255 55 80 Faire un don maintenant\" \/>\n<meta property=\"og:url\" content=\"https:\/\/remar.ch\/fr\/demenagements\/reserver-un-demenagement-a-zurich\/\" \/>\n<meta property=\"og:site_name\" content=\"Seit 30 Jahren helfen wir bed\u00fcrftigen Menschen in 70 L\u00e4ndern\" \/>\n<meta property=\"article:publisher\" content=\"https:\/\/www.facebook.com\/RemarSchweiz\/?locale=de_DE\" \/>\n<meta property=\"article:modified_time\" content=\"2025-08-25T10:35:15+00:00\" \/>\n<meta name=\"twitter:card\" content=\"summary_large_image\" \/>\n<meta name=\"twitter:site\" content=\"@remar_schweiz\" \/>\n<meta name=\"twitter:label1\" content=\"Dur\u00e9e de lecture estim\u00e9e\" \/>\n\t<meta name=\"twitter:data1\" content=\"1 minute\" \/>\n<script type=\"application\/ld+json\" class=\"yoast-schema-graph\">{\"@context\":\"https:\\\/\\\/schema.org\",\"@graph\":[{\"@type\":\"WebPage\",\"@id\":\"https:\\\/\\\/remar.ch\\\/fr\\\/demenagements\\\/reserver-un-demenagement-a-zurich\\\/\",\"url\":\"https:\\\/\\\/remar.ch\\\/fr\\\/demenagements\\\/reserver-un-demenagement-a-zurich\\\/\",\"name\":\"R\u00e9server un d\u00e9m\u00e9nagement \u00e0 Zurich - Seit 30 Jahren helfen wir bed\u00fcrftigen Menschen in 70 L\u00e4ndern\",\"isPartOf\":{\"@id\":\"https:\\\/\\\/remar.ch\\\/fr\\\/#website\"},\"datePublished\":\"2023-10-16T11:54:57+00:00\",\"dateModified\":\"2025-08-25T10:35:15+00:00\",\"breadcrumb\":{\"@id\":\"https:\\\/\\\/remar.ch\\\/fr\\\/demenagements\\\/reserver-un-demenagement-a-zurich\\\/#breadcrumb\"},\"inLanguage\":\"fr-FR\",\"potentialAction\":[{\"@type\":\"ReadAction\",\"target\":[\"https:\\\/\\\/remar.ch\\\/fr\\\/demenagements\\\/reserver-un-demenagement-a-zurich\\\/\"]}]},{\"@type\":\"BreadcrumbList\",\"@id\":\"https:\\\/\\\/remar.ch\\\/fr\\\/demenagements\\\/reserver-un-demenagement-a-zurich\\\/#breadcrumb\",\"itemListElement\":[{\"@type\":\"ListItem\",\"position\":1,\"name\":\"Startseite\",\"item\":\"https:\\\/\\\/remar.ch\\\/fr\\\/\"},{\"@type\":\"ListItem\",\"position\":2,\"name\":\"D\u00e9m\u00e9nagements\",\"item\":\"https:\\\/\\\/remar.ch\\\/fr\\\/demenagements\\\/\"},{\"@type\":\"ListItem\",\"position\":3,\"name\":\"R\u00e9server un d\u00e9m\u00e9nagement \u00e0 Zurich\"}]},{\"@type\":\"WebSite\",\"@id\":\"https:\\\/\\\/remar.ch\\\/fr\\\/#website\",\"url\":\"https:\\\/\\\/remar.ch\\\/fr\\\/\",\"name\":\"Remar.ch\",\"description\":\"Jede Mithilfe und Spende z\u00e4hlt\",\"publisher\":{\"@id\":\"https:\\\/\\\/remar.ch\\\/fr\\\/#organization\"},\"potentialAction\":[{\"@type\":\"SearchAction\",\"target\":{\"@type\":\"EntryPoint\",\"urlTemplate\":\"https:\\\/\\\/remar.ch\\\/fr\\\/?s={search_term_string}\"},\"query-input\":{\"@type\":\"PropertyValueSpecification\",\"valueRequired\":true,\"valueName\":\"search_term_string\"}}],\"inLanguage\":\"fr-FR\"},{\"@type\":\"Organization\",\"@id\":\"https:\\\/\\\/remar.ch\\\/fr\\\/#organization\",\"name\":\"Remar\",\"url\":\"https:\\\/\\\/remar.ch\\\/fr\\\/\",\"logo\":{\"@type\":\"ImageObject\",\"inLanguage\":\"fr-FR\",\"@id\":\"https:\\\/\\\/remar.ch\\\/fr\\\/#\\\/schema\\\/logo\\\/image\\\/\",\"url\":\"https:\\\/\\\/remar.ch\\\/wp-content\\\/uploads\\\/2022\\\/09\\\/d606e17e-4db0-b635-dd38-928593ec0e41.png\",\"contentUrl\":\"https:\\\/\\\/remar.ch\\\/wp-content\\\/uploads\\\/2022\\\/09\\\/d606e17e-4db0-b635-dd38-928593ec0e41.png\",\"width\":4850,\"height\":3203,\"caption\":\"Remar\"},\"image\":{\"@id\":\"https:\\\/\\\/remar.ch\\\/fr\\\/#\\\/schema\\\/logo\\\/image\\\/\"},\"sameAs\":[\"https:\\\/\\\/www.facebook.com\\\/RemarSchweiz\\\/?locale=de_DE\",\"https:\\\/\\\/x.com\\\/remar_schweiz\"]}]}<\/script>\n<!-- \/ Yoast SEO plugin. -->","yoast_head_json":{"title":"R\u00e9server un d\u00e9m\u00e9nagement \u00e0 Zurich - Seit 30 Jahren helfen wir bed\u00fcrftigen Menschen in 70 L\u00e4ndern","robots":{"index":"noindex","follow":"follow"},"og_locale":"fr_FR","og_type":"article","og_title":"R\u00e9server un d\u00e9m\u00e9nagement \u00e0 Zurich - Seit 30 Jahren helfen wir bed\u00fcrftigen Menschen in 70 L\u00e4ndern","og_description":"Fixer une date de visite pour le d\u00e9m\u00e9nagement \u00e0 Zurich Une question a \u00e9t\u00e9 soulev\u00e9e ? Tu as une question ou une proposition d&rsquo;am\u00e9lioration ? Tu souhaites acheter des produits alimentaires ? Nous r\u00e9pondons volontiers \u00e0 toutes les questions. Adresse Bertschikerstrasse 2, CH-8620, Wetzikon Appelle-nous +41 58 255 55 80 Faire un don maintenant","og_url":"https:\/\/remar.ch\/fr\/demenagements\/reserver-un-demenagement-a-zurich\/","og_site_name":"Seit 30 Jahren helfen wir bed\u00fcrftigen Menschen in 70 L\u00e4ndern","article_publisher":"https:\/\/www.facebook.com\/RemarSchweiz\/?locale=de_DE","article_modified_time":"2025-08-25T10:35:15+00:00","twitter_card":"summary_large_image","twitter_site":"@remar_schweiz","twitter_misc":{"Dur\u00e9e de lecture estim\u00e9e":"1 minute"},"schema":{"@context":"https:\/\/schema.org","@graph":[{"@type":"WebPage","@id":"https:\/\/remar.ch\/fr\/demenagements\/reserver-un-demenagement-a-zurich\/","url":"https:\/\/remar.ch\/fr\/demenagements\/reserver-un-demenagement-a-zurich\/","name":"R\u00e9server un d\u00e9m\u00e9nagement \u00e0 Zurich - Seit 30 Jahren helfen wir bed\u00fcrftigen Menschen in 70 L\u00e4ndern","isPartOf":{"@id":"https:\/\/remar.ch\/fr\/#website"},"datePublished":"2023-10-16T11:54:57+00:00","dateModified":"2025-08-25T10:35:15+00:00","breadcrumb":{"@id":"https:\/\/remar.ch\/fr\/demenagements\/reserver-un-demenagement-a-zurich\/#breadcrumb"},"inLanguage":"fr-FR","potentialAction":[{"@type":"ReadAction","target":["https:\/\/remar.ch\/fr\/demenagements\/reserver-un-demenagement-a-zurich\/"]}]},{"@type":"BreadcrumbList","@id":"https:\/\/remar.ch\/fr\/demenagements\/reserver-un-demenagement-a-zurich\/#breadcrumb","itemListElement":[{"@type":"ListItem","position":1,"name":"Startseite","item":"https:\/\/remar.ch\/fr\/"},{"@type":"ListItem","position":2,"name":"D\u00e9m\u00e9nagements","item":"https:\/\/remar.ch\/fr\/demenagements\/"},{"@type":"ListItem","position":3,"name":"R\u00e9server un d\u00e9m\u00e9nagement \u00e0 Zurich"}]},{"@type":"WebSite","@id":"https:\/\/remar.ch\/fr\/#website","url":"https:\/\/remar.ch\/fr\/","name":"Remar.ch","description":"Jede Mithilfe und Spende z\u00e4hlt","publisher":{"@id":"https:\/\/remar.ch\/fr\/#organization"},"potentialAction":[{"@type":"SearchAction","target":{"@type":"EntryPoint","urlTemplate":"https:\/\/remar.ch\/fr\/?s={search_term_string}"},"query-input":{"@type":"PropertyValueSpecification","valueRequired":true,"valueName":"search_term_string"}}],"inLanguage":"fr-FR"},{"@type":"Organization","@id":"https:\/\/remar.ch\/fr\/#organization","name":"Remar","url":"https:\/\/remar.ch\/fr\/","logo":{"@type":"ImageObject","inLanguage":"fr-FR","@id":"https:\/\/remar.ch\/fr\/#\/schema\/logo\/image\/","url":"https:\/\/remar.ch\/wp-content\/uploads\/2022\/09\/d606e17e-4db0-b635-dd38-928593ec0e41.png","contentUrl":"https:\/\/remar.ch\/wp-content\/uploads\/2022\/09\/d606e17e-4db0-b635-dd38-928593ec0e41.png","width":4850,"height":3203,"caption":"Remar"},"image":{"@id":"https:\/\/remar.ch\/fr\/#\/schema\/logo\/image\/"},"sameAs":["https:\/\/www.facebook.com\/RemarSchweiz\/?locale=de_DE","https:\/\/x.com\/remar_schweiz"]}]}},"_links":{"self":[{"href":"https:\/\/remar.ch\/fr\/wp-json\/wp\/v2\/pages\/10793","targetHints":{"allow":["GET"]}}],"collection":[{"href":"https:\/\/remar.ch\/fr\/wp-json\/wp\/v2\/pages"}],"about":[{"href":"https:\/\/remar.ch\/fr\/wp-json\/wp\/v2\/types\/page"}],"author":[{"embeddable":true,"href":"https:\/\/remar.ch\/fr\/wp-json\/wp\/v2\/users\/1"}],"replies":[{"embeddable":true,"href":"https:\/\/remar.ch\/fr\/wp-json\/wp\/v2\/comments?post=10793"}],"version-history":[{"count":4,"href":"https:\/\/remar.ch\/fr\/wp-json\/wp\/v2\/pages\/10793\/revisions"}],"predecessor-version":[{"id":11255,"href":"https:\/\/remar.ch\/fr\/wp-json\/wp\/v2\/pages\/10793\/revisions\/11255"}],"up":[{"embeddable":true,"href":"https:\/\/remar.ch\/fr\/wp-json\/wp\/v2\/pages\/10459"}],"wp:attachment":[{"href":"https:\/\/remar.ch\/fr\/wp-json\/wp\/v2\/media?parent=10793"}],"curies":[{"name":"wp","href":"https:\/\/api.w.org\/{rel}","templated":true}]}}