{"id":10490,"date":"2022-09-30T08:44:40","date_gmt":"2022-09-30T08:44:40","guid":{"rendered":"https:\/\/remar.ch\/wetzikon\/"},"modified":"2025-11-27T11:31:11","modified_gmt":"2025-11-27T11:31:11","slug":"wetzikon","status":"publish","type":"page","link":"https:\/\/remar.ch\/it\/wetzikon\/","title":{"rendered":"Wetzikon"},"content":{"rendered":"\t\t<div data-elementor-type=\"wp-page\" data-elementor-id=\"10490\" class=\"elementor elementor-10490 elementor-95\" data-elementor-post-type=\"page\">\n\t\t\t\t\t\t<section class=\"elementor-section elementor-top-section elementor-element elementor-element-3943a56f elementor-section-boxed elementor-section-height-default elementor-section-height-default\" data-id=\"3943a56f\" data-element_type=\"section\" data-e-type=\"section\">\n\t\t\t\t\t\t<div class=\"elementor-container elementor-column-gap-default\">\n\t\t\t\t\t<div class=\"elementor-column elementor-col-100 elementor-top-column elementor-element elementor-element-3b94f8e1\" data-id=\"3b94f8e1\" data-element_type=\"column\" data-e-type=\"column\">\n\t\t\t<div class=\"elementor-widget-wrap elementor-element-populated\">\n\t\t\t\t\t\t<div class=\"elementor-element elementor-element-2899e706 elementor-widget elementor-widget-heading\" data-id=\"2899e706\" data-element_type=\"widget\" data-e-type=\"widget\" data-widget_type=\"heading.default\">\n\t\t\t\t<div class=\"elementor-widget-container\">\n\t\t\t\t\t<h1 class=\"elementor-heading-title elementor-size-default\">Mercatino dell'usato Wetzikon<\/h1>\t\t\t\t<\/div>\n\t\t\t\t<\/div>\n\t\t\t\t\t<\/div>\n\t\t<\/div>\n\t\t\t\t\t<\/div>\n\t\t<\/section>\n\t\t\t\t<section class=\"elementor-section elementor-top-section elementor-element elementor-element-11db9980 elementor-section-full_width elementor-section-height-min-height elementor-section-height-default elementor-section-items-middle\" data-id=\"11db9980\" data-element_type=\"section\" data-e-type=\"section\">\n\t\t\t\t\t\t<div class=\"elementor-container elementor-column-gap-default\">\n\t\t\t\t\t<div class=\"elementor-column elementor-col-100 elementor-top-column elementor-element elementor-element-35256fbb\" data-id=\"35256fbb\" data-element_type=\"column\" data-e-type=\"column\">\n\t\t\t<div class=\"elementor-widget-wrap elementor-element-populated\">\n\t\t\t\t\t\t<div class=\"elementor-element elementor-element-23a96932 elementor--h-position-right elementor--v-position-bottom elementor-pagination-position-outside elementor-widget elementor-widget-slides\" data-id=\"23a96932\" data-element_type=\"widget\" data-e-type=\"widget\" data-settings='{\"navigation\":\"dots\",\"autoplay_speed\":\"3500\",\"transition_speed\":1000,\"transition\":\"fade\",\"autoplay\":\"yes\",\"infinite\":\"yes\"}' data-widget_type=\"slides.default\">\n\t\t\t\t<div class=\"elementor-widget-container\">\n\t\t\t\t\t\t\t\t\t<div class=\"elementor-swiper\">\n\t\t\t\t\t<div class=\"elementor-slides-wrapper elementor-main-swiper swiper\" role=\"region\" aria-roledescription=\"carousel\" aria-label=\"Slides\" dir=\"ltr\" data-animation=\"fadeInUp\">\n\t\t\t\t<div class=\"swiper-wrapper elementor-slides\">\n\t\t\t\t\t\t\t\t\t\t<div class=\"elementor-repeater-item-348228a swiper-slide\" role=\"group\" aria-roledescription=\"slide\"><div class=\"swiper-slide-bg\" role=\"img\" aria-label=\"wetzikon-laden\"><\/div><a class=\"swiper-slide-inner\" href=\"https:\/\/remar.ch\/it\/contattateci\/\"><div class=\"swiper-slide-contents\"><div class=\"elementor-button elementor-slide-button elementor-size-xl\">Contattateci<\/div><\/div><\/a><\/div>\t\t\t\t<\/div>\n\t\t\t\t\t\t\t<\/div>\n\t\t\t\t<\/div>\n\t\t\t\t\t\t\t\t<\/div>\n\t\t\t\t<\/div>\n\t\t\t\t\t<\/div>\n\t\t<\/div>\n\t\t\t\t\t<\/div>\n\t\t<\/section>\n\t\t\t\t<section class=\"elementor-section elementor-top-section elementor-element elementor-element-62b011f7 elementor-section-boxed elementor-section-height-default elementor-section-height-default\" data-id=\"62b011f7\" data-element_type=\"section\" data-e-type=\"section\">\n\t\t\t\t\t\t<div class=\"elementor-container elementor-column-gap-default\">\n\t\t\t\t\t<div class=\"elementor-column elementor-col-100 elementor-top-column elementor-element elementor-element-2314e9de\" data-id=\"2314e9de\" data-element_type=\"column\" data-e-type=\"column\">\n\t\t\t<div class=\"elementor-widget-wrap elementor-element-populated\">\n\t\t\t\t\t\t<div class=\"elementor-element elementor-element-38e0b277 elementor-widget elementor-widget-heading\" data-id=\"38e0b277\" data-element_type=\"widget\" data-e-type=\"widget\" data-widget_type=\"heading.default\">\n\t\t\t\t<div class=\"elementor-widget-container\">\n\t\t\t\t\t<h3 class=\"elementor-heading-title elementor-size-default\">Orari di apertura:<\/h3>\t\t\t\t<\/div>\n\t\t\t\t<\/div>\n\t\t\t\t<div class=\"elementor-element elementor-element-33b62b58 elementor-widget elementor-widget-text-editor\" data-id=\"33b62b58\" data-element_type=\"widget\" data-e-type=\"widget\" data-widget_type=\"text-editor.default\">\n\t\t\t\t<div class=\"elementor-widget-container\">\n\t\t\t\t\t\t\t\t\t<p>Luned&igrave; &ndash; venerd&igrave;: dalle 10:00 alle 18:00<br>Sabato: dalle 10:00 alle 17:00<\/p>\t\t\t\t\t\t\t\t<\/div>\n\t\t\t\t<\/div>\n\t\t\t\t<div class=\"elementor-element elementor-element-22c8a56e elementor-widget elementor-widget-heading\" data-id=\"22c8a56e\" data-element_type=\"widget\" data-e-type=\"widget\" data-widget_type=\"heading.default\">\n\t\t\t\t<div class=\"elementor-widget-container\">\n\t\t\t\t\t<h3 class=\"elementor-heading-title elementor-size-default\">Posizione:<\/h3>\t\t\t\t<\/div>\n\t\t\t\t<\/div>\n\t\t\t\t<div class=\"elementor-element elementor-element-61a3606f elementor-widget elementor-widget-text-editor\" data-id=\"61a3606f\" data-element_type=\"widget\" data-e-type=\"widget\" data-widget_type=\"text-editor.default\">\n\t\t\t\t<div class=\"elementor-widget-container\">\n\t\t\t\t\t\t\t\t\t<p>Bertschikerstrasse 2, 8620 Wetzikon<\/p>\t\t\t\t\t\t\t\t<\/div>\n\t\t\t\t<\/div>\n\t\t\t\t<div class=\"elementor-element elementor-element-5e0e9f83 elementor-widget elementor-widget-google_maps\" data-id=\"5e0e9f83\" data-element_type=\"widget\" data-e-type=\"widget\" data-widget_type=\"google_maps.default\">\n\t\t\t\t<div class=\"elementor-widget-container\">\n\t\t\t\t\t\t\t<div class=\"elementor-custom-embed\">\n\t\t\t<iframe loading=\"lazy\" src=\"https:\/\/maps.google.com\/maps?q=Bertschikerstrasse%202%2C%208620%20Wetzikon&amp;t=m&amp;z=10&amp;output=embed&amp;iwloc=near\" title=\"Bertschikerstrasse 2, 8620 Wetzikon\" aria-label=\"Bertschikerstrasse 2, 8620 Wetzikon\"><\/iframe>\n\t\t<\/div>\n\t\t\t\t\t\t<\/div>\n\t\t\t\t<\/div>\n\t\t\t\t\t<\/div>\n\t\t<\/div>\n\t\t\t\t\t<\/div>\n\t\t<\/section>\n\t\t\t\t<section class=\"elementor-section elementor-top-section elementor-element elementor-element-4f3002d elementor-section-full_width elementor-section-height-default elementor-section-height-default\" data-id=\"4f3002d\" data-element_type=\"section\" data-e-type=\"section\">\n\t\t\t\t\t\t<div class=\"elementor-container elementor-column-gap-default\">\n\t\t\t\t\t<div class=\"elementor-column elementor-col-100 elementor-top-column elementor-element elementor-element-ce55e90\" data-id=\"ce55e90\" data-element_type=\"column\" data-e-type=\"column\">\n\t\t\t<div class=\"elementor-widget-wrap elementor-element-populated\">\n\t\t\t\t\t\t<div class=\"elementor-element elementor-element-51c1bda elementor-widget-divider--view-line_text elementor-widget-divider--element-align-left elementor-widget elementor-widget-divider\" data-id=\"51c1bda\" data-element_type=\"widget\" data-e-type=\"widget\" data-settings='{\"motion_fx_motion_fx_scrolling\":\"yes\",\"motion_fx_translateX_effect\":\"yes\",\"motion_fx_translateX_speed\":{\"unit\":\"px\",\"size\":\"1\",\"sizes\":[]},\"motion_fx_translateX_affectedRange\":{\"unit\":\"%\",\"size\":\"\",\"sizes\":{\"start\":\"0\",\"end\":\"50\"}},\"motion_fx_devices\":[\"desktop\",\"tablet\"]}' data-widget_type=\"divider.default\">\n\t\t\t\t<div class=\"elementor-widget-container\">\n\t\t\t\t\t\t\t<div class=\"elementor-divider\">\n\t\t\t<span class=\"elementor-divider-separator\">\n\t\t\t\t\t\t\t<span class=\"elementor-divider__text elementor-divider__element\">\n\t\t\t\tScoprite le novit&agrave; della Brockenhaus <b> Wetzikon! <\/b> \t\t\t\t<\/span>\n\t\t\t\t\t\t<\/span>\n\t\t<\/div>\n\t\t\t\t\t\t<\/div>\n\t\t\t\t<\/div>\n\t\t\t\t\t<\/div>\n\t\t<\/div>\n\t\t\t\t\t<\/div>\n\t\t<\/section>\n\t\t\t\t<section class=\"elementor-section elementor-top-section elementor-element elementor-element-599a6f5 elementor-section-boxed elementor-section-height-default elementor-section-height-default\" data-id=\"599a6f5\" data-element_type=\"section\" data-e-type=\"section\">\n\t\t\t\t\t\t<div class=\"elementor-container elementor-column-gap-default\">\n\t\t\t\t\t<div class=\"elementor-column elementor-col-50 elementor-top-column elementor-element elementor-element-52218fa\" data-id=\"52218fa\" data-element_type=\"column\" data-e-type=\"column\">\n\t\t\t<div class=\"elementor-widget-wrap elementor-element-populated\">\n\t\t\t\t\t\t<div class=\"elementor-element elementor-element-8556971 elementor-widget elementor-widget-text-editor\" data-id=\"8556971\" data-element_type=\"widget\" data-e-type=\"widget\" data-widget_type=\"text-editor.default\">\n\t\t\t\t<div class=\"elementor-widget-container\">\n\t\t\t\t\t\t\t\t\t<p>Un caloroso benvenuto! Mettetevi comodi nella Brockenstube di Remar: c&rsquo;&egrave; molto da scoprire: Mobili, vestiti, oggetti di uso quotidiano e molto altro. Trovate i migliori oggetti di seconda mano e sperimentate l&rsquo;alta qualit&agrave; a un prezzo equo.  <\/p>\t\t\t\t\t\t\t\t<\/div>\n\t\t\t\t<\/div>\n\t\t\t\t\t<\/div>\n\t\t<\/div>\n\t\t\t\t<div class=\"elementor-column elementor-col-50 elementor-top-column elementor-element elementor-element-78f8b15\" data-id=\"78f8b15\" data-element_type=\"column\" data-e-type=\"column\">\n\t\t\t<div class=\"elementor-widget-wrap\">\n\t\t\t\t\t\t\t<\/div>\n\t\t<\/div>\n\t\t\t\t\t<\/div>\n\t\t<\/section>\n\t\t\t\t<section class=\"elementor-section elementor-top-section elementor-element elementor-element-339ed82 elementor-section-full_width elementor-section-height-default elementor-section-height-default\" data-id=\"339ed82\" data-element_type=\"section\" data-e-type=\"section\">\n\t\t\t\t\t\t<div class=\"elementor-container elementor-column-gap-default\">\n\t\t\t\t\t<div class=\"elementor-column elementor-col-100 elementor-top-column elementor-element elementor-element-0212e6b\" data-id=\"0212e6b\" data-element_type=\"column\" data-e-type=\"column\">\n\t\t\t<div class=\"elementor-widget-wrap elementor-element-populated\">\n\t\t\t\t\t\t<div class=\"elementor-element elementor-element-c9f8bbf elementor-widget-divider--view-line_text elementor-widget-divider--element-align-left elementor-widget elementor-widget-divider\" data-id=\"c9f8bbf\" data-element_type=\"widget\" data-e-type=\"widget\" data-settings='{\"motion_fx_motion_fx_scrolling\":\"yes\",\"motion_fx_translateX_effect\":\"yes\",\"motion_fx_translateX_speed\":{\"unit\":\"px\",\"size\":\"1\",\"sizes\":[]},\"motion_fx_translateX_affectedRange\":{\"unit\":\"%\",\"size\":\"\",\"sizes\":{\"start\":\"0\",\"end\":\"50\"}},\"motion_fx_devices\":[\"desktop\",\"tablet\"]}' data-widget_type=\"divider.default\">\n\t\t\t\t<div class=\"elementor-widget-container\">\n\t\t\t\t\t\t\t<div class=\"elementor-divider\">\n\t\t\t<span class=\"elementor-divider-separator\">\n\t\t\t\t\t\t\t<span class=\"elementor-divider__text elementor-divider__element\">\n\t\t\t\tVolete regalare <b> o regalarvi <\/b> qualcosa <b>? <\/b> \t\t\t\t<\/span>\n\t\t\t\t\t\t<\/span>\n\t\t<\/div>\n\t\t\t\t\t\t<\/div>\n\t\t\t\t<\/div>\n\t\t\t\t\t<\/div>\n\t\t<\/div>\n\t\t\t\t\t<\/div>\n\t\t<\/section>\n\t\t\t\t<section class=\"elementor-section elementor-top-section elementor-element elementor-element-79677c9 elementor-section-boxed elementor-section-height-default elementor-section-height-default\" data-id=\"79677c9\" data-element_type=\"section\" data-e-type=\"section\">\n\t\t\t\t\t\t<div class=\"elementor-container elementor-column-gap-default\">\n\t\t\t\t\t<div class=\"elementor-column elementor-col-50 elementor-top-column elementor-element elementor-element-927f0d3\" data-id=\"927f0d3\" data-element_type=\"column\" data-e-type=\"column\">\n\t\t\t<div class=\"elementor-widget-wrap elementor-element-populated\">\n\t\t\t\t\t\t<div class=\"elementor-element elementor-element-1101f7f elementor-widget elementor-widget-text-editor\" data-id=\"1101f7f\" data-element_type=\"widget\" data-e-type=\"widget\" data-widget_type=\"text-editor.default\">\n\t\t\t\t<div class=\"elementor-widget-container\">\n\t\t\t\t\t\t\t\t\t<p>Ci siamo passati tutti: oggetti che riempiono inutilmente la cantina di casa e che non hanno pi&ugrave; un uso. Remar Svizzera &egrave; felice di ogni donazione in natura, perch&eacute; porta gioia a un&rsquo;altra persona. <\/p>\t\t\t\t\t\t\t\t<\/div>\n\t\t\t\t<\/div>\n\t\t\t\t\t<\/div>\n\t\t<\/div>\n\t\t\t\t<div class=\"elementor-column elementor-col-50 elementor-top-column elementor-element elementor-element-5e4cbfb\" data-id=\"5e4cbfb\" data-element_type=\"column\" data-e-type=\"column\">\n\t\t\t<div class=\"elementor-widget-wrap\">\n\t\t\t\t\t\t\t<\/div>\n\t\t<\/div>\n\t\t\t\t\t<\/div>\n\t\t<\/section>\n\t\t\t\t<\/div>\n\t\t","protected":false},"excerpt":{"rendered":"<p>Mercatino dell&#8217;usato Wetzikon Contattateci Orari di apertura: Luned\u00ec &#8211; venerd\u00ec: dalle 10:00 alle 18:00Sabato: dalle 10:00 alle 17:00 Posizione: Bertschikerstrasse 2, 8620 Wetzikon Scoprite le novit\u00e0 della Brockenhaus Wetzikon! Un caloroso benvenuto! Mettetevi comodi nella Brockenstube di Remar: c&#8217;\u00e8 molto da scoprire: Mobili, vestiti, oggetti di uso quotidiano e molto altro. Trovate i migliori oggetti [&hellip;]<\/p>\n","protected":false},"author":1,"featured_media":0,"parent":0,"menu_order":0,"comment_status":"closed","ping_status":"closed","template":"","meta":{"_acf_changed":false,"footnotes":""},"class_list":["post-10490","page","type-page","status-publish","hentry"],"acf":[],"yoast_head":"<!-- This site is optimized with the Yoast SEO plugin v27.4 - https:\/\/yoast.com\/product\/yoast-seo-wordpress\/ -->\n<title>Remars Brockenhaus a Wetzikon - tutto per la vostra casa<\/title>\n<meta name=\"description\" content=\"Nella nostra Brockenhaus di Wetzikon troverete: Vestiti \u2713 Stoviglie \u2713 Dischi \u2713 Orologi \u2713 Biciclette \u2713 Lavatrici \u2713 Mobili \u2713 Elettrodomestici \u2713 Veicoli.\" \/>\n<meta name=\"robots\" content=\"index, follow, max-snippet:-1, max-image-preview:large, max-video-preview:-1\" \/>\n<link rel=\"canonical\" href=\"https:\/\/remar.ch\/it\/wetzikon\/\" \/>\n<meta property=\"og:locale\" content=\"it_IT\" \/>\n<meta property=\"og:type\" content=\"article\" \/>\n<meta property=\"og:title\" content=\"Remars Brockenhaus a Wetzikon - tutto per la vostra casa\" \/>\n<meta property=\"og:description\" content=\"Nella nostra Brockenhaus di Wetzikon troverete: Vestiti \u2713 Stoviglie \u2713 Dischi \u2713 Orologi \u2713 Biciclette \u2713 Lavatrici \u2713 Mobili \u2713 Elettrodomestici \u2713 Veicoli.\" \/>\n<meta property=\"og:url\" content=\"https:\/\/remar.ch\/it\/wetzikon\/\" \/>\n<meta property=\"og:site_name\" content=\"Seit 30 Jahren helfen wir bed\u00fcrftigen Menschen in 70 L\u00e4ndern\" \/>\n<meta property=\"article:publisher\" content=\"https:\/\/www.facebook.com\/RemarSchweiz\/?locale=de_DE\" \/>\n<meta property=\"article:modified_time\" content=\"2025-11-27T11:31:11+00:00\" \/>\n<meta name=\"twitter:card\" content=\"summary_large_image\" \/>\n<meta name=\"twitter:site\" content=\"@remar_schweiz\" \/>\n<meta name=\"twitter:label1\" content=\"Tempo di lettura stimato\" \/>\n\t<meta name=\"twitter:data1\" content=\"1 minuto\" \/>\n<script type=\"application\/ld+json\" class=\"yoast-schema-graph\">{\"@context\":\"https:\\\/\\\/schema.org\",\"@graph\":[{\"@type\":\"WebPage\",\"@id\":\"https:\\\/\\\/remar.ch\\\/it\\\/wetzikon\\\/\",\"url\":\"https:\\\/\\\/remar.ch\\\/it\\\/wetzikon\\\/\",\"name\":\"Remars Brockenhaus a Wetzikon - tutto per la vostra casa\",\"isPartOf\":{\"@id\":\"https:\\\/\\\/remar.ch\\\/it\\\/#website\"},\"datePublished\":\"2022-09-30T08:44:40+00:00\",\"dateModified\":\"2025-11-27T11:31:11+00:00\",\"description\":\"Nella nostra Brockenhaus di Wetzikon troverete: Vestiti \u2713 Stoviglie \u2713 Dischi \u2713 Orologi \u2713 Biciclette \u2713 Lavatrici \u2713 Mobili \u2713 Elettrodomestici \u2713 Veicoli.\",\"breadcrumb\":{\"@id\":\"https:\\\/\\\/remar.ch\\\/it\\\/wetzikon\\\/#breadcrumb\"},\"inLanguage\":\"it-IT\",\"potentialAction\":[{\"@type\":\"ReadAction\",\"target\":[\"https:\\\/\\\/remar.ch\\\/it\\\/wetzikon\\\/\"]}]},{\"@type\":\"BreadcrumbList\",\"@id\":\"https:\\\/\\\/remar.ch\\\/it\\\/wetzikon\\\/#breadcrumb\",\"itemListElement\":[{\"@type\":\"ListItem\",\"position\":1,\"name\":\"Startseite\",\"item\":\"https:\\\/\\\/remar.ch\\\/it\\\/\"},{\"@type\":\"ListItem\",\"position\":2,\"name\":\"Wetzikon\"}]},{\"@type\":\"WebSite\",\"@id\":\"https:\\\/\\\/remar.ch\\\/it\\\/#website\",\"url\":\"https:\\\/\\\/remar.ch\\\/it\\\/\",\"name\":\"Remar.ch\",\"description\":\"Jede Mithilfe und Spende z\u00e4hlt\",\"publisher\":{\"@id\":\"https:\\\/\\\/remar.ch\\\/it\\\/#organization\"},\"potentialAction\":[{\"@type\":\"SearchAction\",\"target\":{\"@type\":\"EntryPoint\",\"urlTemplate\":\"https:\\\/\\\/remar.ch\\\/it\\\/?s={search_term_string}\"},\"query-input\":{\"@type\":\"PropertyValueSpecification\",\"valueRequired\":true,\"valueName\":\"search_term_string\"}}],\"inLanguage\":\"it-IT\"},{\"@type\":\"Organization\",\"@id\":\"https:\\\/\\\/remar.ch\\\/it\\\/#organization\",\"name\":\"Remar\",\"url\":\"https:\\\/\\\/remar.ch\\\/it\\\/\",\"logo\":{\"@type\":\"ImageObject\",\"inLanguage\":\"it-IT\",\"@id\":\"https:\\\/\\\/remar.ch\\\/it\\\/#\\\/schema\\\/logo\\\/image\\\/\",\"url\":\"https:\\\/\\\/remar.ch\\\/wp-content\\\/uploads\\\/2022\\\/09\\\/d606e17e-4db0-b635-dd38-928593ec0e41.png\",\"contentUrl\":\"https:\\\/\\\/remar.ch\\\/wp-content\\\/uploads\\\/2022\\\/09\\\/d606e17e-4db0-b635-dd38-928593ec0e41.png\",\"width\":4850,\"height\":3203,\"caption\":\"Remar\"},\"image\":{\"@id\":\"https:\\\/\\\/remar.ch\\\/it\\\/#\\\/schema\\\/logo\\\/image\\\/\"},\"sameAs\":[\"https:\\\/\\\/www.facebook.com\\\/RemarSchweiz\\\/?locale=de_DE\",\"https:\\\/\\\/x.com\\\/remar_schweiz\"]}]}<\/script>\n<!-- \/ Yoast SEO plugin. -->","yoast_head_json":{"title":"Remars Brockenhaus a Wetzikon - tutto per la vostra casa","description":"Nella nostra Brockenhaus di Wetzikon troverete: Vestiti \u2713 Stoviglie \u2713 Dischi \u2713 Orologi \u2713 Biciclette \u2713 Lavatrici \u2713 Mobili \u2713 Elettrodomestici \u2713 Veicoli.","robots":{"index":"index","follow":"follow","max-snippet":"max-snippet:-1","max-image-preview":"max-image-preview:large","max-video-preview":"max-video-preview:-1"},"canonical":"https:\/\/remar.ch\/it\/wetzikon\/","og_locale":"it_IT","og_type":"article","og_title":"Remars Brockenhaus a Wetzikon - tutto per la vostra casa","og_description":"Nella nostra Brockenhaus di Wetzikon troverete: Vestiti \u2713 Stoviglie \u2713 Dischi \u2713 Orologi \u2713 Biciclette \u2713 Lavatrici \u2713 Mobili \u2713 Elettrodomestici \u2713 Veicoli.","og_url":"https:\/\/remar.ch\/it\/wetzikon\/","og_site_name":"Seit 30 Jahren helfen wir bed\u00fcrftigen Menschen in 70 L\u00e4ndern","article_publisher":"https:\/\/www.facebook.com\/RemarSchweiz\/?locale=de_DE","article_modified_time":"2025-11-27T11:31:11+00:00","twitter_card":"summary_large_image","twitter_site":"@remar_schweiz","twitter_misc":{"Tempo di lettura stimato":"1 minuto"},"schema":{"@context":"https:\/\/schema.org","@graph":[{"@type":"WebPage","@id":"https:\/\/remar.ch\/it\/wetzikon\/","url":"https:\/\/remar.ch\/it\/wetzikon\/","name":"Remars Brockenhaus a Wetzikon - tutto per la vostra casa","isPartOf":{"@id":"https:\/\/remar.ch\/it\/#website"},"datePublished":"2022-09-30T08:44:40+00:00","dateModified":"2025-11-27T11:31:11+00:00","description":"Nella nostra Brockenhaus di Wetzikon troverete: Vestiti \u2713 Stoviglie \u2713 Dischi \u2713 Orologi \u2713 Biciclette \u2713 Lavatrici \u2713 Mobili \u2713 Elettrodomestici \u2713 Veicoli.","breadcrumb":{"@id":"https:\/\/remar.ch\/it\/wetzikon\/#breadcrumb"},"inLanguage":"it-IT","potentialAction":[{"@type":"ReadAction","target":["https:\/\/remar.ch\/it\/wetzikon\/"]}]},{"@type":"BreadcrumbList","@id":"https:\/\/remar.ch\/it\/wetzikon\/#breadcrumb","itemListElement":[{"@type":"ListItem","position":1,"name":"Startseite","item":"https:\/\/remar.ch\/it\/"},{"@type":"ListItem","position":2,"name":"Wetzikon"}]},{"@type":"WebSite","@id":"https:\/\/remar.ch\/it\/#website","url":"https:\/\/remar.ch\/it\/","name":"Remar.ch","description":"Jede Mithilfe und Spende z\u00e4hlt","publisher":{"@id":"https:\/\/remar.ch\/it\/#organization"},"potentialAction":[{"@type":"SearchAction","target":{"@type":"EntryPoint","urlTemplate":"https:\/\/remar.ch\/it\/?s={search_term_string}"},"query-input":{"@type":"PropertyValueSpecification","valueRequired":true,"valueName":"search_term_string"}}],"inLanguage":"it-IT"},{"@type":"Organization","@id":"https:\/\/remar.ch\/it\/#organization","name":"Remar","url":"https:\/\/remar.ch\/it\/","logo":{"@type":"ImageObject","inLanguage":"it-IT","@id":"https:\/\/remar.ch\/it\/#\/schema\/logo\/image\/","url":"https:\/\/remar.ch\/wp-content\/uploads\/2022\/09\/d606e17e-4db0-b635-dd38-928593ec0e41.png","contentUrl":"https:\/\/remar.ch\/wp-content\/uploads\/2022\/09\/d606e17e-4db0-b635-dd38-928593ec0e41.png","width":4850,"height":3203,"caption":"Remar"},"image":{"@id":"https:\/\/remar.ch\/it\/#\/schema\/logo\/image\/"},"sameAs":["https:\/\/www.facebook.com\/RemarSchweiz\/?locale=de_DE","https:\/\/x.com\/remar_schweiz"]}]}},"_links":{"self":[{"href":"https:\/\/remar.ch\/it\/wp-json\/wp\/v2\/pages\/10490","targetHints":{"allow":["GET"]}}],"collection":[{"href":"https:\/\/remar.ch\/it\/wp-json\/wp\/v2\/pages"}],"about":[{"href":"https:\/\/remar.ch\/it\/wp-json\/wp\/v2\/types\/page"}],"author":[{"embeddable":true,"href":"https:\/\/remar.ch\/it\/wp-json\/wp\/v2\/users\/1"}],"replies":[{"embeddable":true,"href":"https:\/\/remar.ch\/it\/wp-json\/wp\/v2\/comments?post=10490"}],"version-history":[{"count":5,"href":"https:\/\/remar.ch\/it\/wp-json\/wp\/v2\/pages\/10490\/revisions"}],"predecessor-version":[{"id":12715,"href":"https:\/\/remar.ch\/it\/wp-json\/wp\/v2\/pages\/10490\/revisions\/12715"}],"wp:attachment":[{"href":"https:\/\/remar.ch\/it\/wp-json\/wp\/v2\/media?parent=10490"}],"curies":[{"name":"wp","href":"https:\/\/api.w.org\/{rel}","templated":true}]}}